{"id":85779,"date":"2025-11-11T08:40:46","date_gmt":"2025-11-11T07:40:46","guid":{"rendered":"https:\/\/tornedalens.com\/?post_type=product&#038;p=85779"},"modified":"2025-11-11T08:41:54","modified_gmt":"2025-11-11T07:41:54","slug":"ulloverall-storrelse-110-rod-monster-kopia","status":"publish","type":"product","link":"https:\/\/tornedalens.com\/no\/butik\/barn\/uttak\/ulloverall-storrelse-110-rod-monster-kopia\/","title":{"rendered":"Ulloverall st\u00f8rrelse 110 beige\/spinnett"},"content":{"rendered":"<p>Kjeledressen er elastisk i \u00f8kologisk bomull ved armer, ben og hals. P\u00e5 ryggen er det en l\u00f8kke for oppheng. Opp til st\u00f8rrelse 90 er det ekstra plass til en bleie.  <\/p>\n<p><strong>Se st\u00f8rrelsesguiden for \u00e5 finne riktig st\u00f8rrelse.<\/strong><\/p>\n<p>Materialet er \u00d8ko-Tex-merket saueull.<\/p>\n<p>Ullvask p\u00e5 30 grader.<\/p>\n<p>Laget i Finland.<\/p>\n","protected":false},"excerpt":{"rendered":"<p>Kjeledressen er elastisk i \u00f8kologisk bomull ved armer, ben og hals. P\u00e5 ryggen er det en l\u00f8kke for oppheng. Opp [&hellip;]<\/p>\n","protected":false},"featured_media":85781,"template":"","meta":{"site-sidebar-layout":"default","site-content-layout":"","ast-site-content-layout":"default","site-content-style":"default","site-sidebar-style":"default","ast-global-header-display":"","ast-banner-title-visibility":"","ast-main-header-display":"","ast-hfb-above-header-display":"","ast-hfb-below-header-display":"","ast-hfb-mobile-header-display":"","site-post-title":"","ast-breadcrumbs-content":"","ast-featured-img":"","footer-sml-layout":"","ast-disable-related-posts":"","theme-transparent-header-meta":"default","adv-header-id-meta":"","stick-header-meta":"","header-above-stick-meta":"","header-main-stick-meta":"","header-below-stick-meta":"","astra-migrate-meta-layouts":"set","ast-page-background-enabled":"default","ast-page-background-meta":{"desktop":{"background-color":"var(--ast-global-color-5)","background-image":"","background-repeat":"repeat","background-position":"center center","background-size":"auto","background-attachment":"scroll","background-type":"","background-media":"","overlay-type":"","overlay-color":"","overlay-opacity":"","overlay-gradient":""},"tablet":{"background-color":"","background-image":"","background-repeat":"repeat","background-position":"center center","background-size":"auto","background-attachment":"scroll","background-type":"","background-media":"","overlay-type":"","overlay-color":"","overlay-opacity":"","overlay-gradient":""},"mobile":{"background-color":"","background-image":"","background-repeat":"repeat","background-position":"center center","background-size":"auto","background-attachment":"scroll","background-type":"","background-media":"","overlay-type":"","overlay-color":"","overlay-opacity":"","overlay-gradient":""}},"ast-content-background-meta":{"desktop":{"background-color":"var(--ast-global-color-4)","background-image":"","background-repeat":"repeat","background-position":"center center","background-size":"auto","background-attachment":"scroll","background-type":"","background-media":"","overlay-type":"","overlay-color":"","overlay-opacity":"","overlay-gradient":""},"tablet":{"background-color":"var(--ast-global-color-4)","background-image":"","background-repeat":"repeat","background-position":"center center","background-size":"auto","background-attachment":"scroll","background-type":"","background-media":"","overlay-type":"","overlay-color":"","overlay-opacity":"","overlay-gradient":""},"mobile":{"background-color":"var(--ast-global-color-4)","background-image":"","background-repeat":"repeat","background-position":"center center","background-size":"auto","background-attachment":"scroll","background-type":"","background-media":"","overlay-type":"","overlay-color":"","overlay-opacity":"","overlay-gradient":""}}},"product_brand":[],"product_cat":[254,262],"product_tag":[],"giftcard-category":[],"class_list":{"0":"post-85779","1":"product","2":"type-product","3":"status-publish","4":"has-post-thumbnail","6":"product_cat-barn","7":"product_cat-uttak","8":"desktop-align-left","9":"tablet-align-left","10":"mobile-align-left","12":"first","13":"outofstock","14":"sale","15":"taxable","16":"shipping-taxable","17":"purchasable","18":"product-type-simple"},"yoast_head":"<!-- This site is optimized with the Yoast SEO plugin v27.2 - https:\/\/yoast.com\/product\/yoast-seo-wordpress\/ -->\n<title>Ulloverall st\u00f8rrelse 110 beige\/spinnett - Tornedalens Textil<\/title>\n<meta name=\"robots\" content=\"index, follow, max-snippet:-1, max-image-preview:large, max-video-preview:-1\" \/>\n<link rel=\"canonical\" href=\"https:\/\/tornedalens.com\/no\/butik\/barn\/uttak\/ulloverall-storrelse-110-rod-monster-kopia\/\" \/>\n<meta property=\"og:locale\" content=\"nb_NO\" \/>\n<meta property=\"og:type\" content=\"article\" \/>\n<meta property=\"og:title\" content=\"Ulloverall st\u00f8rrelse 110 beige\/spinnett - Tornedalens Textil\" \/>\n<meta property=\"og:description\" content=\"Kjeledressen er elastisk i \u00f8kologisk bomull ved armer, ben og hals. P\u00e5 ryggen er det en l\u00f8kke for oppheng. Opp [&hellip;]\" \/>\n<meta property=\"og:url\" content=\"https:\/\/tornedalens.com\/no\/butik\/barn\/uttak\/ulloverall-storrelse-110-rod-monster-kopia\/\" \/>\n<meta property=\"og:site_name\" content=\"Tornedalens Textil\" \/>\n<meta property=\"article:publisher\" content=\"https:\/\/www.facebook.com\/tornedalenshandskar\" \/>\n<meta property=\"article:modified_time\" content=\"2025-11-11T07:41:54+00:00\" \/>\n<meta property=\"og:image\" content=\"https:\/\/tornedalens.com\/wp-content\/uploads\/2025\/11\/IMG_8021.jpg\" \/>\n\t<meta property=\"og:image:width\" content=\"1792\" \/>\n\t<meta property=\"og:image:height\" content=\"1792\" \/>\n\t<meta property=\"og:image:type\" content=\"image\/jpeg\" \/>\n<meta name=\"twitter:card\" content=\"summary_large_image\" \/>\n<script type=\"application\/ld+json\" class=\"yoast-schema-graph\">{\"@context\":\"https:\/\/schema.org\",\"@graph\":[{\"@type\":\"WebPage\",\"@id\":\"https:\/\/tornedalens.com\/no\/butik\/barn\/uttak\/ulloverall-storrelse-110-rod-monster-kopia\/\",\"url\":\"https:\/\/tornedalens.com\/no\/butik\/barn\/uttak\/ulloverall-storrelse-110-rod-monster-kopia\/\",\"name\":\"Ulloverall st\u00f8rrelse 110 beige\/spinnett - Tornedalens Textil\",\"isPartOf\":{\"@id\":\"https:\/\/tornedalens.com\/no\/#website\"},\"primaryImageOfPage\":{\"@id\":\"https:\/\/tornedalens.com\/no\/butik\/barn\/uttak\/ulloverall-storrelse-110-rod-monster-kopia\/#primaryimage\"},\"image\":{\"@id\":\"https:\/\/tornedalens.com\/no\/butik\/barn\/uttak\/ulloverall-storrelse-110-rod-monster-kopia\/#primaryimage\"},\"thumbnailUrl\":\"https:\/\/tornedalens.com\/wp-content\/uploads\/2025\/11\/IMG_8021.jpg\",\"datePublished\":\"2025-11-11T07:40:46+00:00\",\"dateModified\":\"2025-11-11T07:41:54+00:00\",\"breadcrumb\":{\"@id\":\"https:\/\/tornedalens.com\/no\/butik\/barn\/uttak\/ulloverall-storrelse-110-rod-monster-kopia\/#breadcrumb\"},\"inLanguage\":\"nb-NO\",\"potentialAction\":[{\"@type\":\"ReadAction\",\"target\":[\"https:\/\/tornedalens.com\/no\/butik\/barn\/uttak\/ulloverall-storrelse-110-rod-monster-kopia\/\"]}]},{\"@type\":\"ImageObject\",\"inLanguage\":\"nb-NO\",\"@id\":\"https:\/\/tornedalens.com\/no\/butik\/barn\/uttak\/ulloverall-storrelse-110-rod-monster-kopia\/#primaryimage\",\"url\":\"https:\/\/tornedalens.com\/wp-content\/uploads\/2025\/11\/IMG_8021.jpg\",\"contentUrl\":\"https:\/\/tornedalens.com\/wp-content\/uploads\/2025\/11\/IMG_8021.jpg\",\"width\":1792,\"height\":1792},{\"@type\":\"BreadcrumbList\",\"@id\":\"https:\/\/tornedalens.com\/no\/butik\/barn\/uttak\/ulloverall-storrelse-110-rod-monster-kopia\/#breadcrumb\",\"itemListElement\":[{\"@type\":\"ListItem\",\"position\":1,\"name\":\"Hem\",\"item\":\"https:\/\/tornedalens.com\/no\/butikk-2\/\"},{\"@type\":\"ListItem\",\"position\":2,\"name\":\"Butikk\",\"item\":\"https:\/\/tornedalens.com\/no\/butikk\/\"},{\"@type\":\"ListItem\",\"position\":3,\"name\":\"Ulloverall st\u00f8rrelse 110 beige\/spinnett\"}]},{\"@type\":\"WebSite\",\"@id\":\"https:\/\/tornedalens.com\/no\/#website\",\"url\":\"https:\/\/tornedalens.com\/no\/\",\"name\":\"Tornedalens Textil\",\"description\":\"Handskar till b\u00e5de barn &amp; vuxna\",\"publisher\":{\"@id\":\"https:\/\/tornedalens.com\/no\/#organization\"},\"potentialAction\":[{\"@type\":\"SearchAction\",\"target\":{\"@type\":\"EntryPoint\",\"urlTemplate\":\"https:\/\/tornedalens.com\/no\/?s={search_term_string}\"},\"query-input\":{\"@type\":\"PropertyValueSpecification\",\"valueRequired\":true,\"valueName\":\"search_term_string\"}}],\"inLanguage\":\"nb-NO\"},{\"@type\":\"Organization\",\"@id\":\"https:\/\/tornedalens.com\/no\/#organization\",\"name\":\"Tornedalens Textil\",\"url\":\"https:\/\/tornedalens.com\/no\/\",\"logo\":{\"@type\":\"ImageObject\",\"inLanguage\":\"nb-NO\",\"@id\":\"https:\/\/tornedalens.com\/no\/#\/schema\/logo\/image\/\",\"url\":\"https:\/\/tornedalens.com\/wp-content\/uploads\/2022\/04\/logo-tornedalens-textil-small.png\",\"contentUrl\":\"https:\/\/tornedalens.com\/wp-content\/uploads\/2022\/04\/logo-tornedalens-textil-small.png\",\"width\":235,\"height\":49,\"caption\":\"Tornedalens Textil\"},\"image\":{\"@id\":\"https:\/\/tornedalens.com\/no\/#\/schema\/logo\/image\/\"},\"sameAs\":[\"https:\/\/www.facebook.com\/tornedalenshandskar\",\"https:\/\/www.instagram.com\/tornedalens.textil\/\"]}]}<\/script>\n<!-- \/ Yoast SEO plugin. -->","yoast_head_json":{"title":"Ulloverall st\u00f8rrelse 110 beige\/spinnett - Tornedalens Textil","robots":{"index":"index","follow":"follow","max-snippet":"max-snippet:-1","max-image-preview":"max-image-preview:large","max-video-preview":"max-video-preview:-1"},"canonical":"https:\/\/tornedalens.com\/no\/butik\/barn\/uttak\/ulloverall-storrelse-110-rod-monster-kopia\/","og_locale":"nb_NO","og_type":"article","og_title":"Ulloverall st\u00f8rrelse 110 beige\/spinnett - Tornedalens Textil","og_description":"Kjeledressen er elastisk i \u00f8kologisk bomull ved armer, ben og hals. P\u00e5 ryggen er det en l\u00f8kke for oppheng. Opp [&hellip;]","og_url":"https:\/\/tornedalens.com\/no\/butik\/barn\/uttak\/ulloverall-storrelse-110-rod-monster-kopia\/","og_site_name":"Tornedalens Textil","article_publisher":"https:\/\/www.facebook.com\/tornedalenshandskar","article_modified_time":"2025-11-11T07:41:54+00:00","og_image":[{"width":1792,"height":1792,"url":"https:\/\/tornedalens.com\/wp-content\/uploads\/2025\/11\/IMG_8021.jpg","type":"image\/jpeg"}],"twitter_card":"summary_large_image","schema":{"@context":"https:\/\/schema.org","@graph":[{"@type":"WebPage","@id":"https:\/\/tornedalens.com\/no\/butik\/barn\/uttak\/ulloverall-storrelse-110-rod-monster-kopia\/","url":"https:\/\/tornedalens.com\/no\/butik\/barn\/uttak\/ulloverall-storrelse-110-rod-monster-kopia\/","name":"Ulloverall st\u00f8rrelse 110 beige\/spinnett - Tornedalens Textil","isPartOf":{"@id":"https:\/\/tornedalens.com\/no\/#website"},"primaryImageOfPage":{"@id":"https:\/\/tornedalens.com\/no\/butik\/barn\/uttak\/ulloverall-storrelse-110-rod-monster-kopia\/#primaryimage"},"image":{"@id":"https:\/\/tornedalens.com\/no\/butik\/barn\/uttak\/ulloverall-storrelse-110-rod-monster-kopia\/#primaryimage"},"thumbnailUrl":"https:\/\/tornedalens.com\/wp-content\/uploads\/2025\/11\/IMG_8021.jpg","datePublished":"2025-11-11T07:40:46+00:00","dateModified":"2025-11-11T07:41:54+00:00","breadcrumb":{"@id":"https:\/\/tornedalens.com\/no\/butik\/barn\/uttak\/ulloverall-storrelse-110-rod-monster-kopia\/#breadcrumb"},"inLanguage":"nb-NO","potentialAction":[{"@type":"ReadAction","target":["https:\/\/tornedalens.com\/no\/butik\/barn\/uttak\/ulloverall-storrelse-110-rod-monster-kopia\/"]}]},{"@type":"ImageObject","inLanguage":"nb-NO","@id":"https:\/\/tornedalens.com\/no\/butik\/barn\/uttak\/ulloverall-storrelse-110-rod-monster-kopia\/#primaryimage","url":"https:\/\/tornedalens.com\/wp-content\/uploads\/2025\/11\/IMG_8021.jpg","contentUrl":"https:\/\/tornedalens.com\/wp-content\/uploads\/2025\/11\/IMG_8021.jpg","width":1792,"height":1792},{"@type":"BreadcrumbList","@id":"https:\/\/tornedalens.com\/no\/butik\/barn\/uttak\/ulloverall-storrelse-110-rod-monster-kopia\/#breadcrumb","itemListElement":[{"@type":"ListItem","position":1,"name":"Hem","item":"https:\/\/tornedalens.com\/no\/butikk-2\/"},{"@type":"ListItem","position":2,"name":"Butikk","item":"https:\/\/tornedalens.com\/no\/butikk\/"},{"@type":"ListItem","position":3,"name":"Ulloverall st\u00f8rrelse 110 beige\/spinnett"}]},{"@type":"WebSite","@id":"https:\/\/tornedalens.com\/no\/#website","url":"https:\/\/tornedalens.com\/no\/","name":"Tornedalens Textil","description":"Handskar till b\u00e5de barn &amp; vuxna","publisher":{"@id":"https:\/\/tornedalens.com\/no\/#organization"},"potentialAction":[{"@type":"SearchAction","target":{"@type":"EntryPoint","urlTemplate":"https:\/\/tornedalens.com\/no\/?s={search_term_string}"},"query-input":{"@type":"PropertyValueSpecification","valueRequired":true,"valueName":"search_term_string"}}],"inLanguage":"nb-NO"},{"@type":"Organization","@id":"https:\/\/tornedalens.com\/no\/#organization","name":"Tornedalens Textil","url":"https:\/\/tornedalens.com\/no\/","logo":{"@type":"ImageObject","inLanguage":"nb-NO","@id":"https:\/\/tornedalens.com\/no\/#\/schema\/logo\/image\/","url":"https:\/\/tornedalens.com\/wp-content\/uploads\/2022\/04\/logo-tornedalens-textil-small.png","contentUrl":"https:\/\/tornedalens.com\/wp-content\/uploads\/2022\/04\/logo-tornedalens-textil-small.png","width":235,"height":49,"caption":"Tornedalens Textil"},"image":{"@id":"https:\/\/tornedalens.com\/no\/#\/schema\/logo\/image\/"},"sameAs":["https:\/\/www.facebook.com\/tornedalenshandskar","https:\/\/www.instagram.com\/tornedalens.textil\/"]}]}},"_links":{"self":[{"href":"https:\/\/tornedalens.com\/no\/wp-json\/wp\/v2\/product\/85779","targetHints":{"allow":["GET"]}}],"collection":[{"href":"https:\/\/tornedalens.com\/no\/wp-json\/wp\/v2\/product"}],"about":[{"href":"https:\/\/tornedalens.com\/no\/wp-json\/wp\/v2\/types\/product"}],"version-history":[{"count":0,"href":"https:\/\/tornedalens.com\/no\/wp-json\/wp\/v2\/product\/85779\/revisions"}],"wp:featuredmedia":[{"embeddable":true,"href":"https:\/\/tornedalens.com\/no\/wp-json\/wp\/v2\/media\/85781"}],"wp:attachment":[{"href":"https:\/\/tornedalens.com\/no\/wp-json\/wp\/v2\/media?parent=85779"}],"wp:term":[{"taxonomy":"product_brand","embeddable":true,"href":"https:\/\/tornedalens.com\/no\/wp-json\/wp\/v2\/product_brand?post=85779"},{"taxonomy":"product_cat","embeddable":true,"href":"https:\/\/tornedalens.com\/no\/wp-json\/wp\/v2\/product_cat?post=85779"},{"taxonomy":"product_tag","embeddable":true,"href":"https:\/\/tornedalens.com\/no\/wp-json\/wp\/v2\/product_tag?post=85779"},{"taxonomy":"giftcard-category","embeddable":true,"href":"https:\/\/tornedalens.com\/no\/wp-json\/wp\/v2\/giftcard-category?post=85779"}],"curies":[{"name":"wp","href":"https:\/\/api.w.org\/{rel}","templated":true}]}}