{"id":83469,"date":"2025-09-27T20:43:44","date_gmt":"2025-09-27T18:43:44","guid":{"rendered":"https:\/\/tornedalens.com\/?post_type=product&#038;p=83469"},"modified":"2025-09-28T07:00:53","modified_gmt":"2025-09-28T05:00:53","slug":"merinoullsokker-med-los-strikk-gra-kopia","status":"publish","type":"product","link":"https:\/\/tornedalens.com\/no\/butik\/voksne\/sokker\/merinoullsokker-med-los-strikk-gra-kopia\/","title":{"rendered":"Merinoullsokker med l\u00f8s strikk \/ Bj\u00f8rnegr\u00f8t"},"content":{"rendered":"<p>Laget i Finland, som alle v\u00e5re produkter, og p\u00e5 den eneste sokkefabrikken i Europa som bruker NATIVA <a href=\"https:\/\/sukkamestarit.com\/en-eu\/blogs\/socks-that-feel-like-life-blog\/nativa-merinovilla-luonto?_gl=1*b8gll7*_up*MQ..*_gs*MQ..&amp;gclid=CjwKCAiA5eC9BhAuEiwA3CKwQqGrokcKMLhdsTr7szf2BTYlTgnj_3cj259C3N2Dkax2k9mH1EJbPxoCywwQAvD_BwE&amp;gbraid=0AAAAADQpXA7GE_cfp5gov4IO6lBz5lhgD\" target=\"_blank\" rel=\"noopener\">merinoull<\/a>. NATIVA merinoull st\u00f8tter mennesker, dyr og natur. <\/p>\n<ul class=\"metafield-single_line_text_field-array\">\n<li class=\"metafield-single_line_text_field\">56 % ull &#8211; merino<\/li>\n<li class=\"metafield-single_line_text_field\">NATIVA<\/li>\n<li class=\"metafield-single_line_text_field\">44 % polyamid<\/li>\n<li class=\"metafield-single_line_text_field\">Godt \u00e5 vite:\n<div class=\"metafield-rich_text_field\">\n<ul>\n<li>Vi anbefaler at du vasker sokkene i merinoull f\u00f8r du bruker dem.<\/li>\n<li>Som oftest er det nok \u00e5 lufte den.<\/li>\n<li>maks 40 grader og sk\u00e5nsom vask.<\/li>\n<li>bruk lavest mulig sentrifugeringshastighet.<\/li>\n<li>bruk av vaskeposer gir mindre belastning p\u00e5 produktene.<\/li>\n<li>ikke bruk blekemiddel eller t\u00f8ymykner.<\/li>\n<li>ikke kj\u00f8res i t\u00f8rketrommel eller t\u00f8rkeprogram.<\/li>\n<li>Sokkene krymper i vask, strekk og stram dem til sin opprinnelige st\u00f8rrelse etter vask.<\/li>\n<\/ul>\n<\/div>\n<\/li>\n<\/ul>\n","protected":false},"excerpt":{"rendered":"<p>L\u00f8se sokker med strikk passer best for dem som har hevelser rundt beina, eller for dem som synes vanlige sokker strammer rundt anklene og leggene. Sokkene egner seg b\u00e5de til hverdags og fest. <\/p>\n","protected":false},"featured_media":82569,"template":"","meta":{"site-sidebar-layout":"default","site-content-layout":"","ast-site-content-layout":"default","site-content-style":"default","site-sidebar-style":"default","ast-global-header-display":"","ast-banner-title-visibility":"","ast-main-header-display":"","ast-hfb-above-header-display":"","ast-hfb-below-header-display":"","ast-hfb-mobile-header-display":"","site-post-title":"","ast-breadcrumbs-content":"","ast-featured-img":"","footer-sml-layout":"","ast-disable-related-posts":"","theme-transparent-header-meta":"default","adv-header-id-meta":"","stick-header-meta":"","header-above-stick-meta":"","header-main-stick-meta":"","header-below-stick-meta":"","astra-migrate-meta-layouts":"set","ast-page-background-enabled":"default","ast-page-background-meta":{"desktop":{"background-color":"var(--ast-global-color-5)","background-image":"","background-repeat":"repeat","background-position":"center center","background-size":"auto","background-attachment":"scroll","background-type":"","background-media":"","overlay-type":"","overlay-color":"","overlay-opacity":"","overlay-gradient":""},"tablet":{"background-color":"","background-image":"","background-repeat":"repeat","background-position":"center center","background-size":"auto","background-attachment":"scroll","background-type":"","background-media":"","overlay-type":"","overlay-color":"","overlay-opacity":"","overlay-gradient":""},"mobile":{"background-color":"","background-image":"","background-repeat":"repeat","background-position":"center center","background-size":"auto","background-attachment":"scroll","background-type":"","background-media":"","overlay-type":"","overlay-color":"","overlay-opacity":"","overlay-gradient":""}},"ast-content-background-meta":{"desktop":{"background-color":"var(--ast-global-color-4)","background-image":"","background-repeat":"repeat","background-position":"center center","background-size":"auto","background-attachment":"scroll","background-type":"","background-media":"","overlay-type":"","overlay-color":"","overlay-opacity":"","overlay-gradient":""},"tablet":{"background-color":"var(--ast-global-color-4)","background-image":"","background-repeat":"repeat","background-position":"center center","background-size":"auto","background-attachment":"scroll","background-type":"","background-media":"","overlay-type":"","overlay-color":"","overlay-opacity":"","overlay-gradient":""},"mobile":{"background-color":"var(--ast-global-color-4)","background-image":"","background-repeat":"repeat","background-position":"center center","background-size":"auto","background-attachment":"scroll","background-type":"","background-media":"","overlay-type":"","overlay-color":"","overlay-opacity":"","overlay-gradient":""}}},"product_brand":[],"product_cat":[331],"product_tag":[],"giftcard-category":[],"class_list":{"0":"post-83469","1":"product","2":"type-product","3":"status-publish","4":"has-post-thumbnail","6":"product_cat-sokker","7":"desktop-align-left","8":"tablet-align-left","9":"mobile-align-left","11":"first","12":"instock","13":"taxable","14":"shipping-taxable","15":"purchasable","16":"product-type-variable"},"yoast_head":"<!-- This site is optimized with the Yoast SEO plugin v27.2 - https:\/\/yoast.com\/product\/yoast-seo-wordpress\/ -->\n<title>Ullsokker for voksne<\/title>\n<meta name=\"description\" content=\"Hold f\u00f8ttene varme og t\u00f8rre med v\u00e5re myke, slitesterke sokker i merinoull. Det naturlige materialet som b\u00e5de varmer og avgir overskuddsvarme.\" \/>\n<meta name=\"robots\" content=\"index, follow, max-snippet:-1, max-image-preview:large, max-video-preview:-1\" \/>\n<link rel=\"canonical\" href=\"https:\/\/tornedalens.com\/no\/butik\/voksne\/sokker\/merinoullsokker-med-los-strikk-gra-kopia\/\" \/>\n<meta property=\"og:locale\" content=\"nb_NO\" \/>\n<meta property=\"og:type\" content=\"article\" \/>\n<meta property=\"og:title\" content=\"Ullsokker for voksne\" \/>\n<meta property=\"og:description\" content=\"Hold f\u00f8ttene varme og t\u00f8rre med v\u00e5re myke, slitesterke sokker i merinoull. Det naturlige materialet som b\u00e5de varmer og avgir overskuddsvarme.\" \/>\n<meta property=\"og:url\" content=\"https:\/\/tornedalens.com\/no\/butik\/voksne\/sokker\/merinoullsokker-med-los-strikk-gra-kopia\/\" \/>\n<meta property=\"og:site_name\" content=\"Tornedalens Textil\" \/>\n<meta property=\"article:publisher\" content=\"https:\/\/www.facebook.com\/tornedalenshandskar\" \/>\n<meta property=\"article:modified_time\" content=\"2025-09-28T05:00:53+00:00\" \/>\n<meta property=\"og:image\" content=\"https:\/\/tornedalens.com\/wp-content\/uploads\/2025\/02\/9526-152.jpg\" \/>\n\t<meta property=\"og:image:width\" content=\"1500\" \/>\n\t<meta property=\"og:image:height\" content=\"1500\" \/>\n\t<meta property=\"og:image:type\" content=\"image\/jpeg\" \/>\n<meta name=\"twitter:card\" content=\"summary_large_image\" \/>\n<meta name=\"twitter:label1\" content=\"Ansl. lesetid\" \/>\n\t<meta name=\"twitter:data1\" content=\"1 minutt\" \/>\n<script type=\"application\/ld+json\" class=\"yoast-schema-graph\">{\"@context\":\"https:\/\/schema.org\",\"@graph\":[{\"@type\":\"WebPage\",\"@id\":\"https:\/\/tornedalens.com\/no\/butik\/voksne\/sokker\/merinoullsokker-med-los-strikk-gra-kopia\/\",\"url\":\"https:\/\/tornedalens.com\/no\/butik\/voksne\/sokker\/merinoullsokker-med-los-strikk-gra-kopia\/\",\"name\":\"Ullsokker for voksne\",\"isPartOf\":{\"@id\":\"https:\/\/tornedalens.com\/no\/#website\"},\"primaryImageOfPage\":{\"@id\":\"https:\/\/tornedalens.com\/no\/butik\/voksne\/sokker\/merinoullsokker-med-los-strikk-gra-kopia\/#primaryimage\"},\"image\":{\"@id\":\"https:\/\/tornedalens.com\/no\/butik\/voksne\/sokker\/merinoullsokker-med-los-strikk-gra-kopia\/#primaryimage\"},\"thumbnailUrl\":\"https:\/\/tornedalens.com\/wp-content\/uploads\/2025\/02\/9526-152.jpg\",\"datePublished\":\"2025-09-27T18:43:44+00:00\",\"dateModified\":\"2025-09-28T05:00:53+00:00\",\"description\":\"Hold f\u00f8ttene varme og t\u00f8rre med v\u00e5re myke, slitesterke sokker i merinoull. Det naturlige materialet som b\u00e5de varmer og avgir overskuddsvarme.\",\"breadcrumb\":{\"@id\":\"https:\/\/tornedalens.com\/no\/butik\/voksne\/sokker\/merinoullsokker-med-los-strikk-gra-kopia\/#breadcrumb\"},\"inLanguage\":\"nb-NO\",\"potentialAction\":[{\"@type\":\"ReadAction\",\"target\":[\"https:\/\/tornedalens.com\/no\/butik\/voksne\/sokker\/merinoullsokker-med-los-strikk-gra-kopia\/\"]}]},{\"@type\":\"ImageObject\",\"inLanguage\":\"nb-NO\",\"@id\":\"https:\/\/tornedalens.com\/no\/butik\/voksne\/sokker\/merinoullsokker-med-los-strikk-gra-kopia\/#primaryimage\",\"url\":\"https:\/\/tornedalens.com\/wp-content\/uploads\/2025\/02\/9526-152.jpg\",\"contentUrl\":\"https:\/\/tornedalens.com\/wp-content\/uploads\/2025\/02\/9526-152.jpg\",\"width\":1500,\"height\":1500},{\"@type\":\"BreadcrumbList\",\"@id\":\"https:\/\/tornedalens.com\/no\/butik\/voksne\/sokker\/merinoullsokker-med-los-strikk-gra-kopia\/#breadcrumb\",\"itemListElement\":[{\"@type\":\"ListItem\",\"position\":1,\"name\":\"Hem\",\"item\":\"https:\/\/tornedalens.com\/no\/butikk-2\/\"},{\"@type\":\"ListItem\",\"position\":2,\"name\":\"Butikk\",\"item\":\"https:\/\/tornedalens.com\/no\/butikk\/\"},{\"@type\":\"ListItem\",\"position\":3,\"name\":\"Merinoullsokker med l\u00f8s strikk \/ Bj\u00f8rnegr\u00f8t\"}]},{\"@type\":\"WebSite\",\"@id\":\"https:\/\/tornedalens.com\/no\/#website\",\"url\":\"https:\/\/tornedalens.com\/no\/\",\"name\":\"Tornedalens Textil\",\"description\":\"Handskar till b\u00e5de barn &amp; vuxna\",\"publisher\":{\"@id\":\"https:\/\/tornedalens.com\/no\/#organization\"},\"potentialAction\":[{\"@type\":\"SearchAction\",\"target\":{\"@type\":\"EntryPoint\",\"urlTemplate\":\"https:\/\/tornedalens.com\/no\/?s={search_term_string}\"},\"query-input\":{\"@type\":\"PropertyValueSpecification\",\"valueRequired\":true,\"valueName\":\"search_term_string\"}}],\"inLanguage\":\"nb-NO\"},{\"@type\":\"Organization\",\"@id\":\"https:\/\/tornedalens.com\/no\/#organization\",\"name\":\"Tornedalens Textil\",\"url\":\"https:\/\/tornedalens.com\/no\/\",\"logo\":{\"@type\":\"ImageObject\",\"inLanguage\":\"nb-NO\",\"@id\":\"https:\/\/tornedalens.com\/no\/#\/schema\/logo\/image\/\",\"url\":\"https:\/\/tornedalens.com\/wp-content\/uploads\/2022\/04\/logo-tornedalens-textil-small.png\",\"contentUrl\":\"https:\/\/tornedalens.com\/wp-content\/uploads\/2022\/04\/logo-tornedalens-textil-small.png\",\"width\":235,\"height\":49,\"caption\":\"Tornedalens Textil\"},\"image\":{\"@id\":\"https:\/\/tornedalens.com\/no\/#\/schema\/logo\/image\/\"},\"sameAs\":[\"https:\/\/www.facebook.com\/tornedalenshandskar\",\"https:\/\/www.instagram.com\/tornedalens.textil\/\"]}]}<\/script>\n<!-- \/ Yoast SEO plugin. -->","yoast_head_json":{"title":"Ullsokker for voksne","description":"Hold f\u00f8ttene varme og t\u00f8rre med v\u00e5re myke, slitesterke sokker i merinoull. Det naturlige materialet som b\u00e5de varmer og avgir overskuddsvarme.","robots":{"index":"index","follow":"follow","max-snippet":"max-snippet:-1","max-image-preview":"max-image-preview:large","max-video-preview":"max-video-preview:-1"},"canonical":"https:\/\/tornedalens.com\/no\/butik\/voksne\/sokker\/merinoullsokker-med-los-strikk-gra-kopia\/","og_locale":"nb_NO","og_type":"article","og_title":"Ullsokker for voksne","og_description":"Hold f\u00f8ttene varme og t\u00f8rre med v\u00e5re myke, slitesterke sokker i merinoull. Det naturlige materialet som b\u00e5de varmer og avgir overskuddsvarme.","og_url":"https:\/\/tornedalens.com\/no\/butik\/voksne\/sokker\/merinoullsokker-med-los-strikk-gra-kopia\/","og_site_name":"Tornedalens Textil","article_publisher":"https:\/\/www.facebook.com\/tornedalenshandskar","article_modified_time":"2025-09-28T05:00:53+00:00","og_image":[{"width":1500,"height":1500,"url":"https:\/\/tornedalens.com\/wp-content\/uploads\/2025\/02\/9526-152.jpg","type":"image\/jpeg"}],"twitter_card":"summary_large_image","twitter_misc":{"Ansl. lesetid":"1 minutt"},"schema":{"@context":"https:\/\/schema.org","@graph":[{"@type":"WebPage","@id":"https:\/\/tornedalens.com\/no\/butik\/voksne\/sokker\/merinoullsokker-med-los-strikk-gra-kopia\/","url":"https:\/\/tornedalens.com\/no\/butik\/voksne\/sokker\/merinoullsokker-med-los-strikk-gra-kopia\/","name":"Ullsokker for voksne","isPartOf":{"@id":"https:\/\/tornedalens.com\/no\/#website"},"primaryImageOfPage":{"@id":"https:\/\/tornedalens.com\/no\/butik\/voksne\/sokker\/merinoullsokker-med-los-strikk-gra-kopia\/#primaryimage"},"image":{"@id":"https:\/\/tornedalens.com\/no\/butik\/voksne\/sokker\/merinoullsokker-med-los-strikk-gra-kopia\/#primaryimage"},"thumbnailUrl":"https:\/\/tornedalens.com\/wp-content\/uploads\/2025\/02\/9526-152.jpg","datePublished":"2025-09-27T18:43:44+00:00","dateModified":"2025-09-28T05:00:53+00:00","description":"Hold f\u00f8ttene varme og t\u00f8rre med v\u00e5re myke, slitesterke sokker i merinoull. Det naturlige materialet som b\u00e5de varmer og avgir overskuddsvarme.","breadcrumb":{"@id":"https:\/\/tornedalens.com\/no\/butik\/voksne\/sokker\/merinoullsokker-med-los-strikk-gra-kopia\/#breadcrumb"},"inLanguage":"nb-NO","potentialAction":[{"@type":"ReadAction","target":["https:\/\/tornedalens.com\/no\/butik\/voksne\/sokker\/merinoullsokker-med-los-strikk-gra-kopia\/"]}]},{"@type":"ImageObject","inLanguage":"nb-NO","@id":"https:\/\/tornedalens.com\/no\/butik\/voksne\/sokker\/merinoullsokker-med-los-strikk-gra-kopia\/#primaryimage","url":"https:\/\/tornedalens.com\/wp-content\/uploads\/2025\/02\/9526-152.jpg","contentUrl":"https:\/\/tornedalens.com\/wp-content\/uploads\/2025\/02\/9526-152.jpg","width":1500,"height":1500},{"@type":"BreadcrumbList","@id":"https:\/\/tornedalens.com\/no\/butik\/voksne\/sokker\/merinoullsokker-med-los-strikk-gra-kopia\/#breadcrumb","itemListElement":[{"@type":"ListItem","position":1,"name":"Hem","item":"https:\/\/tornedalens.com\/no\/butikk-2\/"},{"@type":"ListItem","position":2,"name":"Butikk","item":"https:\/\/tornedalens.com\/no\/butikk\/"},{"@type":"ListItem","position":3,"name":"Merinoullsokker med l\u00f8s strikk \/ Bj\u00f8rnegr\u00f8t"}]},{"@type":"WebSite","@id":"https:\/\/tornedalens.com\/no\/#website","url":"https:\/\/tornedalens.com\/no\/","name":"Tornedalens Textil","description":"Handskar till b\u00e5de barn &amp; vuxna","publisher":{"@id":"https:\/\/tornedalens.com\/no\/#organization"},"potentialAction":[{"@type":"SearchAction","target":{"@type":"EntryPoint","urlTemplate":"https:\/\/tornedalens.com\/no\/?s={search_term_string}"},"query-input":{"@type":"PropertyValueSpecification","valueRequired":true,"valueName":"search_term_string"}}],"inLanguage":"nb-NO"},{"@type":"Organization","@id":"https:\/\/tornedalens.com\/no\/#organization","name":"Tornedalens Textil","url":"https:\/\/tornedalens.com\/no\/","logo":{"@type":"ImageObject","inLanguage":"nb-NO","@id":"https:\/\/tornedalens.com\/no\/#\/schema\/logo\/image\/","url":"https:\/\/tornedalens.com\/wp-content\/uploads\/2022\/04\/logo-tornedalens-textil-small.png","contentUrl":"https:\/\/tornedalens.com\/wp-content\/uploads\/2022\/04\/logo-tornedalens-textil-small.png","width":235,"height":49,"caption":"Tornedalens Textil"},"image":{"@id":"https:\/\/tornedalens.com\/no\/#\/schema\/logo\/image\/"},"sameAs":["https:\/\/www.facebook.com\/tornedalenshandskar","https:\/\/www.instagram.com\/tornedalens.textil\/"]}]}},"_links":{"self":[{"href":"https:\/\/tornedalens.com\/no\/wp-json\/wp\/v2\/product\/83469","targetHints":{"allow":["GET"]}}],"collection":[{"href":"https:\/\/tornedalens.com\/no\/wp-json\/wp\/v2\/product"}],"about":[{"href":"https:\/\/tornedalens.com\/no\/wp-json\/wp\/v2\/types\/product"}],"version-history":[{"count":0,"href":"https:\/\/tornedalens.com\/no\/wp-json\/wp\/v2\/product\/83469\/revisions"}],"wp:featuredmedia":[{"embeddable":true,"href":"https:\/\/tornedalens.com\/no\/wp-json\/wp\/v2\/media\/82569"}],"wp:attachment":[{"href":"https:\/\/tornedalens.com\/no\/wp-json\/wp\/v2\/media?parent=83469"}],"wp:term":[{"taxonomy":"product_brand","embeddable":true,"href":"https:\/\/tornedalens.com\/no\/wp-json\/wp\/v2\/product_brand?post=83469"},{"taxonomy":"product_cat","embeddable":true,"href":"https:\/\/tornedalens.com\/no\/wp-json\/wp\/v2\/product_cat?post=83469"},{"taxonomy":"product_tag","embeddable":true,"href":"https:\/\/tornedalens.com\/no\/wp-json\/wp\/v2\/product_tag?post=83469"},{"taxonomy":"giftcard-category","embeddable":true,"href":"https:\/\/tornedalens.com\/no\/wp-json\/wp\/v2\/giftcard-category?post=83469"}],"curies":[{"name":"wp","href":"https:\/\/api.w.org\/{rel}","templated":true}]}}