{"id":82836,"date":"2025-08-30T21:54:53","date_gmt":"2025-08-30T19:54:53","guid":{"rendered":"https:\/\/tornedalens.com\/butik\/ukategorisert\/jumpsuit-i-merinoull-beige-150-cm\/"},"modified":"2025-10-30T18:02:58","modified_gmt":"2025-10-30T17:02:58","slug":"jumpsuit-i-merinoull-beige-150-cm","status":"publish","type":"product","link":"https:\/\/tornedalens.com\/no\/butik\/barn\/merinoullundertoy-for-barn\/jumpsuit-i-merinoull-beige-150-cm\/","title":{"rendered":"Jumpsuit i merinoull &#8211; Beige &#8211;&gt; 150 cm"},"content":{"rendered":"<p>Jumpsuiten er laget av mulesing-fri merinoull &#8211; et naturlig, mykt og varmende materiale som puster og f\u00f8les behagelig mot huden.<\/p>\n<p>Myk silkeullstrikk ved erme-, ben- og hals\u00e5pninger gir ekstra komfort og en tettsittende passform. P\u00e5 ryggen er det en praktisk l\u00f8kke for oppheng. St\u00f8rrelser opp til 90 har ekstra plass til bleier.  <\/p>\n<p>Jumpsuiten fungerer utmerket alene, som et mellomlag under ytterjumpsuiten eller n\u00e5r barnet sover i barnevognen.<\/p>\n<p>\u2714 Se <strong>st\u00f8rrelsesguiden<\/strong> for hjelp til \u00e5 finne riktig st\u00f8rrelse.<br \/>\n\u2714 <strong>Vask:<\/strong> Ullprogram 30 \u00b0C.<br \/>\n\u2714 <strong>Laget i Finland<\/strong>.<\/p>\n","protected":false},"excerpt":{"rendered":"<p>Jumpsuiten er laget av mulesing-fri merinoull &#8211; et naturlig, mykt og varmende materiale som puster og f\u00f8les behagelig mot huden. [&hellip;]<\/p>\n","protected":false},"featured_media":82839,"template":"","meta":{"site-sidebar-layout":"default","site-content-layout":"","ast-site-content-layout":"default","site-content-style":"default","site-sidebar-style":"default","ast-global-header-display":"","ast-banner-title-visibility":"","ast-main-header-display":"","ast-hfb-above-header-display":"","ast-hfb-below-header-display":"","ast-hfb-mobile-header-display":"","site-post-title":"","ast-breadcrumbs-content":"","ast-featured-img":"","footer-sml-layout":"","ast-disable-related-posts":"","theme-transparent-header-meta":"default","adv-header-id-meta":"","stick-header-meta":"","header-above-stick-meta":"","header-main-stick-meta":"","header-below-stick-meta":"","astra-migrate-meta-layouts":"default","ast-page-background-enabled":"default","ast-page-background-meta":{"desktop":{"background-color":"var(--ast-global-color-5)","background-image":"","background-repeat":"repeat","background-position":"center center","background-size":"auto","background-attachment":"scroll","background-type":"","background-media":"","overlay-type":"","overlay-color":"","overlay-opacity":"","overlay-gradient":""},"tablet":{"background-color":"","background-image":"","background-repeat":"repeat","background-position":"center center","background-size":"auto","background-attachment":"scroll","background-type":"","background-media":"","overlay-type":"","overlay-color":"","overlay-opacity":"","overlay-gradient":""},"mobile":{"background-color":"","background-image":"","background-repeat":"repeat","background-position":"center center","background-size":"auto","background-attachment":"scroll","background-type":"","background-media":"","overlay-type":"","overlay-color":"","overlay-opacity":"","overlay-gradient":""}},"ast-content-background-meta":{"desktop":{"background-color":"var(--ast-global-color-4)","background-image":"","background-repeat":"repeat","background-position":"center center","background-size":"auto","background-attachment":"scroll","background-type":"","background-media":"","overlay-type":"","overlay-color":"","overlay-opacity":"","overlay-gradient":""},"tablet":{"background-color":"var(--ast-global-color-4)","background-image":"","background-repeat":"repeat","background-position":"center center","background-size":"auto","background-attachment":"scroll","background-type":"","background-media":"","overlay-type":"","overlay-color":"","overlay-opacity":"","overlay-gradient":""},"mobile":{"background-color":"var(--ast-global-color-4)","background-image":"","background-repeat":"repeat","background-position":"center center","background-size":"auto","background-attachment":"scroll","background-type":"","background-media":"","overlay-type":"","overlay-color":"","overlay-opacity":"","overlay-gradient":""}}},"product_brand":[],"product_cat":[254,344],"product_tag":[],"giftcard-category":[],"class_list":{"0":"post-82836","1":"product","2":"type-product","3":"status-publish","4":"has-post-thumbnail","6":"product_cat-barn","7":"product_cat-merinoullundertoy-for-barn","8":"desktop-align-left","9":"tablet-align-left","10":"mobile-align-left","12":"first","13":"instock","14":"taxable","15":"shipping-taxable","16":"purchasable","17":"product-type-variable"},"yoast_head":"<!-- This site is optimized with the Yoast SEO plugin v27.2 - https:\/\/yoast.com\/product\/yoast-seo-wordpress\/ -->\n<title>Vintergensere og undert\u00f8y i merinoull til barn<\/title>\n<meta name=\"description\" content=\"Underlaget i merinoull holder deg varm selv i fuktig og v\u00e5tt v\u00e6r. Merinoull gj\u00f8r kjeledressen varm og pustende p\u00e5 samme tid.\" \/>\n<meta name=\"robots\" content=\"index, follow, max-snippet:-1, max-image-preview:large, max-video-preview:-1\" \/>\n<link rel=\"canonical\" href=\"https:\/\/tornedalens.com\/no\/butik\/barn\/merinoullundertoy-for-barn\/jumpsuit-i-merinoull-beige-150-cm\/\" \/>\n<meta property=\"og:locale\" content=\"nb_NO\" \/>\n<meta property=\"og:type\" content=\"article\" \/>\n<meta property=\"og:title\" content=\"Vintergensere og undert\u00f8y i merinoull til barn\" \/>\n<meta property=\"og:description\" content=\"Underlaget i merinoull holder deg varm selv i fuktig og v\u00e5tt v\u00e6r. Merinoull gj\u00f8r kjeledressen varm og pustende p\u00e5 samme tid.\" \/>\n<meta property=\"og:url\" content=\"https:\/\/tornedalens.com\/no\/butik\/barn\/merinoullundertoy-for-barn\/jumpsuit-i-merinoull-beige-150-cm\/\" \/>\n<meta property=\"og:site_name\" content=\"Tornedalens Textil\" \/>\n<meta property=\"article:publisher\" content=\"https:\/\/www.facebook.com\/tornedalenshandskar\" \/>\n<meta property=\"article:modified_time\" content=\"2025-10-30T17:02:58+00:00\" \/>\n<meta property=\"og:image\" content=\"https:\/\/tornedalens.com\/wp-content\/uploads\/2025\/08\/kivat-merino-overall-179-71-13-b.jpg\" \/>\n\t<meta property=\"og:image:width\" content=\"1200\" \/>\n\t<meta property=\"og:image:height\" content=\"1200\" \/>\n\t<meta property=\"og:image:type\" content=\"image\/jpeg\" \/>\n<meta name=\"twitter:card\" content=\"summary_large_image\" \/>\n<script type=\"application\/ld+json\" class=\"yoast-schema-graph\">{\"@context\":\"https:\/\/schema.org\",\"@graph\":[{\"@type\":\"WebPage\",\"@id\":\"https:\/\/tornedalens.com\/no\/butik\/barn\/merinoullundertoy-for-barn\/jumpsuit-i-merinoull-beige-150-cm\/\",\"url\":\"https:\/\/tornedalens.com\/no\/butik\/barn\/merinoullundertoy-for-barn\/jumpsuit-i-merinoull-beige-150-cm\/\",\"name\":\"Vintergensere og undert\u00f8y i merinoull til barn\",\"isPartOf\":{\"@id\":\"https:\/\/tornedalens.com\/no\/#website\"},\"primaryImageOfPage\":{\"@id\":\"https:\/\/tornedalens.com\/no\/butik\/barn\/merinoullundertoy-for-barn\/jumpsuit-i-merinoull-beige-150-cm\/#primaryimage\"},\"image\":{\"@id\":\"https:\/\/tornedalens.com\/no\/butik\/barn\/merinoullundertoy-for-barn\/jumpsuit-i-merinoull-beige-150-cm\/#primaryimage\"},\"thumbnailUrl\":\"https:\/\/tornedalens.com\/wp-content\/uploads\/2025\/08\/kivat-merino-overall-179-71-13-b.jpg\",\"datePublished\":\"2025-08-30T19:54:53+00:00\",\"dateModified\":\"2025-10-30T17:02:58+00:00\",\"description\":\"Underlaget i merinoull holder deg varm selv i fuktig og v\u00e5tt v\u00e6r. Merinoull gj\u00f8r kjeledressen varm og pustende p\u00e5 samme tid.\",\"breadcrumb\":{\"@id\":\"https:\/\/tornedalens.com\/no\/butik\/barn\/merinoullundertoy-for-barn\/jumpsuit-i-merinoull-beige-150-cm\/#breadcrumb\"},\"inLanguage\":\"nb-NO\",\"potentialAction\":[{\"@type\":\"ReadAction\",\"target\":[\"https:\/\/tornedalens.com\/no\/butik\/barn\/merinoullundertoy-for-barn\/jumpsuit-i-merinoull-beige-150-cm\/\"]}]},{\"@type\":\"ImageObject\",\"inLanguage\":\"nb-NO\",\"@id\":\"https:\/\/tornedalens.com\/no\/butik\/barn\/merinoullundertoy-for-barn\/jumpsuit-i-merinoull-beige-150-cm\/#primaryimage\",\"url\":\"https:\/\/tornedalens.com\/wp-content\/uploads\/2025\/08\/kivat-merino-overall-179-71-13-b.jpg\",\"contentUrl\":\"https:\/\/tornedalens.com\/wp-content\/uploads\/2025\/08\/kivat-merino-overall-179-71-13-b.jpg\",\"width\":1200,\"height\":1200},{\"@type\":\"BreadcrumbList\",\"@id\":\"https:\/\/tornedalens.com\/no\/butik\/barn\/merinoullundertoy-for-barn\/jumpsuit-i-merinoull-beige-150-cm\/#breadcrumb\",\"itemListElement\":[{\"@type\":\"ListItem\",\"position\":1,\"name\":\"Hem\",\"item\":\"https:\/\/tornedalens.com\/no\/butikk-2\/\"},{\"@type\":\"ListItem\",\"position\":2,\"name\":\"Butikk\",\"item\":\"https:\/\/tornedalens.com\/no\/butikk\/\"},{\"@type\":\"ListItem\",\"position\":3,\"name\":\"Jumpsuit i merinoull &#8211; Beige &#8211;&gt; 150 cm\"}]},{\"@type\":\"WebSite\",\"@id\":\"https:\/\/tornedalens.com\/no\/#website\",\"url\":\"https:\/\/tornedalens.com\/no\/\",\"name\":\"Tornedalens Textil\",\"description\":\"Handskar till b\u00e5de barn &amp; vuxna\",\"publisher\":{\"@id\":\"https:\/\/tornedalens.com\/no\/#organization\"},\"potentialAction\":[{\"@type\":\"SearchAction\",\"target\":{\"@type\":\"EntryPoint\",\"urlTemplate\":\"https:\/\/tornedalens.com\/no\/?s={search_term_string}\"},\"query-input\":{\"@type\":\"PropertyValueSpecification\",\"valueRequired\":true,\"valueName\":\"search_term_string\"}}],\"inLanguage\":\"nb-NO\"},{\"@type\":\"Organization\",\"@id\":\"https:\/\/tornedalens.com\/no\/#organization\",\"name\":\"Tornedalens Textil\",\"url\":\"https:\/\/tornedalens.com\/no\/\",\"logo\":{\"@type\":\"ImageObject\",\"inLanguage\":\"nb-NO\",\"@id\":\"https:\/\/tornedalens.com\/no\/#\/schema\/logo\/image\/\",\"url\":\"https:\/\/tornedalens.com\/wp-content\/uploads\/2022\/04\/logo-tornedalens-textil-small.png\",\"contentUrl\":\"https:\/\/tornedalens.com\/wp-content\/uploads\/2022\/04\/logo-tornedalens-textil-small.png\",\"width\":235,\"height\":49,\"caption\":\"Tornedalens Textil\"},\"image\":{\"@id\":\"https:\/\/tornedalens.com\/no\/#\/schema\/logo\/image\/\"},\"sameAs\":[\"https:\/\/www.facebook.com\/tornedalenshandskar\",\"https:\/\/www.instagram.com\/tornedalens.textil\/\"]}]}<\/script>\n<!-- \/ Yoast SEO plugin. -->","yoast_head_json":{"title":"Vintergensere og undert\u00f8y i merinoull til barn","description":"Underlaget i merinoull holder deg varm selv i fuktig og v\u00e5tt v\u00e6r. Merinoull gj\u00f8r kjeledressen varm og pustende p\u00e5 samme tid.","robots":{"index":"index","follow":"follow","max-snippet":"max-snippet:-1","max-image-preview":"max-image-preview:large","max-video-preview":"max-video-preview:-1"},"canonical":"https:\/\/tornedalens.com\/no\/butik\/barn\/merinoullundertoy-for-barn\/jumpsuit-i-merinoull-beige-150-cm\/","og_locale":"nb_NO","og_type":"article","og_title":"Vintergensere og undert\u00f8y i merinoull til barn","og_description":"Underlaget i merinoull holder deg varm selv i fuktig og v\u00e5tt v\u00e6r. Merinoull gj\u00f8r kjeledressen varm og pustende p\u00e5 samme tid.","og_url":"https:\/\/tornedalens.com\/no\/butik\/barn\/merinoullundertoy-for-barn\/jumpsuit-i-merinoull-beige-150-cm\/","og_site_name":"Tornedalens Textil","article_publisher":"https:\/\/www.facebook.com\/tornedalenshandskar","article_modified_time":"2025-10-30T17:02:58+00:00","og_image":[{"width":1200,"height":1200,"url":"https:\/\/tornedalens.com\/wp-content\/uploads\/2025\/08\/kivat-merino-overall-179-71-13-b.jpg","type":"image\/jpeg"}],"twitter_card":"summary_large_image","schema":{"@context":"https:\/\/schema.org","@graph":[{"@type":"WebPage","@id":"https:\/\/tornedalens.com\/no\/butik\/barn\/merinoullundertoy-for-barn\/jumpsuit-i-merinoull-beige-150-cm\/","url":"https:\/\/tornedalens.com\/no\/butik\/barn\/merinoullundertoy-for-barn\/jumpsuit-i-merinoull-beige-150-cm\/","name":"Vintergensere og undert\u00f8y i merinoull til barn","isPartOf":{"@id":"https:\/\/tornedalens.com\/no\/#website"},"primaryImageOfPage":{"@id":"https:\/\/tornedalens.com\/no\/butik\/barn\/merinoullundertoy-for-barn\/jumpsuit-i-merinoull-beige-150-cm\/#primaryimage"},"image":{"@id":"https:\/\/tornedalens.com\/no\/butik\/barn\/merinoullundertoy-for-barn\/jumpsuit-i-merinoull-beige-150-cm\/#primaryimage"},"thumbnailUrl":"https:\/\/tornedalens.com\/wp-content\/uploads\/2025\/08\/kivat-merino-overall-179-71-13-b.jpg","datePublished":"2025-08-30T19:54:53+00:00","dateModified":"2025-10-30T17:02:58+00:00","description":"Underlaget i merinoull holder deg varm selv i fuktig og v\u00e5tt v\u00e6r. Merinoull gj\u00f8r kjeledressen varm og pustende p\u00e5 samme tid.","breadcrumb":{"@id":"https:\/\/tornedalens.com\/no\/butik\/barn\/merinoullundertoy-for-barn\/jumpsuit-i-merinoull-beige-150-cm\/#breadcrumb"},"inLanguage":"nb-NO","potentialAction":[{"@type":"ReadAction","target":["https:\/\/tornedalens.com\/no\/butik\/barn\/merinoullundertoy-for-barn\/jumpsuit-i-merinoull-beige-150-cm\/"]}]},{"@type":"ImageObject","inLanguage":"nb-NO","@id":"https:\/\/tornedalens.com\/no\/butik\/barn\/merinoullundertoy-for-barn\/jumpsuit-i-merinoull-beige-150-cm\/#primaryimage","url":"https:\/\/tornedalens.com\/wp-content\/uploads\/2025\/08\/kivat-merino-overall-179-71-13-b.jpg","contentUrl":"https:\/\/tornedalens.com\/wp-content\/uploads\/2025\/08\/kivat-merino-overall-179-71-13-b.jpg","width":1200,"height":1200},{"@type":"BreadcrumbList","@id":"https:\/\/tornedalens.com\/no\/butik\/barn\/merinoullundertoy-for-barn\/jumpsuit-i-merinoull-beige-150-cm\/#breadcrumb","itemListElement":[{"@type":"ListItem","position":1,"name":"Hem","item":"https:\/\/tornedalens.com\/no\/butikk-2\/"},{"@type":"ListItem","position":2,"name":"Butikk","item":"https:\/\/tornedalens.com\/no\/butikk\/"},{"@type":"ListItem","position":3,"name":"Jumpsuit i merinoull &#8211; Beige &#8211;&gt; 150 cm"}]},{"@type":"WebSite","@id":"https:\/\/tornedalens.com\/no\/#website","url":"https:\/\/tornedalens.com\/no\/","name":"Tornedalens Textil","description":"Handskar till b\u00e5de barn &amp; vuxna","publisher":{"@id":"https:\/\/tornedalens.com\/no\/#organization"},"potentialAction":[{"@type":"SearchAction","target":{"@type":"EntryPoint","urlTemplate":"https:\/\/tornedalens.com\/no\/?s={search_term_string}"},"query-input":{"@type":"PropertyValueSpecification","valueRequired":true,"valueName":"search_term_string"}}],"inLanguage":"nb-NO"},{"@type":"Organization","@id":"https:\/\/tornedalens.com\/no\/#organization","name":"Tornedalens Textil","url":"https:\/\/tornedalens.com\/no\/","logo":{"@type":"ImageObject","inLanguage":"nb-NO","@id":"https:\/\/tornedalens.com\/no\/#\/schema\/logo\/image\/","url":"https:\/\/tornedalens.com\/wp-content\/uploads\/2022\/04\/logo-tornedalens-textil-small.png","contentUrl":"https:\/\/tornedalens.com\/wp-content\/uploads\/2022\/04\/logo-tornedalens-textil-small.png","width":235,"height":49,"caption":"Tornedalens Textil"},"image":{"@id":"https:\/\/tornedalens.com\/no\/#\/schema\/logo\/image\/"},"sameAs":["https:\/\/www.facebook.com\/tornedalenshandskar","https:\/\/www.instagram.com\/tornedalens.textil\/"]}]}},"_links":{"self":[{"href":"https:\/\/tornedalens.com\/no\/wp-json\/wp\/v2\/product\/82836","targetHints":{"allow":["GET"]}}],"collection":[{"href":"https:\/\/tornedalens.com\/no\/wp-json\/wp\/v2\/product"}],"about":[{"href":"https:\/\/tornedalens.com\/no\/wp-json\/wp\/v2\/types\/product"}],"version-history":[{"count":0,"href":"https:\/\/tornedalens.com\/no\/wp-json\/wp\/v2\/product\/82836\/revisions"}],"wp:featuredmedia":[{"embeddable":true,"href":"https:\/\/tornedalens.com\/no\/wp-json\/wp\/v2\/media\/82839"}],"wp:attachment":[{"href":"https:\/\/tornedalens.com\/no\/wp-json\/wp\/v2\/media?parent=82836"}],"wp:term":[{"taxonomy":"product_brand","embeddable":true,"href":"https:\/\/tornedalens.com\/no\/wp-json\/wp\/v2\/product_brand?post=82836"},{"taxonomy":"product_cat","embeddable":true,"href":"https:\/\/tornedalens.com\/no\/wp-json\/wp\/v2\/product_cat?post=82836"},{"taxonomy":"product_tag","embeddable":true,"href":"https:\/\/tornedalens.com\/no\/wp-json\/wp\/v2\/product_tag?post=82836"},{"taxonomy":"giftcard-category","embeddable":true,"href":"https:\/\/tornedalens.com\/no\/wp-json\/wp\/v2\/giftcard-category?post=82836"}],"curies":[{"name":"wp","href":"https:\/\/api.w.org\/{rel}","templated":true}]}}