{"id":82758,"date":"2025-09-02T21:05:27","date_gmt":"2025-09-02T19:05:27","guid":{"rendered":"https:\/\/tornedalens.com\/?post_type=product&#038;p=82758"},"modified":"2025-09-02T21:09:08","modified_gmt":"2025-09-02T19:09:08","slug":"tube-skjerf-mork-gul-kopia","status":"publish","type":"product","link":"https:\/\/tornedalens.com\/no\/butik\/barn\/tube-skjerf\/tube-skjerf-mork-gul-kopia\/","title":{"rendered":"Tube skjerf &#8211; Denimbl\u00e5"},"content":{"rendered":"<p>Silkeull er behagelig mot huden og er en blanding av silke og merinoull som er varm og pustende.<\/p>\n<p>Laget i Finland av 67 % mulesingfri merinoull, 30 % silke og 3 % elastan. En liten mengde elastan (3 %) forlenger levetiden og \u00f8ker komforten.<\/p>\n<p>St\u00f8rrelse 1: 0-6 \u00e5r, h\u00f8yde: 28 cm og 40 cm i diameter.<\/p>\n<p>St\u00f8rrelse 2: 7 \u00e5r til voksen, h\u00f8yde: 31 cm og 44 cm i diameter.<\/p>\n","protected":false},"excerpt":{"rendered":"<p>Tube skjerf i silke og ull.<\/p>\n","protected":false},"featured_media":82767,"template":"","meta":{"site-sidebar-layout":"default","site-content-layout":"","ast-site-content-layout":"default","site-content-style":"default","site-sidebar-style":"default","ast-global-header-display":"","ast-banner-title-visibility":"","ast-main-header-display":"","ast-hfb-above-header-display":"","ast-hfb-below-header-display":"","ast-hfb-mobile-header-display":"","site-post-title":"","ast-breadcrumbs-content":"","ast-featured-img":"","footer-sml-layout":"","ast-disable-related-posts":"","theme-transparent-header-meta":"default","adv-header-id-meta":"","stick-header-meta":"","header-above-stick-meta":"","header-main-stick-meta":"","header-below-stick-meta":"","astra-migrate-meta-layouts":"set","ast-page-background-enabled":"default","ast-page-background-meta":{"desktop":{"background-color":"var(--ast-global-color-5)","background-image":"","background-repeat":"repeat","background-position":"center center","background-size":"auto","background-attachment":"scroll","background-type":"","background-media":"","overlay-type":"","overlay-color":"","overlay-opacity":"","overlay-gradient":""},"tablet":{"background-color":"","background-image":"","background-repeat":"repeat","background-position":"center center","background-size":"auto","background-attachment":"scroll","background-type":"","background-media":"","overlay-type":"","overlay-color":"","overlay-opacity":"","overlay-gradient":""},"mobile":{"background-color":"","background-image":"","background-repeat":"repeat","background-position":"center center","background-size":"auto","background-attachment":"scroll","background-type":"","background-media":"","overlay-type":"","overlay-color":"","overlay-opacity":"","overlay-gradient":""}},"ast-content-background-meta":{"desktop":{"background-color":"var(--ast-global-color-4)","background-image":"","background-repeat":"repeat","background-position":"center center","background-size":"auto","background-attachment":"scroll","background-type":"","background-media":"","overlay-type":"","overlay-color":"","overlay-opacity":"","overlay-gradient":""},"tablet":{"background-color":"var(--ast-global-color-4)","background-image":"","background-repeat":"repeat","background-position":"center center","background-size":"auto","background-attachment":"scroll","background-type":"","background-media":"","overlay-type":"","overlay-color":"","overlay-opacity":"","overlay-gradient":""},"mobile":{"background-color":"var(--ast-global-color-4)","background-image":"","background-repeat":"repeat","background-position":"center center","background-size":"auto","background-attachment":"scroll","background-type":"","background-media":"","overlay-type":"","overlay-color":"","overlay-opacity":"","overlay-gradient":""}}},"product_brand":[],"product_cat":[254,340,342,251],"product_tag":[],"giftcard-category":[],"class_list":{"0":"post-82758","1":"product","2":"type-product","3":"status-publish","4":"has-post-thumbnail","6":"product_cat-barn","7":"product_cat-tube-skjerf","9":"product_cat-voksne","10":"desktop-align-left","11":"tablet-align-left","12":"mobile-align-left","14":"first","15":"instock","16":"taxable","17":"shipping-taxable","18":"purchasable","19":"product-type-variable"},"yoast_head":"<!-- This site is optimized with the Yoast SEO plugin v27.2 - https:\/\/yoast.com\/product\/yoast-seo-wordpress\/ -->\n<title>Tube skjerf - Denimbl\u00e5 - Tornedalens Textil<\/title>\n<meta name=\"robots\" content=\"index, follow, max-snippet:-1, max-image-preview:large, max-video-preview:-1\" \/>\n<link rel=\"canonical\" href=\"https:\/\/tornedalens.com\/no\/butik\/barn\/tube-skjerf\/tube-skjerf-mork-gul-kopia\/\" \/>\n<meta property=\"og:locale\" content=\"nb_NO\" \/>\n<meta property=\"og:type\" content=\"article\" \/>\n<meta property=\"og:title\" content=\"Tube skjerf - Denimbl\u00e5 - Tornedalens Textil\" \/>\n<meta property=\"og:description\" content=\"Tube skjerf i silke og ull.\" \/>\n<meta property=\"og:url\" content=\"https:\/\/tornedalens.com\/no\/butik\/barn\/tube-skjerf\/tube-skjerf-mork-gul-kopia\/\" \/>\n<meta property=\"og:site_name\" content=\"Tornedalens Textil\" \/>\n<meta property=\"article:publisher\" content=\"https:\/\/www.facebook.com\/tornedalenshandskar\" \/>\n<meta property=\"article:modified_time\" content=\"2025-09-02T19:09:08+00:00\" \/>\n<meta property=\"og:image\" content=\"https:\/\/tornedalens.com\/wp-content\/uploads\/2025\/08\/kivat-silkwool-tube-3520-12.jpg\" \/>\n\t<meta property=\"og:image:width\" content=\"800\" \/>\n\t<meta property=\"og:image:height\" content=\"800\" \/>\n\t<meta property=\"og:image:type\" content=\"image\/jpeg\" \/>\n<meta name=\"twitter:card\" content=\"summary_large_image\" \/>\n<script type=\"application\/ld+json\" class=\"yoast-schema-graph\">{\"@context\":\"https:\/\/schema.org\",\"@graph\":[{\"@type\":\"WebPage\",\"@id\":\"https:\/\/tornedalens.com\/no\/butik\/barn\/tube-skjerf\/tube-skjerf-mork-gul-kopia\/\",\"url\":\"https:\/\/tornedalens.com\/no\/butik\/barn\/tube-skjerf\/tube-skjerf-mork-gul-kopia\/\",\"name\":\"Tube skjerf - Denimbl\u00e5 - Tornedalens Textil\",\"isPartOf\":{\"@id\":\"https:\/\/tornedalens.com\/no\/#website\"},\"primaryImageOfPage\":{\"@id\":\"https:\/\/tornedalens.com\/no\/butik\/barn\/tube-skjerf\/tube-skjerf-mork-gul-kopia\/#primaryimage\"},\"image\":{\"@id\":\"https:\/\/tornedalens.com\/no\/butik\/barn\/tube-skjerf\/tube-skjerf-mork-gul-kopia\/#primaryimage\"},\"thumbnailUrl\":\"https:\/\/tornedalens.com\/wp-content\/uploads\/2025\/09\/kivat-silkwool-tube-3520-68.jpg\",\"datePublished\":\"2025-09-02T19:05:27+00:00\",\"dateModified\":\"2025-09-02T19:09:08+00:00\",\"breadcrumb\":{\"@id\":\"https:\/\/tornedalens.com\/no\/butik\/barn\/tube-skjerf\/tube-skjerf-mork-gul-kopia\/#breadcrumb\"},\"inLanguage\":\"nb-NO\",\"potentialAction\":[{\"@type\":\"ReadAction\",\"target\":[\"https:\/\/tornedalens.com\/no\/butik\/barn\/tube-skjerf\/tube-skjerf-mork-gul-kopia\/\"]}]},{\"@type\":\"ImageObject\",\"inLanguage\":\"nb-NO\",\"@id\":\"https:\/\/tornedalens.com\/no\/butik\/barn\/tube-skjerf\/tube-skjerf-mork-gul-kopia\/#primaryimage\",\"url\":\"https:\/\/tornedalens.com\/wp-content\/uploads\/2025\/09\/kivat-silkwool-tube-3520-68.jpg\",\"contentUrl\":\"https:\/\/tornedalens.com\/wp-content\/uploads\/2025\/09\/kivat-silkwool-tube-3520-68.jpg\",\"width\":1200,\"height\":1200},{\"@type\":\"BreadcrumbList\",\"@id\":\"https:\/\/tornedalens.com\/no\/butik\/barn\/tube-skjerf\/tube-skjerf-mork-gul-kopia\/#breadcrumb\",\"itemListElement\":[{\"@type\":\"ListItem\",\"position\":1,\"name\":\"Hem\",\"item\":\"https:\/\/tornedalens.com\/no\/butikk-2\/\"},{\"@type\":\"ListItem\",\"position\":2,\"name\":\"Butikk\",\"item\":\"https:\/\/tornedalens.com\/no\/butikk\/\"},{\"@type\":\"ListItem\",\"position\":3,\"name\":\"Tube skjerf &#8211; Denimbl\u00e5\"}]},{\"@type\":\"WebSite\",\"@id\":\"https:\/\/tornedalens.com\/no\/#website\",\"url\":\"https:\/\/tornedalens.com\/no\/\",\"name\":\"Tornedalens Textil\",\"description\":\"Handskar till b\u00e5de barn &amp; vuxna\",\"publisher\":{\"@id\":\"https:\/\/tornedalens.com\/no\/#organization\"},\"potentialAction\":[{\"@type\":\"SearchAction\",\"target\":{\"@type\":\"EntryPoint\",\"urlTemplate\":\"https:\/\/tornedalens.com\/no\/?s={search_term_string}\"},\"query-input\":{\"@type\":\"PropertyValueSpecification\",\"valueRequired\":true,\"valueName\":\"search_term_string\"}}],\"inLanguage\":\"nb-NO\"},{\"@type\":\"Organization\",\"@id\":\"https:\/\/tornedalens.com\/no\/#organization\",\"name\":\"Tornedalens Textil\",\"url\":\"https:\/\/tornedalens.com\/no\/\",\"logo\":{\"@type\":\"ImageObject\",\"inLanguage\":\"nb-NO\",\"@id\":\"https:\/\/tornedalens.com\/no\/#\/schema\/logo\/image\/\",\"url\":\"https:\/\/tornedalens.com\/wp-content\/uploads\/2022\/04\/logo-tornedalens-textil-small.png\",\"contentUrl\":\"https:\/\/tornedalens.com\/wp-content\/uploads\/2022\/04\/logo-tornedalens-textil-small.png\",\"width\":235,\"height\":49,\"caption\":\"Tornedalens Textil\"},\"image\":{\"@id\":\"https:\/\/tornedalens.com\/no\/#\/schema\/logo\/image\/\"},\"sameAs\":[\"https:\/\/www.facebook.com\/tornedalenshandskar\",\"https:\/\/www.instagram.com\/tornedalens.textil\/\"]}]}<\/script>\n<!-- \/ Yoast SEO plugin. -->","yoast_head_json":{"title":"Tube skjerf - Denimbl\u00e5 - Tornedalens Textil","robots":{"index":"index","follow":"follow","max-snippet":"max-snippet:-1","max-image-preview":"max-image-preview:large","max-video-preview":"max-video-preview:-1"},"canonical":"https:\/\/tornedalens.com\/no\/butik\/barn\/tube-skjerf\/tube-skjerf-mork-gul-kopia\/","og_locale":"nb_NO","og_type":"article","og_title":"Tube skjerf - Denimbl\u00e5 - Tornedalens Textil","og_description":"Tube skjerf i silke og ull.","og_url":"https:\/\/tornedalens.com\/no\/butik\/barn\/tube-skjerf\/tube-skjerf-mork-gul-kopia\/","og_site_name":"Tornedalens Textil","article_publisher":"https:\/\/www.facebook.com\/tornedalenshandskar","article_modified_time":"2025-09-02T19:09:08+00:00","og_image":[{"width":800,"height":800,"url":"https:\/\/tornedalens.com\/wp-content\/uploads\/2025\/08\/kivat-silkwool-tube-3520-12.jpg","type":"image\/jpeg"}],"twitter_card":"summary_large_image","schema":{"@context":"https:\/\/schema.org","@graph":[{"@type":"WebPage","@id":"https:\/\/tornedalens.com\/no\/butik\/barn\/tube-skjerf\/tube-skjerf-mork-gul-kopia\/","url":"https:\/\/tornedalens.com\/no\/butik\/barn\/tube-skjerf\/tube-skjerf-mork-gul-kopia\/","name":"Tube skjerf - Denimbl\u00e5 - Tornedalens Textil","isPartOf":{"@id":"https:\/\/tornedalens.com\/no\/#website"},"primaryImageOfPage":{"@id":"https:\/\/tornedalens.com\/no\/butik\/barn\/tube-skjerf\/tube-skjerf-mork-gul-kopia\/#primaryimage"},"image":{"@id":"https:\/\/tornedalens.com\/no\/butik\/barn\/tube-skjerf\/tube-skjerf-mork-gul-kopia\/#primaryimage"},"thumbnailUrl":"https:\/\/tornedalens.com\/wp-content\/uploads\/2025\/09\/kivat-silkwool-tube-3520-68.jpg","datePublished":"2025-09-02T19:05:27+00:00","dateModified":"2025-09-02T19:09:08+00:00","breadcrumb":{"@id":"https:\/\/tornedalens.com\/no\/butik\/barn\/tube-skjerf\/tube-skjerf-mork-gul-kopia\/#breadcrumb"},"inLanguage":"nb-NO","potentialAction":[{"@type":"ReadAction","target":["https:\/\/tornedalens.com\/no\/butik\/barn\/tube-skjerf\/tube-skjerf-mork-gul-kopia\/"]}]},{"@type":"ImageObject","inLanguage":"nb-NO","@id":"https:\/\/tornedalens.com\/no\/butik\/barn\/tube-skjerf\/tube-skjerf-mork-gul-kopia\/#primaryimage","url":"https:\/\/tornedalens.com\/wp-content\/uploads\/2025\/09\/kivat-silkwool-tube-3520-68.jpg","contentUrl":"https:\/\/tornedalens.com\/wp-content\/uploads\/2025\/09\/kivat-silkwool-tube-3520-68.jpg","width":1200,"height":1200},{"@type":"BreadcrumbList","@id":"https:\/\/tornedalens.com\/no\/butik\/barn\/tube-skjerf\/tube-skjerf-mork-gul-kopia\/#breadcrumb","itemListElement":[{"@type":"ListItem","position":1,"name":"Hem","item":"https:\/\/tornedalens.com\/no\/butikk-2\/"},{"@type":"ListItem","position":2,"name":"Butikk","item":"https:\/\/tornedalens.com\/no\/butikk\/"},{"@type":"ListItem","position":3,"name":"Tube skjerf &#8211; Denimbl\u00e5"}]},{"@type":"WebSite","@id":"https:\/\/tornedalens.com\/no\/#website","url":"https:\/\/tornedalens.com\/no\/","name":"Tornedalens Textil","description":"Handskar till b\u00e5de barn &amp; vuxna","publisher":{"@id":"https:\/\/tornedalens.com\/no\/#organization"},"potentialAction":[{"@type":"SearchAction","target":{"@type":"EntryPoint","urlTemplate":"https:\/\/tornedalens.com\/no\/?s={search_term_string}"},"query-input":{"@type":"PropertyValueSpecification","valueRequired":true,"valueName":"search_term_string"}}],"inLanguage":"nb-NO"},{"@type":"Organization","@id":"https:\/\/tornedalens.com\/no\/#organization","name":"Tornedalens Textil","url":"https:\/\/tornedalens.com\/no\/","logo":{"@type":"ImageObject","inLanguage":"nb-NO","@id":"https:\/\/tornedalens.com\/no\/#\/schema\/logo\/image\/","url":"https:\/\/tornedalens.com\/wp-content\/uploads\/2022\/04\/logo-tornedalens-textil-small.png","contentUrl":"https:\/\/tornedalens.com\/wp-content\/uploads\/2022\/04\/logo-tornedalens-textil-small.png","width":235,"height":49,"caption":"Tornedalens Textil"},"image":{"@id":"https:\/\/tornedalens.com\/no\/#\/schema\/logo\/image\/"},"sameAs":["https:\/\/www.facebook.com\/tornedalenshandskar","https:\/\/www.instagram.com\/tornedalens.textil\/"]}]}},"_links":{"self":[{"href":"https:\/\/tornedalens.com\/no\/wp-json\/wp\/v2\/product\/82758","targetHints":{"allow":["GET"]}}],"collection":[{"href":"https:\/\/tornedalens.com\/no\/wp-json\/wp\/v2\/product"}],"about":[{"href":"https:\/\/tornedalens.com\/no\/wp-json\/wp\/v2\/types\/product"}],"version-history":[{"count":0,"href":"https:\/\/tornedalens.com\/no\/wp-json\/wp\/v2\/product\/82758\/revisions"}],"wp:featuredmedia":[{"embeddable":true,"href":"https:\/\/tornedalens.com\/no\/wp-json\/wp\/v2\/media\/82767"}],"wp:attachment":[{"href":"https:\/\/tornedalens.com\/no\/wp-json\/wp\/v2\/media?parent=82758"}],"wp:term":[{"taxonomy":"product_brand","embeddable":true,"href":"https:\/\/tornedalens.com\/no\/wp-json\/wp\/v2\/product_brand?post=82758"},{"taxonomy":"product_cat","embeddable":true,"href":"https:\/\/tornedalens.com\/no\/wp-json\/wp\/v2\/product_cat?post=82758"},{"taxonomy":"product_tag","embeddable":true,"href":"https:\/\/tornedalens.com\/no\/wp-json\/wp\/v2\/product_tag?post=82758"},{"taxonomy":"giftcard-category","embeddable":true,"href":"https:\/\/tornedalens.com\/no\/wp-json\/wp\/v2\/giftcard-category?post=82758"}],"curies":[{"name":"wp","href":"https:\/\/api.w.org\/{rel}","templated":true}]}}