{"id":82369,"date":"2024-10-02T07:30:11","date_gmt":"2024-10-02T05:30:11","guid":{"rendered":"https:\/\/tornedalens.com\/butik\/ukategorisert\/innervante-bensin-1-2-ar\/"},"modified":"2024-10-02T07:30:11","modified_gmt":"2024-10-02T05:30:11","slug":"innervante-bensin-1-2-ar","status":"publish","type":"product","link":"https:\/\/tornedalens.com\/no\/butik\/barn\/ullvotter-til-barn\/innervante-bensin-1-2-ar\/","title":{"rendered":"Innervante &#8211; Bensin (1-2 \u00e5r)"},"content":{"rendered":"<p>Herlige innervotter i silkeull, perfekte som f\u00f8rste lag i votter eller galosjer. Silkeull er en blanding av silke og merinoull som gj\u00f8r dem varme og pustende. Silkeull er ogs\u00e5 et glatt og mykt materiale.<\/p>\n<p>Laget i Finland av 67 % ufarget, mulesingfri merinoull, 30 % silke og 3 % elastan. En liten mengde elastan (3 %) forlenger levetiden og \u00f8ker komforten.<\/p>\n<p>M\u00e5l fra h\u00e5ndledd til fingertupp.<\/p>\n<p>St\u00f8rrelse. 1 (1-2 \u00e5r og 14 cm)<\/p>\n<p>St\u00f8rrelse. 2 (2-5 \u00e5r og 14,5 cm)<\/p>\n<p>St\u00f8rrelse. 3 (5-8 \u00e5r og 16,5 cm)<\/p>\n<p>Vask i 30 graders ullvask og t\u00f8rk i romtemperatur.<\/p>\n","protected":false},"excerpt":{"rendered":"<p>Innervotter i petrolsilke og ull for barn.<\/p>\n","protected":false},"featured_media":82370,"template":"","meta":{"site-sidebar-layout":"default","site-content-layout":"","ast-site-content-layout":"default","site-content-style":"default","site-sidebar-style":"default","ast-global-header-display":"","ast-banner-title-visibility":"","ast-main-header-display":"","ast-hfb-above-header-display":"","ast-hfb-below-header-display":"","ast-hfb-mobile-header-display":"","site-post-title":"","ast-breadcrumbs-content":"","ast-featured-img":"","footer-sml-layout":"","ast-disable-related-posts":"","theme-transparent-header-meta":"","adv-header-id-meta":"","stick-header-meta":"","header-above-stick-meta":"","header-main-stick-meta":"","header-below-stick-meta":"","astra-migrate-meta-layouts":"default","ast-page-background-enabled":"default","ast-page-background-meta":{"desktop":{"background-color":"var(--ast-global-color-5)","background-image":"","background-repeat":"repeat","background-position":"center center","background-size":"auto","background-attachment":"scroll","background-type":"","background-media":"","overlay-type":"","overlay-color":"","overlay-opacity":"","overlay-gradient":""},"tablet":{"background-color":"","background-image":"","background-repeat":"repeat","background-position":"center center","background-size":"auto","background-attachment":"scroll","background-type":"","background-media":"","overlay-type":"","overlay-color":"","overlay-opacity":"","overlay-gradient":""},"mobile":{"background-color":"","background-image":"","background-repeat":"repeat","background-position":"center center","background-size":"auto","background-attachment":"scroll","background-type":"","background-media":"","overlay-type":"","overlay-color":"","overlay-opacity":"","overlay-gradient":""}},"ast-content-background-meta":{"desktop":{"background-color":"var(--ast-global-color-4)","background-image":"","background-repeat":"repeat","background-position":"center center","background-size":"auto","background-attachment":"scroll","background-type":"","background-media":"","overlay-type":"","overlay-color":"","overlay-opacity":"","overlay-gradient":""},"tablet":{"background-color":"var(--ast-global-color-4)","background-image":"","background-repeat":"repeat","background-position":"center center","background-size":"auto","background-attachment":"scroll","background-type":"","background-media":"","overlay-type":"","overlay-color":"","overlay-opacity":"","overlay-gradient":""},"mobile":{"background-color":"var(--ast-global-color-4)","background-image":"","background-repeat":"repeat","background-position":"center center","background-size":"auto","background-attachment":"scroll","background-type":"","background-media":"","overlay-type":"","overlay-color":"","overlay-opacity":"","overlay-gradient":""}}},"product_brand":[],"product_cat":[254,262,252],"product_tag":[],"giftcard-category":[],"class_list":{"0":"post-82369","1":"product","2":"type-product","3":"status-publish","4":"has-post-thumbnail","6":"product_cat-barn","7":"product_cat-uttak","8":"product_cat-ullvotter-til-barn","9":"desktop-align-left","10":"tablet-align-left","11":"mobile-align-left","13":"first","14":"outofstock","15":"sale","16":"taxable","17":"shipping-taxable","18":"purchasable","19":"product-type-variable"},"yoast_head":"<!-- This site is optimized with the Yoast SEO plugin v27.2 - https:\/\/yoast.com\/product\/yoast-seo-wordpress\/ -->\n<title>% i silkeull% - %<\/title>\n<meta name=\"description\" content=\"Myk og sk\u00e5nsom mot huden, en herlig blanding av silke og merinoull. Materialet er pustende og varmt. Passer ogs\u00e5 som f\u00f8rste lag under en vintercardigan.\" \/>\n<meta name=\"robots\" content=\"index, follow, max-snippet:-1, max-image-preview:large, max-video-preview:-1\" \/>\n<link rel=\"canonical\" href=\"https:\/\/tornedalens.com\/no\/butik\/barn\/ullvotter-til-barn\/innervante-bensin-1-2-ar\/\" \/>\n<meta property=\"og:locale\" content=\"nb_NO\" \/>\n<meta property=\"og:type\" content=\"article\" \/>\n<meta property=\"og:title\" content=\"% i silkeull% - %\" \/>\n<meta property=\"og:description\" content=\"Myk og sk\u00e5nsom mot huden, en herlig blanding av silke og merinoull. Materialet er pustende og varmt. Passer ogs\u00e5 som f\u00f8rste lag under en vintercardigan.\" \/>\n<meta property=\"og:url\" content=\"https:\/\/tornedalens.com\/no\/butik\/barn\/ullvotter-til-barn\/innervante-bensin-1-2-ar\/\" \/>\n<meta property=\"og:site_name\" content=\"Tornedalens Textil\" \/>\n<meta property=\"article:publisher\" content=\"https:\/\/www.facebook.com\/tornedalenshandskar\" \/>\n<meta property=\"og:image\" content=\"https:\/\/tornedalens.com\/wp-content\/uploads\/2024\/10\/kivat-silkwool-mittens-3158-66-b.jpg\" \/>\n\t<meta property=\"og:image:width\" content=\"1200\" \/>\n\t<meta property=\"og:image:height\" content=\"1200\" \/>\n\t<meta property=\"og:image:type\" content=\"image\/jpeg\" \/>\n<meta name=\"twitter:card\" content=\"summary_large_image\" \/>\n<script type=\"application\/ld+json\" class=\"yoast-schema-graph\">{\"@context\":\"https:\/\/schema.org\",\"@graph\":[{\"@type\":\"WebPage\",\"@id\":\"https:\/\/tornedalens.com\/no\/butik\/barn\/ullvotter-til-barn\/innervante-bensin-1-2-ar\/\",\"url\":\"https:\/\/tornedalens.com\/no\/butik\/barn\/ullvotter-til-barn\/innervante-bensin-1-2-ar\/\",\"name\":\"% i silkeull% - %\",\"isPartOf\":{\"@id\":\"https:\/\/tornedalens.com\/no\/#website\"},\"primaryImageOfPage\":{\"@id\":\"https:\/\/tornedalens.com\/no\/butik\/barn\/ullvotter-til-barn\/innervante-bensin-1-2-ar\/#primaryimage\"},\"image\":{\"@id\":\"https:\/\/tornedalens.com\/no\/butik\/barn\/ullvotter-til-barn\/innervante-bensin-1-2-ar\/#primaryimage\"},\"thumbnailUrl\":\"https:\/\/tornedalens.com\/wp-content\/uploads\/2024\/10\/kivat-silkwool-mittens-3158-66-b.jpg\",\"datePublished\":\"2024-10-02T05:30:11+00:00\",\"description\":\"Myk og sk\u00e5nsom mot huden, en herlig blanding av silke og merinoull. Materialet er pustende og varmt. Passer ogs\u00e5 som f\u00f8rste lag under en vintercardigan.\",\"breadcrumb\":{\"@id\":\"https:\/\/tornedalens.com\/no\/butik\/barn\/ullvotter-til-barn\/innervante-bensin-1-2-ar\/#breadcrumb\"},\"inLanguage\":\"nb-NO\",\"potentialAction\":[{\"@type\":\"ReadAction\",\"target\":[\"https:\/\/tornedalens.com\/no\/butik\/barn\/ullvotter-til-barn\/innervante-bensin-1-2-ar\/\"]}]},{\"@type\":\"ImageObject\",\"inLanguage\":\"nb-NO\",\"@id\":\"https:\/\/tornedalens.com\/no\/butik\/barn\/ullvotter-til-barn\/innervante-bensin-1-2-ar\/#primaryimage\",\"url\":\"https:\/\/tornedalens.com\/wp-content\/uploads\/2024\/10\/kivat-silkwool-mittens-3158-66-b.jpg\",\"contentUrl\":\"https:\/\/tornedalens.com\/wp-content\/uploads\/2024\/10\/kivat-silkwool-mittens-3158-66-b.jpg\",\"width\":1200,\"height\":1200},{\"@type\":\"BreadcrumbList\",\"@id\":\"https:\/\/tornedalens.com\/no\/butik\/barn\/ullvotter-til-barn\/innervante-bensin-1-2-ar\/#breadcrumb\",\"itemListElement\":[{\"@type\":\"ListItem\",\"position\":1,\"name\":\"Hem\",\"item\":\"https:\/\/tornedalens.com\/no\/butikk-2\/\"},{\"@type\":\"ListItem\",\"position\":2,\"name\":\"Butikk\",\"item\":\"https:\/\/tornedalens.com\/no\/butikk\/\"},{\"@type\":\"ListItem\",\"position\":3,\"name\":\"Innervante &#8211; Bensin (1-2 \u00e5r)\"}]},{\"@type\":\"WebSite\",\"@id\":\"https:\/\/tornedalens.com\/no\/#website\",\"url\":\"https:\/\/tornedalens.com\/no\/\",\"name\":\"Tornedalens Textil\",\"description\":\"Handskar till b\u00e5de barn &amp; vuxna\",\"publisher\":{\"@id\":\"https:\/\/tornedalens.com\/no\/#organization\"},\"potentialAction\":[{\"@type\":\"SearchAction\",\"target\":{\"@type\":\"EntryPoint\",\"urlTemplate\":\"https:\/\/tornedalens.com\/no\/?s={search_term_string}\"},\"query-input\":{\"@type\":\"PropertyValueSpecification\",\"valueRequired\":true,\"valueName\":\"search_term_string\"}}],\"inLanguage\":\"nb-NO\"},{\"@type\":\"Organization\",\"@id\":\"https:\/\/tornedalens.com\/no\/#organization\",\"name\":\"Tornedalens Textil\",\"url\":\"https:\/\/tornedalens.com\/no\/\",\"logo\":{\"@type\":\"ImageObject\",\"inLanguage\":\"nb-NO\",\"@id\":\"https:\/\/tornedalens.com\/no\/#\/schema\/logo\/image\/\",\"url\":\"https:\/\/tornedalens.com\/wp-content\/uploads\/2022\/04\/logo-tornedalens-textil-small.png\",\"contentUrl\":\"https:\/\/tornedalens.com\/wp-content\/uploads\/2022\/04\/logo-tornedalens-textil-small.png\",\"width\":235,\"height\":49,\"caption\":\"Tornedalens Textil\"},\"image\":{\"@id\":\"https:\/\/tornedalens.com\/no\/#\/schema\/logo\/image\/\"},\"sameAs\":[\"https:\/\/www.facebook.com\/tornedalenshandskar\",\"https:\/\/www.instagram.com\/tornedalens.textil\/\"]}]}<\/script>\n<!-- \/ Yoast SEO plugin. -->","yoast_head_json":{"title":"% i silkeull% - %","description":"Myk og sk\u00e5nsom mot huden, en herlig blanding av silke og merinoull. Materialet er pustende og varmt. Passer ogs\u00e5 som f\u00f8rste lag under en vintercardigan.","robots":{"index":"index","follow":"follow","max-snippet":"max-snippet:-1","max-image-preview":"max-image-preview:large","max-video-preview":"max-video-preview:-1"},"canonical":"https:\/\/tornedalens.com\/no\/butik\/barn\/ullvotter-til-barn\/innervante-bensin-1-2-ar\/","og_locale":"nb_NO","og_type":"article","og_title":"% i silkeull% - %","og_description":"Myk og sk\u00e5nsom mot huden, en herlig blanding av silke og merinoull. Materialet er pustende og varmt. Passer ogs\u00e5 som f\u00f8rste lag under en vintercardigan.","og_url":"https:\/\/tornedalens.com\/no\/butik\/barn\/ullvotter-til-barn\/innervante-bensin-1-2-ar\/","og_site_name":"Tornedalens Textil","article_publisher":"https:\/\/www.facebook.com\/tornedalenshandskar","og_image":[{"width":1200,"height":1200,"url":"https:\/\/tornedalens.com\/wp-content\/uploads\/2024\/10\/kivat-silkwool-mittens-3158-66-b.jpg","type":"image\/jpeg"}],"twitter_card":"summary_large_image","schema":{"@context":"https:\/\/schema.org","@graph":[{"@type":"WebPage","@id":"https:\/\/tornedalens.com\/no\/butik\/barn\/ullvotter-til-barn\/innervante-bensin-1-2-ar\/","url":"https:\/\/tornedalens.com\/no\/butik\/barn\/ullvotter-til-barn\/innervante-bensin-1-2-ar\/","name":"% i silkeull% - %","isPartOf":{"@id":"https:\/\/tornedalens.com\/no\/#website"},"primaryImageOfPage":{"@id":"https:\/\/tornedalens.com\/no\/butik\/barn\/ullvotter-til-barn\/innervante-bensin-1-2-ar\/#primaryimage"},"image":{"@id":"https:\/\/tornedalens.com\/no\/butik\/barn\/ullvotter-til-barn\/innervante-bensin-1-2-ar\/#primaryimage"},"thumbnailUrl":"https:\/\/tornedalens.com\/wp-content\/uploads\/2024\/10\/kivat-silkwool-mittens-3158-66-b.jpg","datePublished":"2024-10-02T05:30:11+00:00","description":"Myk og sk\u00e5nsom mot huden, en herlig blanding av silke og merinoull. Materialet er pustende og varmt. Passer ogs\u00e5 som f\u00f8rste lag under en vintercardigan.","breadcrumb":{"@id":"https:\/\/tornedalens.com\/no\/butik\/barn\/ullvotter-til-barn\/innervante-bensin-1-2-ar\/#breadcrumb"},"inLanguage":"nb-NO","potentialAction":[{"@type":"ReadAction","target":["https:\/\/tornedalens.com\/no\/butik\/barn\/ullvotter-til-barn\/innervante-bensin-1-2-ar\/"]}]},{"@type":"ImageObject","inLanguage":"nb-NO","@id":"https:\/\/tornedalens.com\/no\/butik\/barn\/ullvotter-til-barn\/innervante-bensin-1-2-ar\/#primaryimage","url":"https:\/\/tornedalens.com\/wp-content\/uploads\/2024\/10\/kivat-silkwool-mittens-3158-66-b.jpg","contentUrl":"https:\/\/tornedalens.com\/wp-content\/uploads\/2024\/10\/kivat-silkwool-mittens-3158-66-b.jpg","width":1200,"height":1200},{"@type":"BreadcrumbList","@id":"https:\/\/tornedalens.com\/no\/butik\/barn\/ullvotter-til-barn\/innervante-bensin-1-2-ar\/#breadcrumb","itemListElement":[{"@type":"ListItem","position":1,"name":"Hem","item":"https:\/\/tornedalens.com\/no\/butikk-2\/"},{"@type":"ListItem","position":2,"name":"Butikk","item":"https:\/\/tornedalens.com\/no\/butikk\/"},{"@type":"ListItem","position":3,"name":"Innervante &#8211; Bensin (1-2 \u00e5r)"}]},{"@type":"WebSite","@id":"https:\/\/tornedalens.com\/no\/#website","url":"https:\/\/tornedalens.com\/no\/","name":"Tornedalens Textil","description":"Handskar till b\u00e5de barn &amp; vuxna","publisher":{"@id":"https:\/\/tornedalens.com\/no\/#organization"},"potentialAction":[{"@type":"SearchAction","target":{"@type":"EntryPoint","urlTemplate":"https:\/\/tornedalens.com\/no\/?s={search_term_string}"},"query-input":{"@type":"PropertyValueSpecification","valueRequired":true,"valueName":"search_term_string"}}],"inLanguage":"nb-NO"},{"@type":"Organization","@id":"https:\/\/tornedalens.com\/no\/#organization","name":"Tornedalens Textil","url":"https:\/\/tornedalens.com\/no\/","logo":{"@type":"ImageObject","inLanguage":"nb-NO","@id":"https:\/\/tornedalens.com\/no\/#\/schema\/logo\/image\/","url":"https:\/\/tornedalens.com\/wp-content\/uploads\/2022\/04\/logo-tornedalens-textil-small.png","contentUrl":"https:\/\/tornedalens.com\/wp-content\/uploads\/2022\/04\/logo-tornedalens-textil-small.png","width":235,"height":49,"caption":"Tornedalens Textil"},"image":{"@id":"https:\/\/tornedalens.com\/no\/#\/schema\/logo\/image\/"},"sameAs":["https:\/\/www.facebook.com\/tornedalenshandskar","https:\/\/www.instagram.com\/tornedalens.textil\/"]}]}},"_links":{"self":[{"href":"https:\/\/tornedalens.com\/no\/wp-json\/wp\/v2\/product\/82369","targetHints":{"allow":["GET"]}}],"collection":[{"href":"https:\/\/tornedalens.com\/no\/wp-json\/wp\/v2\/product"}],"about":[{"href":"https:\/\/tornedalens.com\/no\/wp-json\/wp\/v2\/types\/product"}],"version-history":[{"count":0,"href":"https:\/\/tornedalens.com\/no\/wp-json\/wp\/v2\/product\/82369\/revisions"}],"wp:featuredmedia":[{"embeddable":true,"href":"https:\/\/tornedalens.com\/no\/wp-json\/wp\/v2\/media\/82370"}],"wp:attachment":[{"href":"https:\/\/tornedalens.com\/no\/wp-json\/wp\/v2\/media?parent=82369"}],"wp:term":[{"taxonomy":"product_brand","embeddable":true,"href":"https:\/\/tornedalens.com\/no\/wp-json\/wp\/v2\/product_brand?post=82369"},{"taxonomy":"product_cat","embeddable":true,"href":"https:\/\/tornedalens.com\/no\/wp-json\/wp\/v2\/product_cat?post=82369"},{"taxonomy":"product_tag","embeddable":true,"href":"https:\/\/tornedalens.com\/no\/wp-json\/wp\/v2\/product_tag?post=82369"},{"taxonomy":"giftcard-category","embeddable":true,"href":"https:\/\/tornedalens.com\/no\/wp-json\/wp\/v2\/giftcard-category?post=82369"}],"curies":[{"name":"wp","href":"https:\/\/api.w.org\/{rel}","templated":true}]}}