{"id":82335,"date":"2024-10-01T14:24:08","date_gmt":"2024-10-01T12:24:08","guid":{"rendered":"https:\/\/tornedalens.com\/butik\/ukategorisert\/lue-i-silkeull-rosa\/"},"modified":"2026-04-06T09:59:27","modified_gmt":"2026-04-06T07:59:27","slug":"lue-i-silkeull-rosa","status":"publish","type":"product","link":"https:\/\/tornedalens.com\/no\/butik\/barn\/cap\/lue-i-silkeull-rosa\/","title":{"rendered":"Lue i silkeull &#8211; Rosa"},"content":{"rendered":"<p>Hjelmlue i silkeull med vindstoppere ved \u00f8rene, brukt i skuldersesongen.<\/p>\n<p>Materiale: 67 % mulesingfri merinoull, 30 % silke og 3 % elastan.<\/p>\n<p>Ullvask p\u00e5 30 grader.<\/p>\n<p><strong>St\u00f8rrelse\/hodeomkrets\/estimert alder  <\/strong><\/p>\n<p>0 = ca. 45-46 cm = 0-1 \u00e5r<\/p>\n<p>1 = ca. 47-48 cm = 1 \u00e5r<\/p>\n<p>2 = ca. 49-51 cm = 2-4 \u00e5r<\/p>\n<p>3 = ca. 52-53 cm = 5-8 \u00e5r<\/p>\n<p>Laget i Finland, som alle v\u00e5re produkter.<\/p>\n","protected":false},"excerpt":{"rendered":"<p>Hjelmhette i silkeull finnes i fire forskjellige st\u00f8rrelser opp til \u00e5tte \u00e5r og passer for midtsesongen.<\/p>\n","protected":false},"featured_media":82343,"template":"","meta":{"site-sidebar-layout":"default","site-content-layout":"","ast-site-content-layout":"default","site-content-style":"default","site-sidebar-style":"default","ast-global-header-display":"","ast-banner-title-visibility":"","ast-main-header-display":"","ast-hfb-above-header-display":"","ast-hfb-below-header-display":"","ast-hfb-mobile-header-display":"","site-post-title":"","ast-breadcrumbs-content":"","ast-featured-img":"","footer-sml-layout":"","ast-disable-related-posts":"","theme-transparent-header-meta":"","adv-header-id-meta":"","stick-header-meta":"","header-above-stick-meta":"","header-main-stick-meta":"","header-below-stick-meta":"","astra-migrate-meta-layouts":"default","ast-page-background-enabled":"default","ast-page-background-meta":{"desktop":{"background-color":"var(--ast-global-color-5)","background-image":"","background-repeat":"repeat","background-position":"center center","background-size":"auto","background-attachment":"scroll","background-type":"","background-media":"","overlay-type":"","overlay-color":"","overlay-opacity":"","overlay-gradient":""},"tablet":{"background-color":"","background-image":"","background-repeat":"repeat","background-position":"center center","background-size":"auto","background-attachment":"scroll","background-type":"","background-media":"","overlay-type":"","overlay-color":"","overlay-opacity":"","overlay-gradient":""},"mobile":{"background-color":"","background-image":"","background-repeat":"repeat","background-position":"center center","background-size":"auto","background-attachment":"scroll","background-type":"","background-media":"","overlay-type":"","overlay-color":"","overlay-opacity":"","overlay-gradient":""}},"ast-content-background-meta":{"desktop":{"background-color":"var(--ast-global-color-4)","background-image":"","background-repeat":"repeat","background-position":"center center","background-size":"auto","background-attachment":"scroll","background-type":"","background-media":"","overlay-type":"","overlay-color":"","overlay-opacity":"","overlay-gradient":""},"tablet":{"background-color":"var(--ast-global-color-4)","background-image":"","background-repeat":"repeat","background-position":"center center","background-size":"auto","background-attachment":"scroll","background-type":"","background-media":"","overlay-type":"","overlay-color":"","overlay-opacity":"","overlay-gradient":""},"mobile":{"background-color":"var(--ast-global-color-4)","background-image":"","background-repeat":"repeat","background-position":"center center","background-size":"auto","background-attachment":"scroll","background-type":"","background-media":"","overlay-type":"","overlay-color":"","overlay-opacity":"","overlay-gradient":""}}},"product_brand":[],"product_cat":[318],"product_tag":[],"giftcard-category":[],"class_list":{"0":"post-82335","1":"product","2":"type-product","3":"status-publish","4":"has-post-thumbnail","6":"product_cat-cap","7":"desktop-align-left","8":"tablet-align-left","9":"mobile-align-left","11":"first","12":"instock","13":"taxable","14":"shipping-taxable","15":"purchasable","16":"product-type-variable"},"yoast_head":"<!-- This site is optimized with the Yoast SEO plugin v27.2 - https:\/\/yoast.com\/product\/yoast-seo-wordpress\/ -->\n<title>Varm hjelmlue for barn<\/title>\n<meta name=\"description\" content=\"Hjelmlue for vintersesongen i merinoull med innerf\u00f4r i silkeull, vindstoppere ved \u00f8rene. Tynn i silkeull med to dusker midt i sesongen.\" \/>\n<meta name=\"robots\" content=\"index, follow, max-snippet:-1, max-image-preview:large, max-video-preview:-1\" \/>\n<link rel=\"canonical\" href=\"https:\/\/tornedalens.com\/no\/butik\/barn\/cap\/lue-i-silkeull-rosa\/\" \/>\n<meta property=\"og:locale\" content=\"nb_NO\" \/>\n<meta property=\"og:type\" content=\"article\" \/>\n<meta property=\"og:title\" content=\"Varm hjelmlue for barn\" \/>\n<meta property=\"og:description\" content=\"Hjelmlue for vintersesongen i merinoull med innerf\u00f4r i silkeull, vindstoppere ved \u00f8rene. Tynn i silkeull med to dusker midt i sesongen.\" \/>\n<meta property=\"og:url\" content=\"https:\/\/tornedalens.com\/no\/butik\/barn\/cap\/lue-i-silkeull-rosa\/\" \/>\n<meta property=\"og:site_name\" content=\"Tornedalens Textil\" \/>\n<meta property=\"article:publisher\" content=\"https:\/\/www.facebook.com\/tornedalenshandskar\" \/>\n<meta property=\"article:modified_time\" content=\"2026-04-06T07:59:27+00:00\" \/>\n<meta property=\"og:image\" content=\"https:\/\/tornedalens.com\/wp-content\/uploads\/2024\/10\/kivat-silkwool-beanie-3363L-17.jpg\" \/>\n\t<meta property=\"og:image:width\" content=\"800\" \/>\n\t<meta property=\"og:image:height\" content=\"800\" \/>\n\t<meta property=\"og:image:type\" content=\"image\/jpeg\" \/>\n<meta name=\"twitter:card\" content=\"summary_large_image\" \/>\n<script type=\"application\/ld+json\" class=\"yoast-schema-graph\">{\"@context\":\"https:\/\/schema.org\",\"@graph\":[{\"@type\":\"WebPage\",\"@id\":\"https:\/\/tornedalens.com\/no\/butik\/barn\/cap\/lue-i-silkeull-rosa\/\",\"url\":\"https:\/\/tornedalens.com\/no\/butik\/barn\/cap\/lue-i-silkeull-rosa\/\",\"name\":\"Varm hjelmlue for barn\",\"isPartOf\":{\"@id\":\"https:\/\/tornedalens.com\/no\/#website\"},\"primaryImageOfPage\":{\"@id\":\"https:\/\/tornedalens.com\/no\/butik\/barn\/cap\/lue-i-silkeull-rosa\/#primaryimage\"},\"image\":{\"@id\":\"https:\/\/tornedalens.com\/no\/butik\/barn\/cap\/lue-i-silkeull-rosa\/#primaryimage\"},\"thumbnailUrl\":\"https:\/\/tornedalens.com\/wp-content\/uploads\/2024\/10\/kivat-silkwool-beanie-3363L-17.jpg\",\"datePublished\":\"2024-10-01T12:24:08+00:00\",\"dateModified\":\"2026-04-06T07:59:27+00:00\",\"description\":\"Hjelmlue for vintersesongen i merinoull med innerf\u00f4r i silkeull, vindstoppere ved \u00f8rene. Tynn i silkeull med to dusker midt i sesongen.\",\"breadcrumb\":{\"@id\":\"https:\/\/tornedalens.com\/no\/butik\/barn\/cap\/lue-i-silkeull-rosa\/#breadcrumb\"},\"inLanguage\":\"nb-NO\",\"potentialAction\":[{\"@type\":\"ReadAction\",\"target\":[\"https:\/\/tornedalens.com\/no\/butik\/barn\/cap\/lue-i-silkeull-rosa\/\"]}]},{\"@type\":\"ImageObject\",\"inLanguage\":\"nb-NO\",\"@id\":\"https:\/\/tornedalens.com\/no\/butik\/barn\/cap\/lue-i-silkeull-rosa\/#primaryimage\",\"url\":\"https:\/\/tornedalens.com\/wp-content\/uploads\/2024\/10\/kivat-silkwool-beanie-3363L-17.jpg\",\"contentUrl\":\"https:\/\/tornedalens.com\/wp-content\/uploads\/2024\/10\/kivat-silkwool-beanie-3363L-17.jpg\",\"width\":800,\"height\":800},{\"@type\":\"BreadcrumbList\",\"@id\":\"https:\/\/tornedalens.com\/no\/butik\/barn\/cap\/lue-i-silkeull-rosa\/#breadcrumb\",\"itemListElement\":[{\"@type\":\"ListItem\",\"position\":1,\"name\":\"Hem\",\"item\":\"https:\/\/tornedalens.com\/no\/butikk-2\/\"},{\"@type\":\"ListItem\",\"position\":2,\"name\":\"Butikk\",\"item\":\"https:\/\/tornedalens.com\/no\/butikk\/\"},{\"@type\":\"ListItem\",\"position\":3,\"name\":\"Lue i silkeull &#8211; Rosa\"}]},{\"@type\":\"WebSite\",\"@id\":\"https:\/\/tornedalens.com\/no\/#website\",\"url\":\"https:\/\/tornedalens.com\/no\/\",\"name\":\"Tornedalens Textil\",\"description\":\"Handskar till b\u00e5de barn &amp; vuxna\",\"publisher\":{\"@id\":\"https:\/\/tornedalens.com\/no\/#organization\"},\"potentialAction\":[{\"@type\":\"SearchAction\",\"target\":{\"@type\":\"EntryPoint\",\"urlTemplate\":\"https:\/\/tornedalens.com\/no\/?s={search_term_string}\"},\"query-input\":{\"@type\":\"PropertyValueSpecification\",\"valueRequired\":true,\"valueName\":\"search_term_string\"}}],\"inLanguage\":\"nb-NO\"},{\"@type\":\"Organization\",\"@id\":\"https:\/\/tornedalens.com\/no\/#organization\",\"name\":\"Tornedalens Textil\",\"url\":\"https:\/\/tornedalens.com\/no\/\",\"logo\":{\"@type\":\"ImageObject\",\"inLanguage\":\"nb-NO\",\"@id\":\"https:\/\/tornedalens.com\/no\/#\/schema\/logo\/image\/\",\"url\":\"https:\/\/tornedalens.com\/wp-content\/uploads\/2022\/04\/logo-tornedalens-textil-small.png\",\"contentUrl\":\"https:\/\/tornedalens.com\/wp-content\/uploads\/2022\/04\/logo-tornedalens-textil-small.png\",\"width\":235,\"height\":49,\"caption\":\"Tornedalens Textil\"},\"image\":{\"@id\":\"https:\/\/tornedalens.com\/no\/#\/schema\/logo\/image\/\"},\"sameAs\":[\"https:\/\/www.facebook.com\/tornedalenshandskar\",\"https:\/\/www.instagram.com\/tornedalens.textil\/\"]}]}<\/script>\n<!-- \/ Yoast SEO plugin. -->","yoast_head_json":{"title":"Varm hjelmlue for barn","description":"Hjelmlue for vintersesongen i merinoull med innerf\u00f4r i silkeull, vindstoppere ved \u00f8rene. Tynn i silkeull med to dusker midt i sesongen.","robots":{"index":"index","follow":"follow","max-snippet":"max-snippet:-1","max-image-preview":"max-image-preview:large","max-video-preview":"max-video-preview:-1"},"canonical":"https:\/\/tornedalens.com\/no\/butik\/barn\/cap\/lue-i-silkeull-rosa\/","og_locale":"nb_NO","og_type":"article","og_title":"Varm hjelmlue for barn","og_description":"Hjelmlue for vintersesongen i merinoull med innerf\u00f4r i silkeull, vindstoppere ved \u00f8rene. Tynn i silkeull med to dusker midt i sesongen.","og_url":"https:\/\/tornedalens.com\/no\/butik\/barn\/cap\/lue-i-silkeull-rosa\/","og_site_name":"Tornedalens Textil","article_publisher":"https:\/\/www.facebook.com\/tornedalenshandskar","article_modified_time":"2026-04-06T07:59:27+00:00","og_image":[{"width":800,"height":800,"url":"https:\/\/tornedalens.com\/wp-content\/uploads\/2024\/10\/kivat-silkwool-beanie-3363L-17.jpg","type":"image\/jpeg"}],"twitter_card":"summary_large_image","schema":{"@context":"https:\/\/schema.org","@graph":[{"@type":"WebPage","@id":"https:\/\/tornedalens.com\/no\/butik\/barn\/cap\/lue-i-silkeull-rosa\/","url":"https:\/\/tornedalens.com\/no\/butik\/barn\/cap\/lue-i-silkeull-rosa\/","name":"Varm hjelmlue for barn","isPartOf":{"@id":"https:\/\/tornedalens.com\/no\/#website"},"primaryImageOfPage":{"@id":"https:\/\/tornedalens.com\/no\/butik\/barn\/cap\/lue-i-silkeull-rosa\/#primaryimage"},"image":{"@id":"https:\/\/tornedalens.com\/no\/butik\/barn\/cap\/lue-i-silkeull-rosa\/#primaryimage"},"thumbnailUrl":"https:\/\/tornedalens.com\/wp-content\/uploads\/2024\/10\/kivat-silkwool-beanie-3363L-17.jpg","datePublished":"2024-10-01T12:24:08+00:00","dateModified":"2026-04-06T07:59:27+00:00","description":"Hjelmlue for vintersesongen i merinoull med innerf\u00f4r i silkeull, vindstoppere ved \u00f8rene. Tynn i silkeull med to dusker midt i sesongen.","breadcrumb":{"@id":"https:\/\/tornedalens.com\/no\/butik\/barn\/cap\/lue-i-silkeull-rosa\/#breadcrumb"},"inLanguage":"nb-NO","potentialAction":[{"@type":"ReadAction","target":["https:\/\/tornedalens.com\/no\/butik\/barn\/cap\/lue-i-silkeull-rosa\/"]}]},{"@type":"ImageObject","inLanguage":"nb-NO","@id":"https:\/\/tornedalens.com\/no\/butik\/barn\/cap\/lue-i-silkeull-rosa\/#primaryimage","url":"https:\/\/tornedalens.com\/wp-content\/uploads\/2024\/10\/kivat-silkwool-beanie-3363L-17.jpg","contentUrl":"https:\/\/tornedalens.com\/wp-content\/uploads\/2024\/10\/kivat-silkwool-beanie-3363L-17.jpg","width":800,"height":800},{"@type":"BreadcrumbList","@id":"https:\/\/tornedalens.com\/no\/butik\/barn\/cap\/lue-i-silkeull-rosa\/#breadcrumb","itemListElement":[{"@type":"ListItem","position":1,"name":"Hem","item":"https:\/\/tornedalens.com\/no\/butikk-2\/"},{"@type":"ListItem","position":2,"name":"Butikk","item":"https:\/\/tornedalens.com\/no\/butikk\/"},{"@type":"ListItem","position":3,"name":"Lue i silkeull &#8211; Rosa"}]},{"@type":"WebSite","@id":"https:\/\/tornedalens.com\/no\/#website","url":"https:\/\/tornedalens.com\/no\/","name":"Tornedalens Textil","description":"Handskar till b\u00e5de barn &amp; vuxna","publisher":{"@id":"https:\/\/tornedalens.com\/no\/#organization"},"potentialAction":[{"@type":"SearchAction","target":{"@type":"EntryPoint","urlTemplate":"https:\/\/tornedalens.com\/no\/?s={search_term_string}"},"query-input":{"@type":"PropertyValueSpecification","valueRequired":true,"valueName":"search_term_string"}}],"inLanguage":"nb-NO"},{"@type":"Organization","@id":"https:\/\/tornedalens.com\/no\/#organization","name":"Tornedalens Textil","url":"https:\/\/tornedalens.com\/no\/","logo":{"@type":"ImageObject","inLanguage":"nb-NO","@id":"https:\/\/tornedalens.com\/no\/#\/schema\/logo\/image\/","url":"https:\/\/tornedalens.com\/wp-content\/uploads\/2022\/04\/logo-tornedalens-textil-small.png","contentUrl":"https:\/\/tornedalens.com\/wp-content\/uploads\/2022\/04\/logo-tornedalens-textil-small.png","width":235,"height":49,"caption":"Tornedalens Textil"},"image":{"@id":"https:\/\/tornedalens.com\/no\/#\/schema\/logo\/image\/"},"sameAs":["https:\/\/www.facebook.com\/tornedalenshandskar","https:\/\/www.instagram.com\/tornedalens.textil\/"]}]}},"_links":{"self":[{"href":"https:\/\/tornedalens.com\/no\/wp-json\/wp\/v2\/product\/82335","targetHints":{"allow":["GET"]}}],"collection":[{"href":"https:\/\/tornedalens.com\/no\/wp-json\/wp\/v2\/product"}],"about":[{"href":"https:\/\/tornedalens.com\/no\/wp-json\/wp\/v2\/types\/product"}],"version-history":[{"count":0,"href":"https:\/\/tornedalens.com\/no\/wp-json\/wp\/v2\/product\/82335\/revisions"}],"wp:featuredmedia":[{"embeddable":true,"href":"https:\/\/tornedalens.com\/no\/wp-json\/wp\/v2\/media\/82343"}],"wp:attachment":[{"href":"https:\/\/tornedalens.com\/no\/wp-json\/wp\/v2\/media?parent=82335"}],"wp:term":[{"taxonomy":"product_brand","embeddable":true,"href":"https:\/\/tornedalens.com\/no\/wp-json\/wp\/v2\/product_brand?post=82335"},{"taxonomy":"product_cat","embeddable":true,"href":"https:\/\/tornedalens.com\/no\/wp-json\/wp\/v2\/product_cat?post=82335"},{"taxonomy":"product_tag","embeddable":true,"href":"https:\/\/tornedalens.com\/no\/wp-json\/wp\/v2\/product_tag?post=82335"},{"taxonomy":"giftcard-category","embeddable":true,"href":"https:\/\/tornedalens.com\/no\/wp-json\/wp\/v2\/giftcard-category?post=82335"}],"curies":[{"name":"wp","href":"https:\/\/api.w.org\/{rel}","templated":true}]}}