{"id":82300,"date":"2024-09-01T21:57:31","date_gmt":"2024-09-01T19:57:31","guid":{"rendered":"https:\/\/tornedalens.com\/butik\/ukategorisert\/balaklava-i-merinoull-sennep\/"},"modified":"2025-10-30T18:10:59","modified_gmt":"2025-10-30T17:10:59","slug":"balaklava-i-merinoull-sennep","status":"publish","type":"product","link":"https:\/\/tornedalens.com\/no\/butik\/barn\/balaklava-i-ull\/balaklava-i-merinoull-sennep\/","title":{"rendered":"Balaklava i merinoull &#8211; Sennep"},"content":{"rendered":"<p>Myk og varm balaclava med skall i 100 % mulesing-fri merinoull og f\u00f4r i ufarget \u00f8kologisk bomull &#8211; sk\u00e5nsomt og behagelig mot babyens hud. Ekstra forsterkning ved \u00f8rene og i pannen gir ekstra beskyttelse mot kulde og vind. <\/p>\n<p>Laget av n\u00f8ye utvalgte materialer:<\/p>\n<ul>\n<li><strong>Ytterstoff:<\/strong> 100 % Oeko-Tex\u00ae-sertifisert mulesing-fri merinoull<\/li>\n<li><strong>F\u00f4r:<\/strong> 97 % ufarget Oeko-Tex\u00ae- og GOTS-sertifisert \u00f8kologisk bomull, 3 % elastan for bedre passform og \u00f8kt slitestyrke<\/li>\n<\/ul>\n<p><strong>Vaskeanvisning:<\/strong> Ullprogram 30 \u00b0C<br \/>\n<strong>Laget i Finland &#8211; som alle v\u00e5re produkter.<\/strong><\/p>\n<p><strong>St\u00f8rrelsesguide:<\/strong><br \/>\n0 = ca. 45-46 cm (0-1 \u00e5r)<br \/>\n1 = ca. 47-48 cm (1 \u00e5r)<br \/>\n2 = ca. 49-51 cm (2-4 \u00e5r)<br \/>\n3 = ca. 52-53 cm (5-10 \u00e5r)<\/p>\n","protected":false},"excerpt":{"rendered":"<p>Balaklava i merinoull i fargen sennep.<\/p>\n","protected":false},"featured_media":82304,"template":"","meta":{"site-sidebar-layout":"default","site-content-layout":"","ast-site-content-layout":"default","site-content-style":"default","site-sidebar-style":"default","ast-global-header-display":"","ast-banner-title-visibility":"","ast-main-header-display":"","ast-hfb-above-header-display":"","ast-hfb-below-header-display":"","ast-hfb-mobile-header-display":"","site-post-title":"","ast-breadcrumbs-content":"","ast-featured-img":"","footer-sml-layout":"","ast-disable-related-posts":"","theme-transparent-header-meta":"default","adv-header-id-meta":"","stick-header-meta":"","header-above-stick-meta":"","header-main-stick-meta":"","header-below-stick-meta":"","astra-migrate-meta-layouts":"default","ast-page-background-enabled":"default","ast-page-background-meta":{"desktop":{"background-color":"var(--ast-global-color-5)","background-image":"","background-repeat":"repeat","background-position":"center center","background-size":"auto","background-attachment":"scroll","background-type":"","background-media":"","overlay-type":"","overlay-color":"","overlay-opacity":"","overlay-gradient":""},"tablet":{"background-color":"","background-image":"","background-repeat":"repeat","background-position":"center center","background-size":"auto","background-attachment":"scroll","background-type":"","background-media":"","overlay-type":"","overlay-color":"","overlay-opacity":"","overlay-gradient":""},"mobile":{"background-color":"","background-image":"","background-repeat":"repeat","background-position":"center center","background-size":"auto","background-attachment":"scroll","background-type":"","background-media":"","overlay-type":"","overlay-color":"","overlay-opacity":"","overlay-gradient":""}},"ast-content-background-meta":{"desktop":{"background-color":"var(--ast-global-color-4)","background-image":"","background-repeat":"repeat","background-position":"center center","background-size":"auto","background-attachment":"scroll","background-type":"","background-media":"","overlay-type":"","overlay-color":"","overlay-opacity":"","overlay-gradient":""},"tablet":{"background-color":"var(--ast-global-color-4)","background-image":"","background-repeat":"repeat","background-position":"center center","background-size":"auto","background-attachment":"scroll","background-type":"","background-media":"","overlay-type":"","overlay-color":"","overlay-opacity":"","overlay-gradient":""},"mobile":{"background-color":"var(--ast-global-color-4)","background-image":"","background-repeat":"repeat","background-position":"center center","background-size":"auto","background-attachment":"scroll","background-type":"","background-media":"","overlay-type":"","overlay-color":"","overlay-opacity":"","overlay-gradient":""}}},"product_brand":[],"product_cat":[284],"product_tag":[],"giftcard-category":[],"class_list":{"0":"post-82300","1":"product","2":"type-product","3":"status-publish","4":"has-post-thumbnail","6":"product_cat-balaklava-i-ull","7":"desktop-align-left","8":"tablet-align-left","9":"mobile-align-left","11":"first","12":"instock","13":"taxable","14":"shipping-taxable","15":"purchasable","16":"product-type-variable"},"yoast_head":"<!-- This site is optimized with the Yoast SEO plugin v27.2 - https:\/\/yoast.com\/product\/yoast-seo-wordpress\/ -->\n<title>Varm balaklava i ull for barn<\/title>\n<meta name=\"description\" content=\"F\u00f4ret og tynn, komfortabel balaclava for barn. Flere forskjellige farger. F\u00f4ret om vinteren, tynn i silkeull under lua om vinteren eller om v\u00e5ren og h\u00f8sten.\" \/>\n<meta name=\"robots\" content=\"index, follow, max-snippet:-1, max-image-preview:large, max-video-preview:-1\" \/>\n<link rel=\"canonical\" href=\"https:\/\/tornedalens.com\/no\/butik\/barn\/balaklava-i-ull\/balaklava-i-merinoull-sennep\/\" \/>\n<meta property=\"og:locale\" content=\"nb_NO\" \/>\n<meta property=\"og:type\" content=\"article\" \/>\n<meta property=\"og:title\" content=\"Varm balaklava i ull for barn\" \/>\n<meta property=\"og:description\" content=\"F\u00f4ret og tynn, komfortabel balaclava for barn. Flere forskjellige farger. F\u00f4ret om vinteren, tynn i silkeull under lua om vinteren eller om v\u00e5ren og h\u00f8sten.\" \/>\n<meta property=\"og:url\" content=\"https:\/\/tornedalens.com\/no\/butik\/barn\/balaklava-i-ull\/balaklava-i-merinoull-sennep\/\" \/>\n<meta property=\"og:site_name\" content=\"Tornedalens Textil\" \/>\n<meta property=\"article:publisher\" content=\"https:\/\/www.facebook.com\/tornedalenshandskar\" \/>\n<meta property=\"article:modified_time\" content=\"2025-10-30T17:10:59+00:00\" \/>\n<meta property=\"og:image\" content=\"https:\/\/tornedalens.com\/wp-content\/uploads\/2024\/09\/kivat-merino-balaclava-195-Y57.jpg\" \/>\n\t<meta property=\"og:image:width\" content=\"1200\" \/>\n\t<meta property=\"og:image:height\" content=\"1200\" \/>\n\t<meta property=\"og:image:type\" content=\"image\/jpeg\" \/>\n<meta name=\"twitter:card\" content=\"summary_large_image\" \/>\n<script type=\"application\/ld+json\" class=\"yoast-schema-graph\">{\"@context\":\"https:\/\/schema.org\",\"@graph\":[{\"@type\":\"WebPage\",\"@id\":\"https:\/\/tornedalens.com\/no\/butik\/barn\/balaklava-i-ull\/balaklava-i-merinoull-sennep\/\",\"url\":\"https:\/\/tornedalens.com\/no\/butik\/barn\/balaklava-i-ull\/balaklava-i-merinoull-sennep\/\",\"name\":\"Varm balaklava i ull for barn\",\"isPartOf\":{\"@id\":\"https:\/\/tornedalens.com\/no\/#website\"},\"primaryImageOfPage\":{\"@id\":\"https:\/\/tornedalens.com\/no\/butik\/barn\/balaklava-i-ull\/balaklava-i-merinoull-sennep\/#primaryimage\"},\"image\":{\"@id\":\"https:\/\/tornedalens.com\/no\/butik\/barn\/balaklava-i-ull\/balaklava-i-merinoull-sennep\/#primaryimage\"},\"thumbnailUrl\":\"https:\/\/tornedalens.com\/wp-content\/uploads\/2024\/09\/kivat-merino-balaclava-195-Y57.jpg\",\"datePublished\":\"2024-09-01T19:57:31+00:00\",\"dateModified\":\"2025-10-30T17:10:59+00:00\",\"description\":\"F\u00f4ret og tynn, komfortabel balaclava for barn. Flere forskjellige farger. F\u00f4ret om vinteren, tynn i silkeull under lua om vinteren eller om v\u00e5ren og h\u00f8sten.\",\"breadcrumb\":{\"@id\":\"https:\/\/tornedalens.com\/no\/butik\/barn\/balaklava-i-ull\/balaklava-i-merinoull-sennep\/#breadcrumb\"},\"inLanguage\":\"nb-NO\",\"potentialAction\":[{\"@type\":\"ReadAction\",\"target\":[\"https:\/\/tornedalens.com\/no\/butik\/barn\/balaklava-i-ull\/balaklava-i-merinoull-sennep\/\"]}]},{\"@type\":\"ImageObject\",\"inLanguage\":\"nb-NO\",\"@id\":\"https:\/\/tornedalens.com\/no\/butik\/barn\/balaklava-i-ull\/balaklava-i-merinoull-sennep\/#primaryimage\",\"url\":\"https:\/\/tornedalens.com\/wp-content\/uploads\/2024\/09\/kivat-merino-balaclava-195-Y57.jpg\",\"contentUrl\":\"https:\/\/tornedalens.com\/wp-content\/uploads\/2024\/09\/kivat-merino-balaclava-195-Y57.jpg\",\"width\":1200,\"height\":1200},{\"@type\":\"BreadcrumbList\",\"@id\":\"https:\/\/tornedalens.com\/no\/butik\/barn\/balaklava-i-ull\/balaklava-i-merinoull-sennep\/#breadcrumb\",\"itemListElement\":[{\"@type\":\"ListItem\",\"position\":1,\"name\":\"Hem\",\"item\":\"https:\/\/tornedalens.com\/no\/butikk-2\/\"},{\"@type\":\"ListItem\",\"position\":2,\"name\":\"Butikk\",\"item\":\"https:\/\/tornedalens.com\/no\/butikk\/\"},{\"@type\":\"ListItem\",\"position\":3,\"name\":\"Balaklava i merinoull &#8211; Sennep\"}]},{\"@type\":\"WebSite\",\"@id\":\"https:\/\/tornedalens.com\/no\/#website\",\"url\":\"https:\/\/tornedalens.com\/no\/\",\"name\":\"Tornedalens Textil\",\"description\":\"Handskar till b\u00e5de barn &amp; vuxna\",\"publisher\":{\"@id\":\"https:\/\/tornedalens.com\/no\/#organization\"},\"potentialAction\":[{\"@type\":\"SearchAction\",\"target\":{\"@type\":\"EntryPoint\",\"urlTemplate\":\"https:\/\/tornedalens.com\/no\/?s={search_term_string}\"},\"query-input\":{\"@type\":\"PropertyValueSpecification\",\"valueRequired\":true,\"valueName\":\"search_term_string\"}}],\"inLanguage\":\"nb-NO\"},{\"@type\":\"Organization\",\"@id\":\"https:\/\/tornedalens.com\/no\/#organization\",\"name\":\"Tornedalens Textil\",\"url\":\"https:\/\/tornedalens.com\/no\/\",\"logo\":{\"@type\":\"ImageObject\",\"inLanguage\":\"nb-NO\",\"@id\":\"https:\/\/tornedalens.com\/no\/#\/schema\/logo\/image\/\",\"url\":\"https:\/\/tornedalens.com\/wp-content\/uploads\/2022\/04\/logo-tornedalens-textil-small.png\",\"contentUrl\":\"https:\/\/tornedalens.com\/wp-content\/uploads\/2022\/04\/logo-tornedalens-textil-small.png\",\"width\":235,\"height\":49,\"caption\":\"Tornedalens Textil\"},\"image\":{\"@id\":\"https:\/\/tornedalens.com\/no\/#\/schema\/logo\/image\/\"},\"sameAs\":[\"https:\/\/www.facebook.com\/tornedalenshandskar\",\"https:\/\/www.instagram.com\/tornedalens.textil\/\"]}]}<\/script>\n<!-- \/ Yoast SEO plugin. -->","yoast_head_json":{"title":"Varm balaklava i ull for barn","description":"F\u00f4ret og tynn, komfortabel balaclava for barn. Flere forskjellige farger. F\u00f4ret om vinteren, tynn i silkeull under lua om vinteren eller om v\u00e5ren og h\u00f8sten.","robots":{"index":"index","follow":"follow","max-snippet":"max-snippet:-1","max-image-preview":"max-image-preview:large","max-video-preview":"max-video-preview:-1"},"canonical":"https:\/\/tornedalens.com\/no\/butik\/barn\/balaklava-i-ull\/balaklava-i-merinoull-sennep\/","og_locale":"nb_NO","og_type":"article","og_title":"Varm balaklava i ull for barn","og_description":"F\u00f4ret og tynn, komfortabel balaclava for barn. Flere forskjellige farger. F\u00f4ret om vinteren, tynn i silkeull under lua om vinteren eller om v\u00e5ren og h\u00f8sten.","og_url":"https:\/\/tornedalens.com\/no\/butik\/barn\/balaklava-i-ull\/balaklava-i-merinoull-sennep\/","og_site_name":"Tornedalens Textil","article_publisher":"https:\/\/www.facebook.com\/tornedalenshandskar","article_modified_time":"2025-10-30T17:10:59+00:00","og_image":[{"width":1200,"height":1200,"url":"https:\/\/tornedalens.com\/wp-content\/uploads\/2024\/09\/kivat-merino-balaclava-195-Y57.jpg","type":"image\/jpeg"}],"twitter_card":"summary_large_image","schema":{"@context":"https:\/\/schema.org","@graph":[{"@type":"WebPage","@id":"https:\/\/tornedalens.com\/no\/butik\/barn\/balaklava-i-ull\/balaklava-i-merinoull-sennep\/","url":"https:\/\/tornedalens.com\/no\/butik\/barn\/balaklava-i-ull\/balaklava-i-merinoull-sennep\/","name":"Varm balaklava i ull for barn","isPartOf":{"@id":"https:\/\/tornedalens.com\/no\/#website"},"primaryImageOfPage":{"@id":"https:\/\/tornedalens.com\/no\/butik\/barn\/balaklava-i-ull\/balaklava-i-merinoull-sennep\/#primaryimage"},"image":{"@id":"https:\/\/tornedalens.com\/no\/butik\/barn\/balaklava-i-ull\/balaklava-i-merinoull-sennep\/#primaryimage"},"thumbnailUrl":"https:\/\/tornedalens.com\/wp-content\/uploads\/2024\/09\/kivat-merino-balaclava-195-Y57.jpg","datePublished":"2024-09-01T19:57:31+00:00","dateModified":"2025-10-30T17:10:59+00:00","description":"F\u00f4ret og tynn, komfortabel balaclava for barn. Flere forskjellige farger. F\u00f4ret om vinteren, tynn i silkeull under lua om vinteren eller om v\u00e5ren og h\u00f8sten.","breadcrumb":{"@id":"https:\/\/tornedalens.com\/no\/butik\/barn\/balaklava-i-ull\/balaklava-i-merinoull-sennep\/#breadcrumb"},"inLanguage":"nb-NO","potentialAction":[{"@type":"ReadAction","target":["https:\/\/tornedalens.com\/no\/butik\/barn\/balaklava-i-ull\/balaklava-i-merinoull-sennep\/"]}]},{"@type":"ImageObject","inLanguage":"nb-NO","@id":"https:\/\/tornedalens.com\/no\/butik\/barn\/balaklava-i-ull\/balaklava-i-merinoull-sennep\/#primaryimage","url":"https:\/\/tornedalens.com\/wp-content\/uploads\/2024\/09\/kivat-merino-balaclava-195-Y57.jpg","contentUrl":"https:\/\/tornedalens.com\/wp-content\/uploads\/2024\/09\/kivat-merino-balaclava-195-Y57.jpg","width":1200,"height":1200},{"@type":"BreadcrumbList","@id":"https:\/\/tornedalens.com\/no\/butik\/barn\/balaklava-i-ull\/balaklava-i-merinoull-sennep\/#breadcrumb","itemListElement":[{"@type":"ListItem","position":1,"name":"Hem","item":"https:\/\/tornedalens.com\/no\/butikk-2\/"},{"@type":"ListItem","position":2,"name":"Butikk","item":"https:\/\/tornedalens.com\/no\/butikk\/"},{"@type":"ListItem","position":3,"name":"Balaklava i merinoull &#8211; Sennep"}]},{"@type":"WebSite","@id":"https:\/\/tornedalens.com\/no\/#website","url":"https:\/\/tornedalens.com\/no\/","name":"Tornedalens Textil","description":"Handskar till b\u00e5de barn &amp; vuxna","publisher":{"@id":"https:\/\/tornedalens.com\/no\/#organization"},"potentialAction":[{"@type":"SearchAction","target":{"@type":"EntryPoint","urlTemplate":"https:\/\/tornedalens.com\/no\/?s={search_term_string}"},"query-input":{"@type":"PropertyValueSpecification","valueRequired":true,"valueName":"search_term_string"}}],"inLanguage":"nb-NO"},{"@type":"Organization","@id":"https:\/\/tornedalens.com\/no\/#organization","name":"Tornedalens Textil","url":"https:\/\/tornedalens.com\/no\/","logo":{"@type":"ImageObject","inLanguage":"nb-NO","@id":"https:\/\/tornedalens.com\/no\/#\/schema\/logo\/image\/","url":"https:\/\/tornedalens.com\/wp-content\/uploads\/2022\/04\/logo-tornedalens-textil-small.png","contentUrl":"https:\/\/tornedalens.com\/wp-content\/uploads\/2022\/04\/logo-tornedalens-textil-small.png","width":235,"height":49,"caption":"Tornedalens Textil"},"image":{"@id":"https:\/\/tornedalens.com\/no\/#\/schema\/logo\/image\/"},"sameAs":["https:\/\/www.facebook.com\/tornedalenshandskar","https:\/\/www.instagram.com\/tornedalens.textil\/"]}]}},"_links":{"self":[{"href":"https:\/\/tornedalens.com\/no\/wp-json\/wp\/v2\/product\/82300","targetHints":{"allow":["GET"]}}],"collection":[{"href":"https:\/\/tornedalens.com\/no\/wp-json\/wp\/v2\/product"}],"about":[{"href":"https:\/\/tornedalens.com\/no\/wp-json\/wp\/v2\/types\/product"}],"version-history":[{"count":0,"href":"https:\/\/tornedalens.com\/no\/wp-json\/wp\/v2\/product\/82300\/revisions"}],"wp:featuredmedia":[{"embeddable":true,"href":"https:\/\/tornedalens.com\/no\/wp-json\/wp\/v2\/media\/82304"}],"wp:attachment":[{"href":"https:\/\/tornedalens.com\/no\/wp-json\/wp\/v2\/media?parent=82300"}],"wp:term":[{"taxonomy":"product_brand","embeddable":true,"href":"https:\/\/tornedalens.com\/no\/wp-json\/wp\/v2\/product_brand?post=82300"},{"taxonomy":"product_cat","embeddable":true,"href":"https:\/\/tornedalens.com\/no\/wp-json\/wp\/v2\/product_cat?post=82300"},{"taxonomy":"product_tag","embeddable":true,"href":"https:\/\/tornedalens.com\/no\/wp-json\/wp\/v2\/product_tag?post=82300"},{"taxonomy":"giftcard-category","embeddable":true,"href":"https:\/\/tornedalens.com\/no\/wp-json\/wp\/v2\/giftcard-category?post=82300"}],"curies":[{"name":"wp","href":"https:\/\/api.w.org\/{rel}","templated":true}]}}