{"id":82228,"date":"2024-08-16T14:11:05","date_gmt":"2024-08-16T12:11:05","guid":{"rendered":"https:\/\/tornedalens.com\/butik\/ukategorisert\/votter-dame-rod\/"},"modified":"2026-01-07T13:28:06","modified_gmt":"2026-01-07T12:28:06","slug":"votter-dame-rod","status":"publish","type":"product","link":"https:\/\/tornedalens.com\/no\/butik\/voksne\/hansker\/votter-dame-rod\/","title":{"rendered":"Votter dame &#8211; r\u00f8d"},"content":{"rendered":"<p>Vottene er laget av finsk hjorteskinn i Finland. Skinn er et utmerket materiale fordi det er fukt- og smussavvisende og vindbestandig. Velg mellom 100 % merinoull (hvit) eller 50\/50 merinoull\/polyester (m\u00f8rkegr\u00e5). Nytt f\u00f4r er tilgjengelig for 229:-, noe som garanterer varme og komfortable hansker i mange \u00e5r. Produktet har ogs\u00e5 blitt tildelt den finske flaggn\u00f8kkelen som et finsk h\u00e5ndverk. Skinnet er farget i henhold til REACH-avtalte farger. Alle kjemikaliemengder og -kvalitet overv\u00e5kes n\u00f8ye, noe som gj\u00f8r l\u00e6ret trygt \u00e5 bruke.<\/p>\n","protected":false},"excerpt":{"rendered":"<p>Tommelvotter i finsk hjorteskinn med utskiftbart f\u00f4r.<\/p>\n<table>\n<tbody>\n<tr>\n<td>\n<div>Strl<\/div>\n<\/td>\n<td>\n<div>H\u00e5ndlengde A<\/div>\n<\/td>\n<td>\n<div>Omkrets p\u00e5 hendene B<\/div>\n<\/td>\n<\/tr>\n<tr>\n<td>\n<div>6<br \/>\n7<br \/>\n8<br \/>\n9<\/div>\n<\/td>\n<td>\n<div>16 &#8211; 17 cm<br \/>\n17 &#8211; 18 cm<br \/>\n18 &#8211; 19 cm<br \/>\n19 &#8211; 21 cm<\/div>\n<\/td>\n<td>\n<div>17 &#8211; 18,5 cm<br \/>\n18 &#8211; 20 cm<br \/>\n19,5 &#8211; 22 cm<br \/>\n21 &#8211; 22 cm<\/div>\n<\/td>\n<\/tr>\n<\/tbody>\n<\/table>\n","protected":false},"featured_media":82231,"template":"","meta":{"site-sidebar-layout":"default","site-content-layout":"","ast-site-content-layout":"default","site-content-style":"default","site-sidebar-style":"default","ast-global-header-display":"","ast-banner-title-visibility":"","ast-main-header-display":"","ast-hfb-above-header-display":"","ast-hfb-below-header-display":"","ast-hfb-mobile-header-display":"","site-post-title":"","ast-breadcrumbs-content":"","ast-featured-img":"","footer-sml-layout":"","ast-disable-related-posts":"","theme-transparent-header-meta":"","adv-header-id-meta":"","stick-header-meta":"","header-above-stick-meta":"","header-main-stick-meta":"","header-below-stick-meta":"","astra-migrate-meta-layouts":"default","ast-page-background-enabled":"default","ast-page-background-meta":{"desktop":{"background-color":"var(--ast-global-color-5)","background-image":"","background-repeat":"repeat","background-position":"center center","background-size":"auto","background-attachment":"scroll","background-type":"","background-media":"","overlay-type":"","overlay-color":"","overlay-opacity":"","overlay-gradient":""},"tablet":{"background-color":"","background-image":"","background-repeat":"repeat","background-position":"center center","background-size":"auto","background-attachment":"scroll","background-type":"","background-media":"","overlay-type":"","overlay-color":"","overlay-opacity":"","overlay-gradient":""},"mobile":{"background-color":"","background-image":"","background-repeat":"repeat","background-position":"center center","background-size":"auto","background-attachment":"scroll","background-type":"","background-media":"","overlay-type":"","overlay-color":"","overlay-opacity":"","overlay-gradient":""}},"ast-content-background-meta":{"desktop":{"background-color":"var(--ast-global-color-4)","background-image":"","background-repeat":"repeat","background-position":"center center","background-size":"auto","background-attachment":"scroll","background-type":"","background-media":"","overlay-type":"","overlay-color":"","overlay-opacity":"","overlay-gradient":""},"tablet":{"background-color":"var(--ast-global-color-4)","background-image":"","background-repeat":"repeat","background-position":"center center","background-size":"auto","background-attachment":"scroll","background-type":"","background-media":"","overlay-type":"","overlay-color":"","overlay-opacity":"","overlay-gradient":""},"mobile":{"background-color":"var(--ast-global-color-4)","background-image":"","background-repeat":"repeat","background-position":"center center","background-size":"auto","background-attachment":"scroll","background-type":"","background-media":"","overlay-type":"","overlay-color":"","overlay-opacity":"","overlay-gradient":""}}},"product_brand":[],"product_cat":[253,251],"product_tag":[],"giftcard-category":[],"class_list":{"0":"post-82228","1":"product","2":"type-product","3":"status-publish","4":"has-post-thumbnail","6":"product_cat-hansker","7":"product_cat-voksne","8":"desktop-align-left","9":"tablet-align-left","10":"mobile-align-left","12":"first","13":"instock","14":"taxable","15":"shipping-taxable","16":"purchasable","17":"product-type-variable"},"yoast_head":"<!-- This site is optimized with the Yoast SEO plugin v27.2 - https:\/\/yoast.com\/product\/yoast-seo-wordpress\/ -->\n<title>Varme vintervotter for voksne med ullf\u00f4r laget i Finland<\/title>\n<meta name=\"description\" content=\"Finske hjorteskinnvotter laget i Finland med utskiftbart f\u00f4r garanterer varme og komfortable hansker i mange \u00e5r.\" \/>\n<meta name=\"robots\" content=\"index, follow, max-snippet:-1, max-image-preview:large, max-video-preview:-1\" \/>\n<link rel=\"canonical\" href=\"https:\/\/tornedalens.com\/no\/butik\/voksne\/hansker\/votter-dame-rod\/\" \/>\n<meta property=\"og:locale\" content=\"nb_NO\" \/>\n<meta property=\"og:type\" content=\"article\" \/>\n<meta property=\"og:title\" content=\"Varme vintervotter for voksne med ullf\u00f4r laget i Finland\" \/>\n<meta property=\"og:description\" content=\"Finske hjorteskinnvotter laget i Finland med utskiftbart f\u00f4r garanterer varme og komfortable hansker i mange \u00e5r.\" \/>\n<meta property=\"og:url\" content=\"https:\/\/tornedalens.com\/no\/butik\/voksne\/hansker\/votter-dame-rod\/\" \/>\n<meta property=\"og:site_name\" content=\"Tornedalens Textil\" \/>\n<meta property=\"article:publisher\" content=\"https:\/\/www.facebook.com\/tornedalenshandskar\" \/>\n<meta property=\"article:modified_time\" content=\"2026-01-07T12:28:06+00:00\" \/>\n<meta property=\"og:image\" content=\"https:\/\/tornedalens.com\/wp-content\/uploads\/2024\/08\/womensred1.jpg2_.jpg\" \/>\n\t<meta property=\"og:image:width\" content=\"1700\" \/>\n\t<meta property=\"og:image:height\" content=\"1700\" \/>\n\t<meta property=\"og:image:type\" content=\"image\/jpeg\" \/>\n<meta name=\"twitter:card\" content=\"summary_large_image\" \/>\n<script type=\"application\/ld+json\" class=\"yoast-schema-graph\">{\"@context\":\"https:\/\/schema.org\",\"@graph\":[{\"@type\":\"WebPage\",\"@id\":\"https:\/\/tornedalens.com\/no\/butik\/voksne\/hansker\/votter-dame-rod\/\",\"url\":\"https:\/\/tornedalens.com\/no\/butik\/voksne\/hansker\/votter-dame-rod\/\",\"name\":\"Varme vintervotter for voksne med ullf\u00f4r laget i Finland\",\"isPartOf\":{\"@id\":\"https:\/\/tornedalens.com\/no\/#website\"},\"primaryImageOfPage\":{\"@id\":\"https:\/\/tornedalens.com\/no\/butik\/voksne\/hansker\/votter-dame-rod\/#primaryimage\"},\"image\":{\"@id\":\"https:\/\/tornedalens.com\/no\/butik\/voksne\/hansker\/votter-dame-rod\/#primaryimage\"},\"thumbnailUrl\":\"https:\/\/tornedalens.com\/wp-content\/uploads\/2024\/08\/womensred1.jpg2_.jpg\",\"datePublished\":\"2024-08-16T12:11:05+00:00\",\"dateModified\":\"2026-01-07T12:28:06+00:00\",\"description\":\"Finske hjorteskinnvotter laget i Finland med utskiftbart f\u00f4r garanterer varme og komfortable hansker i mange \u00e5r.\",\"breadcrumb\":{\"@id\":\"https:\/\/tornedalens.com\/no\/butik\/voksne\/hansker\/votter-dame-rod\/#breadcrumb\"},\"inLanguage\":\"nb-NO\",\"potentialAction\":[{\"@type\":\"ReadAction\",\"target\":[\"https:\/\/tornedalens.com\/no\/butik\/voksne\/hansker\/votter-dame-rod\/\"]}]},{\"@type\":\"ImageObject\",\"inLanguage\":\"nb-NO\",\"@id\":\"https:\/\/tornedalens.com\/no\/butik\/voksne\/hansker\/votter-dame-rod\/#primaryimage\",\"url\":\"https:\/\/tornedalens.com\/wp-content\/uploads\/2024\/08\/womensred1.jpg2_.jpg\",\"contentUrl\":\"https:\/\/tornedalens.com\/wp-content\/uploads\/2024\/08\/womensred1.jpg2_.jpg\",\"width\":1700,\"height\":1700},{\"@type\":\"BreadcrumbList\",\"@id\":\"https:\/\/tornedalens.com\/no\/butik\/voksne\/hansker\/votter-dame-rod\/#breadcrumb\",\"itemListElement\":[{\"@type\":\"ListItem\",\"position\":1,\"name\":\"Hem\",\"item\":\"https:\/\/tornedalens.com\/no\/butikk-2\/\"},{\"@type\":\"ListItem\",\"position\":2,\"name\":\"Butikk\",\"item\":\"https:\/\/tornedalens.com\/no\/butikk\/\"},{\"@type\":\"ListItem\",\"position\":3,\"name\":\"Votter dame &#8211; r\u00f8d\"}]},{\"@type\":\"WebSite\",\"@id\":\"https:\/\/tornedalens.com\/no\/#website\",\"url\":\"https:\/\/tornedalens.com\/no\/\",\"name\":\"Tornedalens Textil\",\"description\":\"Handskar till b\u00e5de barn &amp; vuxna\",\"publisher\":{\"@id\":\"https:\/\/tornedalens.com\/no\/#organization\"},\"potentialAction\":[{\"@type\":\"SearchAction\",\"target\":{\"@type\":\"EntryPoint\",\"urlTemplate\":\"https:\/\/tornedalens.com\/no\/?s={search_term_string}\"},\"query-input\":{\"@type\":\"PropertyValueSpecification\",\"valueRequired\":true,\"valueName\":\"search_term_string\"}}],\"inLanguage\":\"nb-NO\"},{\"@type\":\"Organization\",\"@id\":\"https:\/\/tornedalens.com\/no\/#organization\",\"name\":\"Tornedalens Textil\",\"url\":\"https:\/\/tornedalens.com\/no\/\",\"logo\":{\"@type\":\"ImageObject\",\"inLanguage\":\"nb-NO\",\"@id\":\"https:\/\/tornedalens.com\/no\/#\/schema\/logo\/image\/\",\"url\":\"https:\/\/tornedalens.com\/wp-content\/uploads\/2022\/04\/logo-tornedalens-textil-small.png\",\"contentUrl\":\"https:\/\/tornedalens.com\/wp-content\/uploads\/2022\/04\/logo-tornedalens-textil-small.png\",\"width\":235,\"height\":49,\"caption\":\"Tornedalens Textil\"},\"image\":{\"@id\":\"https:\/\/tornedalens.com\/no\/#\/schema\/logo\/image\/\"},\"sameAs\":[\"https:\/\/www.facebook.com\/tornedalenshandskar\",\"https:\/\/www.instagram.com\/tornedalens.textil\/\"]}]}<\/script>\n<!-- \/ Yoast SEO plugin. -->","yoast_head_json":{"title":"Varme vintervotter for voksne med ullf\u00f4r laget i Finland","description":"Finske hjorteskinnvotter laget i Finland med utskiftbart f\u00f4r garanterer varme og komfortable hansker i mange \u00e5r.","robots":{"index":"index","follow":"follow","max-snippet":"max-snippet:-1","max-image-preview":"max-image-preview:large","max-video-preview":"max-video-preview:-1"},"canonical":"https:\/\/tornedalens.com\/no\/butik\/voksne\/hansker\/votter-dame-rod\/","og_locale":"nb_NO","og_type":"article","og_title":"Varme vintervotter for voksne med ullf\u00f4r laget i Finland","og_description":"Finske hjorteskinnvotter laget i Finland med utskiftbart f\u00f4r garanterer varme og komfortable hansker i mange \u00e5r.","og_url":"https:\/\/tornedalens.com\/no\/butik\/voksne\/hansker\/votter-dame-rod\/","og_site_name":"Tornedalens Textil","article_publisher":"https:\/\/www.facebook.com\/tornedalenshandskar","article_modified_time":"2026-01-07T12:28:06+00:00","og_image":[{"width":1700,"height":1700,"url":"https:\/\/tornedalens.com\/wp-content\/uploads\/2024\/08\/womensred1.jpg2_.jpg","type":"image\/jpeg"}],"twitter_card":"summary_large_image","schema":{"@context":"https:\/\/schema.org","@graph":[{"@type":"WebPage","@id":"https:\/\/tornedalens.com\/no\/butik\/voksne\/hansker\/votter-dame-rod\/","url":"https:\/\/tornedalens.com\/no\/butik\/voksne\/hansker\/votter-dame-rod\/","name":"Varme vintervotter for voksne med ullf\u00f4r laget i Finland","isPartOf":{"@id":"https:\/\/tornedalens.com\/no\/#website"},"primaryImageOfPage":{"@id":"https:\/\/tornedalens.com\/no\/butik\/voksne\/hansker\/votter-dame-rod\/#primaryimage"},"image":{"@id":"https:\/\/tornedalens.com\/no\/butik\/voksne\/hansker\/votter-dame-rod\/#primaryimage"},"thumbnailUrl":"https:\/\/tornedalens.com\/wp-content\/uploads\/2024\/08\/womensred1.jpg2_.jpg","datePublished":"2024-08-16T12:11:05+00:00","dateModified":"2026-01-07T12:28:06+00:00","description":"Finske hjorteskinnvotter laget i Finland med utskiftbart f\u00f4r garanterer varme og komfortable hansker i mange \u00e5r.","breadcrumb":{"@id":"https:\/\/tornedalens.com\/no\/butik\/voksne\/hansker\/votter-dame-rod\/#breadcrumb"},"inLanguage":"nb-NO","potentialAction":[{"@type":"ReadAction","target":["https:\/\/tornedalens.com\/no\/butik\/voksne\/hansker\/votter-dame-rod\/"]}]},{"@type":"ImageObject","inLanguage":"nb-NO","@id":"https:\/\/tornedalens.com\/no\/butik\/voksne\/hansker\/votter-dame-rod\/#primaryimage","url":"https:\/\/tornedalens.com\/wp-content\/uploads\/2024\/08\/womensred1.jpg2_.jpg","contentUrl":"https:\/\/tornedalens.com\/wp-content\/uploads\/2024\/08\/womensred1.jpg2_.jpg","width":1700,"height":1700},{"@type":"BreadcrumbList","@id":"https:\/\/tornedalens.com\/no\/butik\/voksne\/hansker\/votter-dame-rod\/#breadcrumb","itemListElement":[{"@type":"ListItem","position":1,"name":"Hem","item":"https:\/\/tornedalens.com\/no\/butikk-2\/"},{"@type":"ListItem","position":2,"name":"Butikk","item":"https:\/\/tornedalens.com\/no\/butikk\/"},{"@type":"ListItem","position":3,"name":"Votter dame &#8211; r\u00f8d"}]},{"@type":"WebSite","@id":"https:\/\/tornedalens.com\/no\/#website","url":"https:\/\/tornedalens.com\/no\/","name":"Tornedalens Textil","description":"Handskar till b\u00e5de barn &amp; vuxna","publisher":{"@id":"https:\/\/tornedalens.com\/no\/#organization"},"potentialAction":[{"@type":"SearchAction","target":{"@type":"EntryPoint","urlTemplate":"https:\/\/tornedalens.com\/no\/?s={search_term_string}"},"query-input":{"@type":"PropertyValueSpecification","valueRequired":true,"valueName":"search_term_string"}}],"inLanguage":"nb-NO"},{"@type":"Organization","@id":"https:\/\/tornedalens.com\/no\/#organization","name":"Tornedalens Textil","url":"https:\/\/tornedalens.com\/no\/","logo":{"@type":"ImageObject","inLanguage":"nb-NO","@id":"https:\/\/tornedalens.com\/no\/#\/schema\/logo\/image\/","url":"https:\/\/tornedalens.com\/wp-content\/uploads\/2022\/04\/logo-tornedalens-textil-small.png","contentUrl":"https:\/\/tornedalens.com\/wp-content\/uploads\/2022\/04\/logo-tornedalens-textil-small.png","width":235,"height":49,"caption":"Tornedalens Textil"},"image":{"@id":"https:\/\/tornedalens.com\/no\/#\/schema\/logo\/image\/"},"sameAs":["https:\/\/www.facebook.com\/tornedalenshandskar","https:\/\/www.instagram.com\/tornedalens.textil\/"]}]}},"_links":{"self":[{"href":"https:\/\/tornedalens.com\/no\/wp-json\/wp\/v2\/product\/82228","targetHints":{"allow":["GET"]}}],"collection":[{"href":"https:\/\/tornedalens.com\/no\/wp-json\/wp\/v2\/product"}],"about":[{"href":"https:\/\/tornedalens.com\/no\/wp-json\/wp\/v2\/types\/product"}],"version-history":[{"count":0,"href":"https:\/\/tornedalens.com\/no\/wp-json\/wp\/v2\/product\/82228\/revisions"}],"wp:featuredmedia":[{"embeddable":true,"href":"https:\/\/tornedalens.com\/no\/wp-json\/wp\/v2\/media\/82231"}],"wp:attachment":[{"href":"https:\/\/tornedalens.com\/no\/wp-json\/wp\/v2\/media?parent=82228"}],"wp:term":[{"taxonomy":"product_brand","embeddable":true,"href":"https:\/\/tornedalens.com\/no\/wp-json\/wp\/v2\/product_brand?post=82228"},{"taxonomy":"product_cat","embeddable":true,"href":"https:\/\/tornedalens.com\/no\/wp-json\/wp\/v2\/product_cat?post=82228"},{"taxonomy":"product_tag","embeddable":true,"href":"https:\/\/tornedalens.com\/no\/wp-json\/wp\/v2\/product_tag?post=82228"},{"taxonomy":"giftcard-category","embeddable":true,"href":"https:\/\/tornedalens.com\/no\/wp-json\/wp\/v2\/giftcard-category?post=82228"}],"curies":[{"name":"wp","href":"https:\/\/api.w.org\/{rel}","templated":true}]}}