{"id":81885,"date":"2022-10-15T21:19:22","date_gmt":"2022-10-15T19:19:22","guid":{"rendered":"https:\/\/tornedalens.com\/butik\/ukategorisert\/kjeledress-i-ull-bla-og-gra\/"},"modified":"2025-10-06T06:35:53","modified_gmt":"2025-10-06T04:35:53","slug":"kjeledress-i-ull-bla-og-gra","status":"publish","type":"product","link":"https:\/\/tornedalens.com\/no\/butik\/barn\/uttak\/kjeledress-i-ull-bla-og-gra\/","title":{"rendered":"Ulldress &#8211; Bl\u00e5 og gr\u00e5 st\u00f8rrelse 90"},"content":{"rendered":"<p><strong>To prisklasser <\/strong>: St\u00f8rrelse: 80-100 = 919:- og 110-120 = 949:-.<\/p>\n<p>Elastiske mansjetter, ben og hals i \u00f8kologisk bomull. P\u00e5 baksiden er det en l\u00f8kke for oppheng. Opp til st\u00f8rrelse 90 er det ekstra plass til bleier. Overallen fungerer alene, som et ekstra lag under utend\u00f8rskjeledressen eller n\u00e5r barnet sover i barnevognen.<\/p>\n<p><strong>Se st\u00f8rrelsesguiden for \u00e5 finne riktig st\u00f8rrelse.<\/strong><\/p>\n<p>Materialet er \u00d8ko-Tex-merket saueull, og f\u00f4ret er laget av ufarget \u00d8ko-Tex- og GOTS-merket \u00f8kologisk bomull.<\/p>\n<p>Ullvask p\u00e5 30 grader.<\/p>\n<p>Laget i Finland.<\/p>\n","protected":false},"excerpt":{"rendered":"<p>To prisklasser : St\u00f8rrelse: 80-100 = 919:- og 110-120 = 949:-. Elastiske mansjetter, ben og hals i \u00f8kologisk bomull. P\u00e5 [&hellip;]<\/p>\n","protected":false},"featured_media":81887,"template":"","meta":{"site-sidebar-layout":"default","site-content-layout":"","ast-site-content-layout":"default","site-content-style":"default","site-sidebar-style":"default","ast-global-header-display":"","ast-banner-title-visibility":"","ast-main-header-display":"","ast-hfb-above-header-display":"","ast-hfb-below-header-display":"","ast-hfb-mobile-header-display":"","site-post-title":"","ast-breadcrumbs-content":"","ast-featured-img":"","footer-sml-layout":"","ast-disable-related-posts":"","theme-transparent-header-meta":"default","adv-header-id-meta":"","stick-header-meta":"","header-above-stick-meta":"","header-main-stick-meta":"","header-below-stick-meta":"","astra-migrate-meta-layouts":"default","ast-page-background-enabled":"default","ast-page-background-meta":{"desktop":{"background-color":"var(--ast-global-color-5)","background-image":"","background-repeat":"repeat","background-position":"center center","background-size":"auto","background-attachment":"scroll","background-type":"","background-media":"","overlay-type":"","overlay-color":"","overlay-opacity":"","overlay-gradient":""},"tablet":{"background-color":"","background-image":"","background-repeat":"repeat","background-position":"center center","background-size":"auto","background-attachment":"scroll","background-type":"","background-media":"","overlay-type":"","overlay-color":"","overlay-opacity":"","overlay-gradient":""},"mobile":{"background-color":"","background-image":"","background-repeat":"repeat","background-position":"center center","background-size":"auto","background-attachment":"scroll","background-type":"","background-media":"","overlay-type":"","overlay-color":"","overlay-opacity":"","overlay-gradient":""}},"ast-content-background-meta":{"desktop":{"background-color":"var(--ast-global-color-4)","background-image":"","background-repeat":"repeat","background-position":"center center","background-size":"auto","background-attachment":"scroll","background-type":"","background-media":"","overlay-type":"","overlay-color":"","overlay-opacity":"","overlay-gradient":""},"tablet":{"background-color":"var(--ast-global-color-4)","background-image":"","background-repeat":"repeat","background-position":"center center","background-size":"auto","background-attachment":"scroll","background-type":"","background-media":"","overlay-type":"","overlay-color":"","overlay-opacity":"","overlay-gradient":""},"mobile":{"background-color":"var(--ast-global-color-4)","background-image":"","background-repeat":"repeat","background-position":"center center","background-size":"auto","background-attachment":"scroll","background-type":"","background-media":"","overlay-type":"","overlay-color":"","overlay-opacity":"","overlay-gradient":""}}},"product_brand":[],"product_cat":[262],"product_tag":[],"giftcard-category":[],"class_list":{"0":"post-81885","1":"product","2":"type-product","3":"status-publish","4":"has-post-thumbnail","6":"product_cat-uttak","7":"desktop-align-left","8":"tablet-align-left","9":"mobile-align-left","11":"first","12":"outofstock","13":"sale","14":"taxable","15":"shipping-taxable","16":"purchasable","17":"product-type-variable"},"yoast_head":"<!-- This site is optimized with the Yoast SEO plugin v27.2 - https:\/\/yoast.com\/product\/yoast-seo-wordpress\/ -->\n<title>Vintergensere og undert\u00f8y i merinoull til barn<\/title>\n<meta name=\"description\" content=\"Underlaget i merinoull holder deg varm selv i fuktig og v\u00e5tt v\u00e6r. Merinoull gj\u00f8r kjeledressen varm og pustende p\u00e5 samme tid.\" \/>\n<meta name=\"robots\" content=\"index, follow, max-snippet:-1, max-image-preview:large, max-video-preview:-1\" \/>\n<link rel=\"canonical\" href=\"https:\/\/tornedalens.com\/no\/butik\/barn\/uttak\/kjeledress-i-ull-bla-og-gra\/\" \/>\n<meta property=\"og:locale\" content=\"nb_NO\" \/>\n<meta property=\"og:type\" content=\"article\" \/>\n<meta property=\"og:title\" content=\"Vintergensere og undert\u00f8y i merinoull til barn\" \/>\n<meta property=\"og:description\" content=\"Underlaget i merinoull holder deg varm selv i fuktig og v\u00e5tt v\u00e6r. Merinoull gj\u00f8r kjeledressen varm og pustende p\u00e5 samme tid.\" \/>\n<meta property=\"og:url\" content=\"https:\/\/tornedalens.com\/no\/butik\/barn\/uttak\/kjeledress-i-ull-bla-og-gra\/\" \/>\n<meta property=\"og:site_name\" content=\"Tornedalens Textil\" \/>\n<meta property=\"article:publisher\" content=\"https:\/\/www.facebook.com\/tornedalenshandskar\" \/>\n<meta property=\"article:modified_time\" content=\"2025-10-06T04:35:53+00:00\" \/>\n<meta property=\"og:image\" content=\"https:\/\/tornedalens.com\/wp-content\/uploads\/2022\/10\/731-82U-79-b.jpg\" \/>\n\t<meta property=\"og:image:width\" content=\"1772\" \/>\n\t<meta property=\"og:image:height\" content=\"1772\" \/>\n\t<meta property=\"og:image:type\" content=\"image\/jpeg\" \/>\n<meta name=\"twitter:card\" content=\"summary_large_image\" \/>\n<script type=\"application\/ld+json\" class=\"yoast-schema-graph\">{\"@context\":\"https:\/\/schema.org\",\"@graph\":[{\"@type\":\"WebPage\",\"@id\":\"https:\/\/tornedalens.com\/no\/butik\/barn\/uttak\/kjeledress-i-ull-bla-og-gra\/\",\"url\":\"https:\/\/tornedalens.com\/no\/butik\/barn\/uttak\/kjeledress-i-ull-bla-og-gra\/\",\"name\":\"Vintergensere og undert\u00f8y i merinoull til barn\",\"isPartOf\":{\"@id\":\"https:\/\/tornedalens.com\/no\/#website\"},\"primaryImageOfPage\":{\"@id\":\"https:\/\/tornedalens.com\/no\/butik\/barn\/uttak\/kjeledress-i-ull-bla-og-gra\/#primaryimage\"},\"image\":{\"@id\":\"https:\/\/tornedalens.com\/no\/butik\/barn\/uttak\/kjeledress-i-ull-bla-og-gra\/#primaryimage\"},\"thumbnailUrl\":\"https:\/\/tornedalens.com\/wp-content\/uploads\/2022\/10\/731-82U-79-b.jpg\",\"datePublished\":\"2022-10-15T19:19:22+00:00\",\"dateModified\":\"2025-10-06T04:35:53+00:00\",\"description\":\"Underlaget i merinoull holder deg varm selv i fuktig og v\u00e5tt v\u00e6r. Merinoull gj\u00f8r kjeledressen varm og pustende p\u00e5 samme tid.\",\"breadcrumb\":{\"@id\":\"https:\/\/tornedalens.com\/no\/butik\/barn\/uttak\/kjeledress-i-ull-bla-og-gra\/#breadcrumb\"},\"inLanguage\":\"nb-NO\",\"potentialAction\":[{\"@type\":\"ReadAction\",\"target\":[\"https:\/\/tornedalens.com\/no\/butik\/barn\/uttak\/kjeledress-i-ull-bla-og-gra\/\"]}]},{\"@type\":\"ImageObject\",\"inLanguage\":\"nb-NO\",\"@id\":\"https:\/\/tornedalens.com\/no\/butik\/barn\/uttak\/kjeledress-i-ull-bla-og-gra\/#primaryimage\",\"url\":\"https:\/\/tornedalens.com\/wp-content\/uploads\/2022\/10\/731-82U-79-b.jpg\",\"contentUrl\":\"https:\/\/tornedalens.com\/wp-content\/uploads\/2022\/10\/731-82U-79-b.jpg\",\"width\":1772,\"height\":1772},{\"@type\":\"BreadcrumbList\",\"@id\":\"https:\/\/tornedalens.com\/no\/butik\/barn\/uttak\/kjeledress-i-ull-bla-og-gra\/#breadcrumb\",\"itemListElement\":[{\"@type\":\"ListItem\",\"position\":1,\"name\":\"Hem\",\"item\":\"https:\/\/tornedalens.com\/no\/butikk-2\/\"},{\"@type\":\"ListItem\",\"position\":2,\"name\":\"Butikk\",\"item\":\"https:\/\/tornedalens.com\/no\/butikk\/\"},{\"@type\":\"ListItem\",\"position\":3,\"name\":\"Ulldress &#8211; Bl\u00e5 og gr\u00e5 st\u00f8rrelse 90\"}]},{\"@type\":\"WebSite\",\"@id\":\"https:\/\/tornedalens.com\/no\/#website\",\"url\":\"https:\/\/tornedalens.com\/no\/\",\"name\":\"Tornedalens Textil\",\"description\":\"Handskar till b\u00e5de barn &amp; vuxna\",\"publisher\":{\"@id\":\"https:\/\/tornedalens.com\/no\/#organization\"},\"potentialAction\":[{\"@type\":\"SearchAction\",\"target\":{\"@type\":\"EntryPoint\",\"urlTemplate\":\"https:\/\/tornedalens.com\/no\/?s={search_term_string}\"},\"query-input\":{\"@type\":\"PropertyValueSpecification\",\"valueRequired\":true,\"valueName\":\"search_term_string\"}}],\"inLanguage\":\"nb-NO\"},{\"@type\":\"Organization\",\"@id\":\"https:\/\/tornedalens.com\/no\/#organization\",\"name\":\"Tornedalens Textil\",\"url\":\"https:\/\/tornedalens.com\/no\/\",\"logo\":{\"@type\":\"ImageObject\",\"inLanguage\":\"nb-NO\",\"@id\":\"https:\/\/tornedalens.com\/no\/#\/schema\/logo\/image\/\",\"url\":\"https:\/\/tornedalens.com\/wp-content\/uploads\/2022\/04\/logo-tornedalens-textil-small.png\",\"contentUrl\":\"https:\/\/tornedalens.com\/wp-content\/uploads\/2022\/04\/logo-tornedalens-textil-small.png\",\"width\":235,\"height\":49,\"caption\":\"Tornedalens Textil\"},\"image\":{\"@id\":\"https:\/\/tornedalens.com\/no\/#\/schema\/logo\/image\/\"},\"sameAs\":[\"https:\/\/www.facebook.com\/tornedalenshandskar\",\"https:\/\/www.instagram.com\/tornedalens.textil\/\"]}]}<\/script>\n<!-- \/ Yoast SEO plugin. -->","yoast_head_json":{"title":"Vintergensere og undert\u00f8y i merinoull til barn","description":"Underlaget i merinoull holder deg varm selv i fuktig og v\u00e5tt v\u00e6r. Merinoull gj\u00f8r kjeledressen varm og pustende p\u00e5 samme tid.","robots":{"index":"index","follow":"follow","max-snippet":"max-snippet:-1","max-image-preview":"max-image-preview:large","max-video-preview":"max-video-preview:-1"},"canonical":"https:\/\/tornedalens.com\/no\/butik\/barn\/uttak\/kjeledress-i-ull-bla-og-gra\/","og_locale":"nb_NO","og_type":"article","og_title":"Vintergensere og undert\u00f8y i merinoull til barn","og_description":"Underlaget i merinoull holder deg varm selv i fuktig og v\u00e5tt v\u00e6r. Merinoull gj\u00f8r kjeledressen varm og pustende p\u00e5 samme tid.","og_url":"https:\/\/tornedalens.com\/no\/butik\/barn\/uttak\/kjeledress-i-ull-bla-og-gra\/","og_site_name":"Tornedalens Textil","article_publisher":"https:\/\/www.facebook.com\/tornedalenshandskar","article_modified_time":"2025-10-06T04:35:53+00:00","og_image":[{"width":1772,"height":1772,"url":"https:\/\/tornedalens.com\/wp-content\/uploads\/2022\/10\/731-82U-79-b.jpg","type":"image\/jpeg"}],"twitter_card":"summary_large_image","schema":{"@context":"https:\/\/schema.org","@graph":[{"@type":"WebPage","@id":"https:\/\/tornedalens.com\/no\/butik\/barn\/uttak\/kjeledress-i-ull-bla-og-gra\/","url":"https:\/\/tornedalens.com\/no\/butik\/barn\/uttak\/kjeledress-i-ull-bla-og-gra\/","name":"Vintergensere og undert\u00f8y i merinoull til barn","isPartOf":{"@id":"https:\/\/tornedalens.com\/no\/#website"},"primaryImageOfPage":{"@id":"https:\/\/tornedalens.com\/no\/butik\/barn\/uttak\/kjeledress-i-ull-bla-og-gra\/#primaryimage"},"image":{"@id":"https:\/\/tornedalens.com\/no\/butik\/barn\/uttak\/kjeledress-i-ull-bla-og-gra\/#primaryimage"},"thumbnailUrl":"https:\/\/tornedalens.com\/wp-content\/uploads\/2022\/10\/731-82U-79-b.jpg","datePublished":"2022-10-15T19:19:22+00:00","dateModified":"2025-10-06T04:35:53+00:00","description":"Underlaget i merinoull holder deg varm selv i fuktig og v\u00e5tt v\u00e6r. Merinoull gj\u00f8r kjeledressen varm og pustende p\u00e5 samme tid.","breadcrumb":{"@id":"https:\/\/tornedalens.com\/no\/butik\/barn\/uttak\/kjeledress-i-ull-bla-og-gra\/#breadcrumb"},"inLanguage":"nb-NO","potentialAction":[{"@type":"ReadAction","target":["https:\/\/tornedalens.com\/no\/butik\/barn\/uttak\/kjeledress-i-ull-bla-og-gra\/"]}]},{"@type":"ImageObject","inLanguage":"nb-NO","@id":"https:\/\/tornedalens.com\/no\/butik\/barn\/uttak\/kjeledress-i-ull-bla-og-gra\/#primaryimage","url":"https:\/\/tornedalens.com\/wp-content\/uploads\/2022\/10\/731-82U-79-b.jpg","contentUrl":"https:\/\/tornedalens.com\/wp-content\/uploads\/2022\/10\/731-82U-79-b.jpg","width":1772,"height":1772},{"@type":"BreadcrumbList","@id":"https:\/\/tornedalens.com\/no\/butik\/barn\/uttak\/kjeledress-i-ull-bla-og-gra\/#breadcrumb","itemListElement":[{"@type":"ListItem","position":1,"name":"Hem","item":"https:\/\/tornedalens.com\/no\/butikk-2\/"},{"@type":"ListItem","position":2,"name":"Butikk","item":"https:\/\/tornedalens.com\/no\/butikk\/"},{"@type":"ListItem","position":3,"name":"Ulldress &#8211; Bl\u00e5 og gr\u00e5 st\u00f8rrelse 90"}]},{"@type":"WebSite","@id":"https:\/\/tornedalens.com\/no\/#website","url":"https:\/\/tornedalens.com\/no\/","name":"Tornedalens Textil","description":"Handskar till b\u00e5de barn &amp; vuxna","publisher":{"@id":"https:\/\/tornedalens.com\/no\/#organization"},"potentialAction":[{"@type":"SearchAction","target":{"@type":"EntryPoint","urlTemplate":"https:\/\/tornedalens.com\/no\/?s={search_term_string}"},"query-input":{"@type":"PropertyValueSpecification","valueRequired":true,"valueName":"search_term_string"}}],"inLanguage":"nb-NO"},{"@type":"Organization","@id":"https:\/\/tornedalens.com\/no\/#organization","name":"Tornedalens Textil","url":"https:\/\/tornedalens.com\/no\/","logo":{"@type":"ImageObject","inLanguage":"nb-NO","@id":"https:\/\/tornedalens.com\/no\/#\/schema\/logo\/image\/","url":"https:\/\/tornedalens.com\/wp-content\/uploads\/2022\/04\/logo-tornedalens-textil-small.png","contentUrl":"https:\/\/tornedalens.com\/wp-content\/uploads\/2022\/04\/logo-tornedalens-textil-small.png","width":235,"height":49,"caption":"Tornedalens Textil"},"image":{"@id":"https:\/\/tornedalens.com\/no\/#\/schema\/logo\/image\/"},"sameAs":["https:\/\/www.facebook.com\/tornedalenshandskar","https:\/\/www.instagram.com\/tornedalens.textil\/"]}]}},"_links":{"self":[{"href":"https:\/\/tornedalens.com\/no\/wp-json\/wp\/v2\/product\/81885","targetHints":{"allow":["GET"]}}],"collection":[{"href":"https:\/\/tornedalens.com\/no\/wp-json\/wp\/v2\/product"}],"about":[{"href":"https:\/\/tornedalens.com\/no\/wp-json\/wp\/v2\/types\/product"}],"version-history":[{"count":0,"href":"https:\/\/tornedalens.com\/no\/wp-json\/wp\/v2\/product\/81885\/revisions"}],"wp:featuredmedia":[{"embeddable":true,"href":"https:\/\/tornedalens.com\/no\/wp-json\/wp\/v2\/media\/81887"}],"wp:attachment":[{"href":"https:\/\/tornedalens.com\/no\/wp-json\/wp\/v2\/media?parent=81885"}],"wp:term":[{"taxonomy":"product_brand","embeddable":true,"href":"https:\/\/tornedalens.com\/no\/wp-json\/wp\/v2\/product_brand?post=81885"},{"taxonomy":"product_cat","embeddable":true,"href":"https:\/\/tornedalens.com\/no\/wp-json\/wp\/v2\/product_cat?post=81885"},{"taxonomy":"product_tag","embeddable":true,"href":"https:\/\/tornedalens.com\/no\/wp-json\/wp\/v2\/product_tag?post=81885"},{"taxonomy":"giftcard-category","embeddable":true,"href":"https:\/\/tornedalens.com\/no\/wp-json\/wp\/v2\/giftcard-category?post=81885"}],"curies":[{"name":"wp","href":"https:\/\/api.w.org\/{rel}","templated":true}]}}