{"id":81687,"date":"2018-01-27T08:44:29","date_gmt":"2018-01-27T07:44:29","guid":{"rendered":"https:\/\/tornedalens.com\/butik\/ukategorisert\/tornedal-hanske-voksen-svart\/"},"modified":"2025-11-20T13:04:20","modified_gmt":"2025-11-20T12:04:20","slug":"tornedal-hanske-voksen-svart","status":"publish","type":"product","link":"https:\/\/tornedalens.com\/no\/butik\/voksne\/hansker\/tornedal-hanske-voksen-svart\/","title":{"rendered":"Tornedal Hanske Voksen Svart"},"content":{"rendered":"<p>Denne popul\u00e6re vinterhansken er laget av actionstoff av sv\u00e6rt h\u00f8y kvalitet. Stoffet er b\u00e5de fuktavvisende og vindtett. Hanskene er laget for \u00e5 t\u00e5le kulde og fuktighet.<\/p>\n<p>Hanskene er produsert i Finland og inneholder ingen giftige fargestoffer eller kjemikalier. F\u00f4ret best\u00e5r av 50 % ull og 50 % polyester. Innsiden av stoffet har et polyuretanbelegg.<\/p>\n<p>M\u00e5l fra h\u00e5ndledd til fingertupp:<\/p>\n<p>St\u00f8rrelse. XS ca. 17-18 cm, noe som tilsvarer ca. 6,5-7.<\/p>\n<p>St\u00f8rrelse. S &#8211; damest\u00f8rrelse, ca. 18-19 cm og tilsvarer omtrent st\u00f8rrelse 7,5-8.<\/p>\n<p>St\u00f8rrelse. S\/M &#8211; damemodell, ca. 19,5-20 cm og tilsvarer omtrent st\u00f8rrelse 8-8,5, litt lengre modell enn S.<\/p>\n<p>St\u00f8rrelse. M &#8211; dame- og herremodell, ca. 20 cm og tilsvarer omtrent st\u00f8rrelse 8,5-9, denne modellen passer vanligvis godt hvis du som kvinne \u00f8nsker en ullvott som f\u00f8rste lag.<\/p>\n<p>St\u00f8rrelse. L &#8211; herremodell, ca. 20,5-21 cm og tilsvarer omtrent st\u00f8rrelse 9.<\/p>\n<p>St\u00f8rrelse. XL &#8211; herremodell, ca. 21-22 cm og tilsvarer omtrent st\u00f8rrelse 10.<\/p>\n<p>St\u00f8rrelse XXL &#8211; herremodell, ca. 22-23 cm og tilsvarer omtrent st\u00f8rrelse 11.<\/p>\n<p>Hvis du \u00f8nsker \u00e5 bruke en ullvott under, b\u00f8r du g\u00e5 opp en st\u00f8rrelse p\u00e5 denne hansken. Damer med litt st\u00f8rre hender velger for eksempel merinoull i st\u00f8rrelse S i fingeren og M i votten og L p\u00e5 denne tornedalske hansken.<\/p>\n<p><em>N\u00e5r du bestiller, er det ikke alltid at refleksb\u00e5ndene er n\u00f8yaktig de samme som p\u00e5 bildene. Noe variasjon kan forekomme.<\/em><\/p>\n<p><strong>PLEIE <\/strong><strong>: Maskinvask <\/strong>p\u00e5 <strong>40 grader<\/strong><strong> eller h\u00e5ndvask <\/strong>. Bruk vaskemiddel <strong>uten blekemiddel og unng\u00e5 t\u00f8ymykner <\/strong>som<strong> <\/strong>t\u00f8ymykneren tetter igjen porene i stoffet, og pusteevnen blir d\u00e5rligere.  <strong>M\u00e5 ikke sentrifugeres eller t\u00f8rkes i t\u00f8rketrommel.<\/strong>  T\u00f8rkeskap kan brukes, men helst ikke med den h\u00f8yeste varmen. Ikke t\u00f8rk hanskene p\u00e5 radiatorer. Hanskene kan <strong>t\u00f8rkes med f\u00f4ret trukket ut.<\/strong><\/p>\n","protected":false},"excerpt":{"rendered":"<p>Varme vinterhansker for voksne med ullf\u00f4r<\/p>\n","protected":false},"featured_media":81710,"template":"","meta":{"site-sidebar-layout":"default","site-content-layout":"","ast-site-content-layout":"default","site-content-style":"default","site-sidebar-style":"default","ast-global-header-display":"","ast-banner-title-visibility":"","ast-main-header-display":"","ast-hfb-above-header-display":"","ast-hfb-below-header-display":"","ast-hfb-mobile-header-display":"","site-post-title":"","ast-breadcrumbs-content":"","ast-featured-img":"","footer-sml-layout":"","ast-disable-related-posts":"","theme-transparent-header-meta":"","adv-header-id-meta":"","stick-header-meta":"","header-above-stick-meta":"","header-main-stick-meta":"","header-below-stick-meta":"","astra-migrate-meta-layouts":"default","ast-page-background-enabled":"default","ast-page-background-meta":{"desktop":{"background-color":"var(--ast-global-color-5)","background-image":"","background-repeat":"repeat","background-position":"center center","background-size":"auto","background-attachment":"scroll","background-type":"","background-media":"","overlay-type":"","overlay-color":"","overlay-opacity":"","overlay-gradient":""},"tablet":{"background-color":"","background-image":"","background-repeat":"repeat","background-position":"center center","background-size":"auto","background-attachment":"scroll","background-type":"","background-media":"","overlay-type":"","overlay-color":"","overlay-opacity":"","overlay-gradient":""},"mobile":{"background-color":"","background-image":"","background-repeat":"repeat","background-position":"center center","background-size":"auto","background-attachment":"scroll","background-type":"","background-media":"","overlay-type":"","overlay-color":"","overlay-opacity":"","overlay-gradient":""}},"ast-content-background-meta":{"desktop":{"background-color":"var(--ast-global-color-4)","background-image":"","background-repeat":"repeat","background-position":"center center","background-size":"auto","background-attachment":"scroll","background-type":"","background-media":"","overlay-type":"","overlay-color":"","overlay-opacity":"","overlay-gradient":""},"tablet":{"background-color":"var(--ast-global-color-4)","background-image":"","background-repeat":"repeat","background-position":"center center","background-size":"auto","background-attachment":"scroll","background-type":"","background-media":"","overlay-type":"","overlay-color":"","overlay-opacity":"","overlay-gradient":""},"mobile":{"background-color":"var(--ast-global-color-4)","background-image":"","background-repeat":"repeat","background-position":"center center","background-size":"auto","background-attachment":"scroll","background-type":"","background-media":"","overlay-type":"","overlay-color":"","overlay-opacity":"","overlay-gradient":""}}},"product_brand":[],"product_cat":[253,251],"product_tag":[],"giftcard-category":[],"class_list":{"0":"post-81687","1":"product","2":"type-product","3":"status-publish","4":"has-post-thumbnail","6":"product_cat-hansker","7":"product_cat-voksne","8":"desktop-align-left","9":"tablet-align-left","10":"mobile-align-left","12":"first","13":"instock","14":"taxable","15":"shipping-taxable","16":"purchasable","17":"product-type-variable"},"yoast_head":"<!-- This site is optimized with the Yoast SEO plugin v27.2 - https:\/\/yoast.com\/product\/yoast-seo-wordpress\/ -->\n<title>Varme vintervotter for voksne med ullf\u00f4r laget i Finland<\/title>\n<meta name=\"description\" content=\"Tornedals-hansken for voksne er fuktavvisende og har ullf\u00f4r. Vottene holder hendene varme selv p\u00e5 de kaldeste vinterdagene.\" \/>\n<meta name=\"robots\" content=\"index, follow, max-snippet:-1, max-image-preview:large, max-video-preview:-1\" \/>\n<link rel=\"canonical\" href=\"https:\/\/tornedalens.com\/no\/butik\/voksne\/hansker\/tornedal-hanske-voksen-svart\/\" \/>\n<meta property=\"og:locale\" content=\"nb_NO\" \/>\n<meta property=\"og:type\" content=\"article\" \/>\n<meta property=\"og:title\" content=\"Varme vintervotter for voksne med ullf\u00f4r laget i Finland\" \/>\n<meta property=\"og:description\" content=\"Tornedals-hansken for voksne er fuktavvisende og har ullf\u00f4r. Vottene holder hendene varme selv p\u00e5 de kaldeste vinterdagene.\" \/>\n<meta property=\"og:url\" content=\"https:\/\/tornedalens.com\/no\/butik\/voksne\/hansker\/tornedal-hanske-voksen-svart\/\" \/>\n<meta property=\"og:site_name\" content=\"Tornedalens Textil\" \/>\n<meta property=\"article:publisher\" content=\"https:\/\/www.facebook.com\/tornedalenshandskar\" \/>\n<meta property=\"article:modified_time\" content=\"2025-11-20T12:04:20+00:00\" \/>\n<meta property=\"og:image\" content=\"https:\/\/tornedalens.com\/wp-content\/uploads\/2018\/01\/Vuxen.jpg\" \/>\n\t<meta property=\"og:image:width\" content=\"1200\" \/>\n\t<meta property=\"og:image:height\" content=\"1200\" \/>\n\t<meta property=\"og:image:type\" content=\"image\/jpeg\" \/>\n<meta name=\"twitter:card\" content=\"summary_large_image\" \/>\n<meta name=\"twitter:label1\" content=\"Ansl. lesetid\" \/>\n\t<meta name=\"twitter:data1\" content=\"2 minutter\" \/>\n<script type=\"application\/ld+json\" class=\"yoast-schema-graph\">{\"@context\":\"https:\/\/schema.org\",\"@graph\":[{\"@type\":\"WebPage\",\"@id\":\"https:\/\/tornedalens.com\/no\/butik\/voksne\/hansker\/tornedal-hanske-voksen-svart\/\",\"url\":\"https:\/\/tornedalens.com\/no\/butik\/voksne\/hansker\/tornedal-hanske-voksen-svart\/\",\"name\":\"Varme vintervotter for voksne med ullf\u00f4r laget i Finland\",\"isPartOf\":{\"@id\":\"https:\/\/tornedalens.com\/no\/#website\"},\"primaryImageOfPage\":{\"@id\":\"https:\/\/tornedalens.com\/no\/butik\/voksne\/hansker\/tornedal-hanske-voksen-svart\/#primaryimage\"},\"image\":{\"@id\":\"https:\/\/tornedalens.com\/no\/butik\/voksne\/hansker\/tornedal-hanske-voksen-svart\/#primaryimage\"},\"thumbnailUrl\":\"https:\/\/tornedalens.com\/wp-content\/uploads\/2018\/01\/Vuxen.jpg\",\"datePublished\":\"2018-01-27T07:44:29+00:00\",\"dateModified\":\"2025-11-20T12:04:20+00:00\",\"description\":\"Tornedals-hansken for voksne er fuktavvisende og har ullf\u00f4r. Vottene holder hendene varme selv p\u00e5 de kaldeste vinterdagene.\",\"breadcrumb\":{\"@id\":\"https:\/\/tornedalens.com\/no\/butik\/voksne\/hansker\/tornedal-hanske-voksen-svart\/#breadcrumb\"},\"inLanguage\":\"nb-NO\",\"potentialAction\":[{\"@type\":\"ReadAction\",\"target\":[\"https:\/\/tornedalens.com\/no\/butik\/voksne\/hansker\/tornedal-hanske-voksen-svart\/\"]}]},{\"@type\":\"ImageObject\",\"inLanguage\":\"nb-NO\",\"@id\":\"https:\/\/tornedalens.com\/no\/butik\/voksne\/hansker\/tornedal-hanske-voksen-svart\/#primaryimage\",\"url\":\"https:\/\/tornedalens.com\/wp-content\/uploads\/2018\/01\/Vuxen.jpg\",\"contentUrl\":\"https:\/\/tornedalens.com\/wp-content\/uploads\/2018\/01\/Vuxen.jpg\",\"width\":1200,\"height\":1200},{\"@type\":\"BreadcrumbList\",\"@id\":\"https:\/\/tornedalens.com\/no\/butik\/voksne\/hansker\/tornedal-hanske-voksen-svart\/#breadcrumb\",\"itemListElement\":[{\"@type\":\"ListItem\",\"position\":1,\"name\":\"Hem\",\"item\":\"https:\/\/tornedalens.com\/no\/butikk-2\/\"},{\"@type\":\"ListItem\",\"position\":2,\"name\":\"Butikk\",\"item\":\"https:\/\/tornedalens.com\/no\/butikk\/\"},{\"@type\":\"ListItem\",\"position\":3,\"name\":\"Tornedal Hanske Voksen Svart\"}]},{\"@type\":\"WebSite\",\"@id\":\"https:\/\/tornedalens.com\/no\/#website\",\"url\":\"https:\/\/tornedalens.com\/no\/\",\"name\":\"Tornedalens Textil\",\"description\":\"Handskar till b\u00e5de barn &amp; vuxna\",\"publisher\":{\"@id\":\"https:\/\/tornedalens.com\/no\/#organization\"},\"potentialAction\":[{\"@type\":\"SearchAction\",\"target\":{\"@type\":\"EntryPoint\",\"urlTemplate\":\"https:\/\/tornedalens.com\/no\/?s={search_term_string}\"},\"query-input\":{\"@type\":\"PropertyValueSpecification\",\"valueRequired\":true,\"valueName\":\"search_term_string\"}}],\"inLanguage\":\"nb-NO\"},{\"@type\":\"Organization\",\"@id\":\"https:\/\/tornedalens.com\/no\/#organization\",\"name\":\"Tornedalens Textil\",\"url\":\"https:\/\/tornedalens.com\/no\/\",\"logo\":{\"@type\":\"ImageObject\",\"inLanguage\":\"nb-NO\",\"@id\":\"https:\/\/tornedalens.com\/no\/#\/schema\/logo\/image\/\",\"url\":\"https:\/\/tornedalens.com\/wp-content\/uploads\/2022\/04\/logo-tornedalens-textil-small.png\",\"contentUrl\":\"https:\/\/tornedalens.com\/wp-content\/uploads\/2022\/04\/logo-tornedalens-textil-small.png\",\"width\":235,\"height\":49,\"caption\":\"Tornedalens Textil\"},\"image\":{\"@id\":\"https:\/\/tornedalens.com\/no\/#\/schema\/logo\/image\/\"},\"sameAs\":[\"https:\/\/www.facebook.com\/tornedalenshandskar\",\"https:\/\/www.instagram.com\/tornedalens.textil\/\"]}]}<\/script>\n<!-- \/ Yoast SEO plugin. -->","yoast_head_json":{"title":"Varme vintervotter for voksne med ullf\u00f4r laget i Finland","description":"Tornedals-hansken for voksne er fuktavvisende og har ullf\u00f4r. Vottene holder hendene varme selv p\u00e5 de kaldeste vinterdagene.","robots":{"index":"index","follow":"follow","max-snippet":"max-snippet:-1","max-image-preview":"max-image-preview:large","max-video-preview":"max-video-preview:-1"},"canonical":"https:\/\/tornedalens.com\/no\/butik\/voksne\/hansker\/tornedal-hanske-voksen-svart\/","og_locale":"nb_NO","og_type":"article","og_title":"Varme vintervotter for voksne med ullf\u00f4r laget i Finland","og_description":"Tornedals-hansken for voksne er fuktavvisende og har ullf\u00f4r. Vottene holder hendene varme selv p\u00e5 de kaldeste vinterdagene.","og_url":"https:\/\/tornedalens.com\/no\/butik\/voksne\/hansker\/tornedal-hanske-voksen-svart\/","og_site_name":"Tornedalens Textil","article_publisher":"https:\/\/www.facebook.com\/tornedalenshandskar","article_modified_time":"2025-11-20T12:04:20+00:00","og_image":[{"width":1200,"height":1200,"url":"https:\/\/tornedalens.com\/wp-content\/uploads\/2018\/01\/Vuxen.jpg","type":"image\/jpeg"}],"twitter_card":"summary_large_image","twitter_misc":{"Ansl. lesetid":"2 minutter"},"schema":{"@context":"https:\/\/schema.org","@graph":[{"@type":"WebPage","@id":"https:\/\/tornedalens.com\/no\/butik\/voksne\/hansker\/tornedal-hanske-voksen-svart\/","url":"https:\/\/tornedalens.com\/no\/butik\/voksne\/hansker\/tornedal-hanske-voksen-svart\/","name":"Varme vintervotter for voksne med ullf\u00f4r laget i Finland","isPartOf":{"@id":"https:\/\/tornedalens.com\/no\/#website"},"primaryImageOfPage":{"@id":"https:\/\/tornedalens.com\/no\/butik\/voksne\/hansker\/tornedal-hanske-voksen-svart\/#primaryimage"},"image":{"@id":"https:\/\/tornedalens.com\/no\/butik\/voksne\/hansker\/tornedal-hanske-voksen-svart\/#primaryimage"},"thumbnailUrl":"https:\/\/tornedalens.com\/wp-content\/uploads\/2018\/01\/Vuxen.jpg","datePublished":"2018-01-27T07:44:29+00:00","dateModified":"2025-11-20T12:04:20+00:00","description":"Tornedals-hansken for voksne er fuktavvisende og har ullf\u00f4r. Vottene holder hendene varme selv p\u00e5 de kaldeste vinterdagene.","breadcrumb":{"@id":"https:\/\/tornedalens.com\/no\/butik\/voksne\/hansker\/tornedal-hanske-voksen-svart\/#breadcrumb"},"inLanguage":"nb-NO","potentialAction":[{"@type":"ReadAction","target":["https:\/\/tornedalens.com\/no\/butik\/voksne\/hansker\/tornedal-hanske-voksen-svart\/"]}]},{"@type":"ImageObject","inLanguage":"nb-NO","@id":"https:\/\/tornedalens.com\/no\/butik\/voksne\/hansker\/tornedal-hanske-voksen-svart\/#primaryimage","url":"https:\/\/tornedalens.com\/wp-content\/uploads\/2018\/01\/Vuxen.jpg","contentUrl":"https:\/\/tornedalens.com\/wp-content\/uploads\/2018\/01\/Vuxen.jpg","width":1200,"height":1200},{"@type":"BreadcrumbList","@id":"https:\/\/tornedalens.com\/no\/butik\/voksne\/hansker\/tornedal-hanske-voksen-svart\/#breadcrumb","itemListElement":[{"@type":"ListItem","position":1,"name":"Hem","item":"https:\/\/tornedalens.com\/no\/butikk-2\/"},{"@type":"ListItem","position":2,"name":"Butikk","item":"https:\/\/tornedalens.com\/no\/butikk\/"},{"@type":"ListItem","position":3,"name":"Tornedal Hanske Voksen Svart"}]},{"@type":"WebSite","@id":"https:\/\/tornedalens.com\/no\/#website","url":"https:\/\/tornedalens.com\/no\/","name":"Tornedalens Textil","description":"Handskar till b\u00e5de barn &amp; vuxna","publisher":{"@id":"https:\/\/tornedalens.com\/no\/#organization"},"potentialAction":[{"@type":"SearchAction","target":{"@type":"EntryPoint","urlTemplate":"https:\/\/tornedalens.com\/no\/?s={search_term_string}"},"query-input":{"@type":"PropertyValueSpecification","valueRequired":true,"valueName":"search_term_string"}}],"inLanguage":"nb-NO"},{"@type":"Organization","@id":"https:\/\/tornedalens.com\/no\/#organization","name":"Tornedalens Textil","url":"https:\/\/tornedalens.com\/no\/","logo":{"@type":"ImageObject","inLanguage":"nb-NO","@id":"https:\/\/tornedalens.com\/no\/#\/schema\/logo\/image\/","url":"https:\/\/tornedalens.com\/wp-content\/uploads\/2022\/04\/logo-tornedalens-textil-small.png","contentUrl":"https:\/\/tornedalens.com\/wp-content\/uploads\/2022\/04\/logo-tornedalens-textil-small.png","width":235,"height":49,"caption":"Tornedalens Textil"},"image":{"@id":"https:\/\/tornedalens.com\/no\/#\/schema\/logo\/image\/"},"sameAs":["https:\/\/www.facebook.com\/tornedalenshandskar","https:\/\/www.instagram.com\/tornedalens.textil\/"]}]}},"_links":{"self":[{"href":"https:\/\/tornedalens.com\/no\/wp-json\/wp\/v2\/product\/81687","targetHints":{"allow":["GET"]}}],"collection":[{"href":"https:\/\/tornedalens.com\/no\/wp-json\/wp\/v2\/product"}],"about":[{"href":"https:\/\/tornedalens.com\/no\/wp-json\/wp\/v2\/types\/product"}],"version-history":[{"count":0,"href":"https:\/\/tornedalens.com\/no\/wp-json\/wp\/v2\/product\/81687\/revisions"}],"wp:featuredmedia":[{"embeddable":true,"href":"https:\/\/tornedalens.com\/no\/wp-json\/wp\/v2\/media\/81710"}],"wp:attachment":[{"href":"https:\/\/tornedalens.com\/no\/wp-json\/wp\/v2\/media?parent=81687"}],"wp:term":[{"taxonomy":"product_brand","embeddable":true,"href":"https:\/\/tornedalens.com\/no\/wp-json\/wp\/v2\/product_brand?post=81687"},{"taxonomy":"product_cat","embeddable":true,"href":"https:\/\/tornedalens.com\/no\/wp-json\/wp\/v2\/product_cat?post=81687"},{"taxonomy":"product_tag","embeddable":true,"href":"https:\/\/tornedalens.com\/no\/wp-json\/wp\/v2\/product_tag?post=81687"},{"taxonomy":"giftcard-category","embeddable":true,"href":"https:\/\/tornedalens.com\/no\/wp-json\/wp\/v2\/giftcard-category?post=81687"}],"curies":[{"name":"wp","href":"https:\/\/api.w.org\/{rel}","templated":true}]}}