{"id":81588,"date":"2022-08-15T21:38:37","date_gmt":"2022-08-15T19:38:37","guid":{"rendered":"https:\/\/tornedalens.com\/butik\/ukategorisert\/tornedalshandske-camouflage-xxl\/"},"modified":"2025-10-05T22:14:53","modified_gmt":"2025-10-05T20:14:53","slug":"tornedalshandske-camouflage-xxl","status":"publish","type":"product","link":"https:\/\/tornedalens.com\/no\/butik\/barn\/uttak\/tornedalshandske-camouflage-xxl\/","title":{"rendered":"Tornedalshandske &#8211; Camouflage XXL"},"content":{"rendered":"<p>Ekstra forsterket med ekstra godt grep, laget av actionstoff av sv\u00e6rt h\u00f8y kvalitet. Stoffet er b\u00e5de fuktavvisende og vindtett. Hanskene er laget for \u00e5 t\u00e5le kulde og fuktighet, men erstatter ikke hansker.<\/p>\n<p>Hanskene er laget av Vilperi tuote i Finland og av de samme syerskene siden starten rundt 1990. Hanskene inneholder ingen giftige fargestoffer eller kjemikalier. F\u00f4ret best\u00e5r av 50 % ull og 50 % polyester. Innsiden av stoffet har et polyuretanbelegg.   <\/p>\n<p>Ytre m\u00e5l fra gummistrikk til fingertupp:<\/p>\n<p>XXS 11-11,5 cm, XS 12,5-12,8 cm, S 13-13,5 cm, M 13,5-14 cm, L 14,5-15 cm, XL 15,5-16 cm, XXL 16,5-17 cm, XXXL 18-18,5 cm<\/p>\n<p><em>N\u00e5r du bestiller, er refleksb\u00e5ndene ikke alltid n\u00f8yaktig de samme som p\u00e5 bildene. Noen variasjoner kan forekomme. <\/em><\/p>\n<p><strong>PLEIE <\/strong><strong>: Maskinvask <\/strong>p\u00e5 <strong>40 grader<\/strong><strong> eller h\u00e5ndvask <\/strong>. Bruk vaskemiddel <strong>uten blekemiddel og unng\u00e5 t\u00f8ymykner <\/strong>som<strong> <\/strong>t\u00f8ymykneren tetter igjen porene i stoffet, og pusteevnen blir d\u00e5rligere.  <strong>M\u00e5 ikke sentrifugeres eller t\u00f8rkes i t\u00f8rketrommel.<\/strong>  T\u00f8rkeskap kan brukes, men helst ikke med den h\u00f8yeste varmen. Ikke t\u00f8rk hanskene p\u00e5 radiatorer. Hanskene kan <strong>t\u00f8rkes med f\u00f4ret trukket ut.<\/strong>  <\/p>\n","protected":false},"excerpt":{"rendered":"<p>Disse vinterhanskene er sydd for h\u00e5nd som et lokalt h\u00e5ndverk, noe som betyr at det kan forekomme sm\u00e5 forskjeller i st\u00f8rrelsene. <strong>Se<\/strong> <a class=\"popmake-storleksguide\" href=\"#\">v\u00e5r st\u00f8rrelsestabell<\/a> <strong>for<\/strong> \u00e5 <strong>f\u00e5 hjelp til \u00e5 finne st\u00f8rrelsen.<\/strong><\/p>\n<p>M\u00e5l ved \u00e5 legge h\u00e5nden p\u00e5 et bord og ta m\u00e5l fra h\u00e5ndledd til fingertupp, det skal ikke legges til ekstra plass, da vi har tatt hensyn til dette i st\u00f8rrelsestabellen.<\/p>\n","protected":false},"featured_media":83946,"template":"","meta":{"site-sidebar-layout":"default","site-content-layout":"","ast-site-content-layout":"default","site-content-style":"default","site-sidebar-style":"default","ast-global-header-display":"","ast-banner-title-visibility":"","ast-main-header-display":"","ast-hfb-above-header-display":"","ast-hfb-below-header-display":"","ast-hfb-mobile-header-display":"","site-post-title":"","ast-breadcrumbs-content":"","ast-featured-img":"","footer-sml-layout":"","ast-disable-related-posts":"","theme-transparent-header-meta":"default","adv-header-id-meta":"","stick-header-meta":"","header-above-stick-meta":"","header-main-stick-meta":"","header-below-stick-meta":"","astra-migrate-meta-layouts":"default","ast-page-background-enabled":"default","ast-page-background-meta":{"desktop":{"background-color":"var(--ast-global-color-5)","background-image":"","background-repeat":"repeat","background-position":"center center","background-size":"auto","background-attachment":"scroll","background-type":"","background-media":"","overlay-type":"","overlay-color":"","overlay-opacity":"","overlay-gradient":""},"tablet":{"background-color":"","background-image":"","background-repeat":"repeat","background-position":"center center","background-size":"auto","background-attachment":"scroll","background-type":"","background-media":"","overlay-type":"","overlay-color":"","overlay-opacity":"","overlay-gradient":""},"mobile":{"background-color":"","background-image":"","background-repeat":"repeat","background-position":"center center","background-size":"auto","background-attachment":"scroll","background-type":"","background-media":"","overlay-type":"","overlay-color":"","overlay-opacity":"","overlay-gradient":""}},"ast-content-background-meta":{"desktop":{"background-color":"var(--ast-global-color-4)","background-image":"","background-repeat":"repeat","background-position":"center center","background-size":"auto","background-attachment":"scroll","background-type":"","background-media":"","overlay-type":"","overlay-color":"","overlay-opacity":"","overlay-gradient":""},"tablet":{"background-color":"var(--ast-global-color-4)","background-image":"","background-repeat":"repeat","background-position":"center center","background-size":"auto","background-attachment":"scroll","background-type":"","background-media":"","overlay-type":"","overlay-color":"","overlay-opacity":"","overlay-gradient":""},"mobile":{"background-color":"var(--ast-global-color-4)","background-image":"","background-repeat":"repeat","background-position":"center center","background-size":"auto","background-attachment":"scroll","background-type":"","background-media":"","overlay-type":"","overlay-color":"","overlay-opacity":"","overlay-gradient":""}}},"product_brand":[],"product_cat":[254,262],"product_tag":[],"giftcard-category":[],"class_list":{"0":"post-81588","1":"product","2":"type-product","3":"status-publish","4":"has-post-thumbnail","6":"product_cat-barn","7":"product_cat-uttak","8":"desktop-align-left","9":"tablet-align-left","10":"mobile-align-left","12":"first","13":"outofstock","14":"sale","15":"taxable","16":"shipping-taxable","17":"purchasable","18":"product-type-variable"},"yoast_head":"<!-- This site is optimized with the Yoast SEO plugin v27.2 - https:\/\/yoast.com\/product\/yoast-seo-wordpress\/ -->\n<title>Kamuflasjevotter vintervotter vinter for barn laget i Finland<\/title>\n<meta name=\"description\" content=\"Tornedals-hansken er fuktavvisende og har ullf\u00f4r. Vottene er enkle \u00e5 ta p\u00e5 barna og holder hendene varme selv p\u00e5 de kaldeste vinterdagene.\" \/>\n<meta name=\"robots\" content=\"index, follow, max-snippet:-1, max-image-preview:large, max-video-preview:-1\" \/>\n<link rel=\"canonical\" href=\"https:\/\/tornedalens.com\/no\/butik\/barn\/uttak\/tornedalshandske-camouflage-xxl\/\" \/>\n<meta property=\"og:locale\" content=\"nb_NO\" \/>\n<meta property=\"og:type\" content=\"article\" \/>\n<meta property=\"og:title\" content=\"Kamuflasjevotter vintervotter vinter for barn laget i Finland\" \/>\n<meta property=\"og:description\" content=\"Tornedals-hansken er fuktavvisende og har ullf\u00f4r. Vottene er enkle \u00e5 ta p\u00e5 barna og holder hendene varme selv p\u00e5 de kaldeste vinterdagene.\" \/>\n<meta property=\"og:url\" content=\"https:\/\/tornedalens.com\/no\/butik\/barn\/uttak\/tornedalshandske-camouflage-xxl\/\" \/>\n<meta property=\"og:site_name\" content=\"Tornedalens Textil\" \/>\n<meta property=\"article:publisher\" content=\"https:\/\/www.facebook.com\/tornedalenshandskar\" \/>\n<meta property=\"article:modified_time\" content=\"2025-10-05T20:14:53+00:00\" \/>\n<meta property=\"og:image\" content=\"https:\/\/tornedalens.com\/wp-content\/uploads\/2022\/08\/IMG_7626-21.58.36.jpg\" \/>\n\t<meta property=\"og:image:width\" content=\"1566\" \/>\n\t<meta property=\"og:image:height\" content=\"1747\" \/>\n\t<meta property=\"og:image:type\" content=\"image\/jpeg\" \/>\n<meta name=\"twitter:card\" content=\"summary_large_image\" \/>\n<meta name=\"twitter:label1\" content=\"Ansl. lesetid\" \/>\n\t<meta name=\"twitter:data1\" content=\"1 minutt\" \/>\n<script type=\"application\/ld+json\" class=\"yoast-schema-graph\">{\"@context\":\"https:\/\/schema.org\",\"@graph\":[{\"@type\":\"WebPage\",\"@id\":\"https:\/\/tornedalens.com\/no\/butik\/barn\/uttak\/tornedalshandske-camouflage-xxl\/\",\"url\":\"https:\/\/tornedalens.com\/no\/butik\/barn\/uttak\/tornedalshandske-camouflage-xxl\/\",\"name\":\"Kamuflasjevotter vintervotter vinter for barn laget i Finland\",\"isPartOf\":{\"@id\":\"https:\/\/tornedalens.com\/no\/#website\"},\"primaryImageOfPage\":{\"@id\":\"https:\/\/tornedalens.com\/no\/butik\/barn\/uttak\/tornedalshandske-camouflage-xxl\/#primaryimage\"},\"image\":{\"@id\":\"https:\/\/tornedalens.com\/no\/butik\/barn\/uttak\/tornedalshandske-camouflage-xxl\/#primaryimage\"},\"thumbnailUrl\":\"https:\/\/tornedalens.com\/wp-content\/uploads\/2022\/08\/IMG_7626-21.58.36.jpg\",\"datePublished\":\"2022-08-15T19:38:37+00:00\",\"dateModified\":\"2025-10-05T20:14:53+00:00\",\"description\":\"Tornedals-hansken er fuktavvisende og har ullf\u00f4r. Vottene er enkle \u00e5 ta p\u00e5 barna og holder hendene varme selv p\u00e5 de kaldeste vinterdagene.\",\"breadcrumb\":{\"@id\":\"https:\/\/tornedalens.com\/no\/butik\/barn\/uttak\/tornedalshandske-camouflage-xxl\/#breadcrumb\"},\"inLanguage\":\"nb-NO\",\"potentialAction\":[{\"@type\":\"ReadAction\",\"target\":[\"https:\/\/tornedalens.com\/no\/butik\/barn\/uttak\/tornedalshandske-camouflage-xxl\/\"]}]},{\"@type\":\"ImageObject\",\"inLanguage\":\"nb-NO\",\"@id\":\"https:\/\/tornedalens.com\/no\/butik\/barn\/uttak\/tornedalshandske-camouflage-xxl\/#primaryimage\",\"url\":\"https:\/\/tornedalens.com\/wp-content\/uploads\/2022\/08\/IMG_7626-21.58.36.jpg\",\"contentUrl\":\"https:\/\/tornedalens.com\/wp-content\/uploads\/2022\/08\/IMG_7626-21.58.36.jpg\",\"width\":1566,\"height\":1747},{\"@type\":\"BreadcrumbList\",\"@id\":\"https:\/\/tornedalens.com\/no\/butik\/barn\/uttak\/tornedalshandske-camouflage-xxl\/#breadcrumb\",\"itemListElement\":[{\"@type\":\"ListItem\",\"position\":1,\"name\":\"Hem\",\"item\":\"https:\/\/tornedalens.com\/no\/butikk-2\/\"},{\"@type\":\"ListItem\",\"position\":2,\"name\":\"Butikk\",\"item\":\"https:\/\/tornedalens.com\/no\/butikk\/\"},{\"@type\":\"ListItem\",\"position\":3,\"name\":\"Tornedalshandske &#8211; Camouflage XXL\"}]},{\"@type\":\"WebSite\",\"@id\":\"https:\/\/tornedalens.com\/no\/#website\",\"url\":\"https:\/\/tornedalens.com\/no\/\",\"name\":\"Tornedalens Textil\",\"description\":\"Handskar till b\u00e5de barn &amp; vuxna\",\"publisher\":{\"@id\":\"https:\/\/tornedalens.com\/no\/#organization\"},\"potentialAction\":[{\"@type\":\"SearchAction\",\"target\":{\"@type\":\"EntryPoint\",\"urlTemplate\":\"https:\/\/tornedalens.com\/no\/?s={search_term_string}\"},\"query-input\":{\"@type\":\"PropertyValueSpecification\",\"valueRequired\":true,\"valueName\":\"search_term_string\"}}],\"inLanguage\":\"nb-NO\"},{\"@type\":\"Organization\",\"@id\":\"https:\/\/tornedalens.com\/no\/#organization\",\"name\":\"Tornedalens Textil\",\"url\":\"https:\/\/tornedalens.com\/no\/\",\"logo\":{\"@type\":\"ImageObject\",\"inLanguage\":\"nb-NO\",\"@id\":\"https:\/\/tornedalens.com\/no\/#\/schema\/logo\/image\/\",\"url\":\"https:\/\/tornedalens.com\/wp-content\/uploads\/2022\/04\/logo-tornedalens-textil-small.png\",\"contentUrl\":\"https:\/\/tornedalens.com\/wp-content\/uploads\/2022\/04\/logo-tornedalens-textil-small.png\",\"width\":235,\"height\":49,\"caption\":\"Tornedalens Textil\"},\"image\":{\"@id\":\"https:\/\/tornedalens.com\/no\/#\/schema\/logo\/image\/\"},\"sameAs\":[\"https:\/\/www.facebook.com\/tornedalenshandskar\",\"https:\/\/www.instagram.com\/tornedalens.textil\/\"]}]}<\/script>\n<!-- \/ Yoast SEO plugin. -->","yoast_head_json":{"title":"Kamuflasjevotter vintervotter vinter for barn laget i Finland","description":"Tornedals-hansken er fuktavvisende og har ullf\u00f4r. Vottene er enkle \u00e5 ta p\u00e5 barna og holder hendene varme selv p\u00e5 de kaldeste vinterdagene.","robots":{"index":"index","follow":"follow","max-snippet":"max-snippet:-1","max-image-preview":"max-image-preview:large","max-video-preview":"max-video-preview:-1"},"canonical":"https:\/\/tornedalens.com\/no\/butik\/barn\/uttak\/tornedalshandske-camouflage-xxl\/","og_locale":"nb_NO","og_type":"article","og_title":"Kamuflasjevotter vintervotter vinter for barn laget i Finland","og_description":"Tornedals-hansken er fuktavvisende og har ullf\u00f4r. Vottene er enkle \u00e5 ta p\u00e5 barna og holder hendene varme selv p\u00e5 de kaldeste vinterdagene.","og_url":"https:\/\/tornedalens.com\/no\/butik\/barn\/uttak\/tornedalshandske-camouflage-xxl\/","og_site_name":"Tornedalens Textil","article_publisher":"https:\/\/www.facebook.com\/tornedalenshandskar","article_modified_time":"2025-10-05T20:14:53+00:00","og_image":[{"width":1566,"height":1747,"url":"https:\/\/tornedalens.com\/wp-content\/uploads\/2022\/08\/IMG_7626-21.58.36.jpg","type":"image\/jpeg"}],"twitter_card":"summary_large_image","twitter_misc":{"Ansl. lesetid":"1 minutt"},"schema":{"@context":"https:\/\/schema.org","@graph":[{"@type":"WebPage","@id":"https:\/\/tornedalens.com\/no\/butik\/barn\/uttak\/tornedalshandske-camouflage-xxl\/","url":"https:\/\/tornedalens.com\/no\/butik\/barn\/uttak\/tornedalshandske-camouflage-xxl\/","name":"Kamuflasjevotter vintervotter vinter for barn laget i Finland","isPartOf":{"@id":"https:\/\/tornedalens.com\/no\/#website"},"primaryImageOfPage":{"@id":"https:\/\/tornedalens.com\/no\/butik\/barn\/uttak\/tornedalshandske-camouflage-xxl\/#primaryimage"},"image":{"@id":"https:\/\/tornedalens.com\/no\/butik\/barn\/uttak\/tornedalshandske-camouflage-xxl\/#primaryimage"},"thumbnailUrl":"https:\/\/tornedalens.com\/wp-content\/uploads\/2022\/08\/IMG_7626-21.58.36.jpg","datePublished":"2022-08-15T19:38:37+00:00","dateModified":"2025-10-05T20:14:53+00:00","description":"Tornedals-hansken er fuktavvisende og har ullf\u00f4r. Vottene er enkle \u00e5 ta p\u00e5 barna og holder hendene varme selv p\u00e5 de kaldeste vinterdagene.","breadcrumb":{"@id":"https:\/\/tornedalens.com\/no\/butik\/barn\/uttak\/tornedalshandske-camouflage-xxl\/#breadcrumb"},"inLanguage":"nb-NO","potentialAction":[{"@type":"ReadAction","target":["https:\/\/tornedalens.com\/no\/butik\/barn\/uttak\/tornedalshandske-camouflage-xxl\/"]}]},{"@type":"ImageObject","inLanguage":"nb-NO","@id":"https:\/\/tornedalens.com\/no\/butik\/barn\/uttak\/tornedalshandske-camouflage-xxl\/#primaryimage","url":"https:\/\/tornedalens.com\/wp-content\/uploads\/2022\/08\/IMG_7626-21.58.36.jpg","contentUrl":"https:\/\/tornedalens.com\/wp-content\/uploads\/2022\/08\/IMG_7626-21.58.36.jpg","width":1566,"height":1747},{"@type":"BreadcrumbList","@id":"https:\/\/tornedalens.com\/no\/butik\/barn\/uttak\/tornedalshandske-camouflage-xxl\/#breadcrumb","itemListElement":[{"@type":"ListItem","position":1,"name":"Hem","item":"https:\/\/tornedalens.com\/no\/butikk-2\/"},{"@type":"ListItem","position":2,"name":"Butikk","item":"https:\/\/tornedalens.com\/no\/butikk\/"},{"@type":"ListItem","position":3,"name":"Tornedalshandske &#8211; Camouflage XXL"}]},{"@type":"WebSite","@id":"https:\/\/tornedalens.com\/no\/#website","url":"https:\/\/tornedalens.com\/no\/","name":"Tornedalens Textil","description":"Handskar till b\u00e5de barn &amp; vuxna","publisher":{"@id":"https:\/\/tornedalens.com\/no\/#organization"},"potentialAction":[{"@type":"SearchAction","target":{"@type":"EntryPoint","urlTemplate":"https:\/\/tornedalens.com\/no\/?s={search_term_string}"},"query-input":{"@type":"PropertyValueSpecification","valueRequired":true,"valueName":"search_term_string"}}],"inLanguage":"nb-NO"},{"@type":"Organization","@id":"https:\/\/tornedalens.com\/no\/#organization","name":"Tornedalens Textil","url":"https:\/\/tornedalens.com\/no\/","logo":{"@type":"ImageObject","inLanguage":"nb-NO","@id":"https:\/\/tornedalens.com\/no\/#\/schema\/logo\/image\/","url":"https:\/\/tornedalens.com\/wp-content\/uploads\/2022\/04\/logo-tornedalens-textil-small.png","contentUrl":"https:\/\/tornedalens.com\/wp-content\/uploads\/2022\/04\/logo-tornedalens-textil-small.png","width":235,"height":49,"caption":"Tornedalens Textil"},"image":{"@id":"https:\/\/tornedalens.com\/no\/#\/schema\/logo\/image\/"},"sameAs":["https:\/\/www.facebook.com\/tornedalenshandskar","https:\/\/www.instagram.com\/tornedalens.textil\/"]}]}},"_links":{"self":[{"href":"https:\/\/tornedalens.com\/no\/wp-json\/wp\/v2\/product\/81588","targetHints":{"allow":["GET"]}}],"collection":[{"href":"https:\/\/tornedalens.com\/no\/wp-json\/wp\/v2\/product"}],"about":[{"href":"https:\/\/tornedalens.com\/no\/wp-json\/wp\/v2\/types\/product"}],"version-history":[{"count":0,"href":"https:\/\/tornedalens.com\/no\/wp-json\/wp\/v2\/product\/81588\/revisions"}],"wp:featuredmedia":[{"embeddable":true,"href":"https:\/\/tornedalens.com\/no\/wp-json\/wp\/v2\/media\/83946"}],"wp:attachment":[{"href":"https:\/\/tornedalens.com\/no\/wp-json\/wp\/v2\/media?parent=81588"}],"wp:term":[{"taxonomy":"product_brand","embeddable":true,"href":"https:\/\/tornedalens.com\/no\/wp-json\/wp\/v2\/product_brand?post=81588"},{"taxonomy":"product_cat","embeddable":true,"href":"https:\/\/tornedalens.com\/no\/wp-json\/wp\/v2\/product_cat?post=81588"},{"taxonomy":"product_tag","embeddable":true,"href":"https:\/\/tornedalens.com\/no\/wp-json\/wp\/v2\/product_tag?post=81588"},{"taxonomy":"giftcard-category","embeddable":true,"href":"https:\/\/tornedalens.com\/no\/wp-json\/wp\/v2\/giftcard-category?post=81588"}],"curies":[{"name":"wp","href":"https:\/\/api.w.org\/{rel}","templated":true}]}}