{"id":81545,"date":"2022-09-06T10:31:25","date_gmt":"2022-09-06T08:31:25","guid":{"rendered":"https:\/\/tornedalens.com\/retningslinjer-for-personvern\/"},"modified":"2022-09-06T10:31:25","modified_gmt":"2022-09-06T08:31:25","slug":"retningslinjer-for-personvern","status":"publish","type":"page","link":"https:\/\/tornedalens.com\/no\/retningslinjer-for-personvern\/","title":{"rendered":"Retningslinjer for personvern"},"content":{"rendered":"<p>[et_pb_section fb_built=&raquo;1&#8243; _builder_version=&raquo;3.22&#8243; custom_padding=&raquo;54px|8px|0|0px|false|false&raquo; global_colors_info=&raquo;{}&raquo;][et_pb_row column_structure=&raquo;2_3,1_3&#8243; _builder_version=&raquo;3.25&#8243; background_size=&raquo;initial&raquo; background_position=&raquo;top_left&raquo; background_repeat=&raquo;repeat&raquo; custom_padding=&raquo;27px|0px|0|0px|false|false&raquo; global_colors_info=&raquo;{}&raquo;][et_pb_column type=&raquo;2_3&#8243; _builder_version=&raquo;3.25&#8243; custom_padding=&raquo;|||&raquo; global_colors_info=&raquo;{}&raquo; custom_padding__hover=&raquo;|||&raquo;][et_pb_text admin_label=&raquo;K\u00f6pvillkor&raquo; _builder_version=&raquo;4.10.6&#8243; global_colors_info=&raquo;{}&raquo;]<\/p>\n<h1>Retningslinjer for personvern<\/h1>\n<p>I denne personvernerkl\u00e6ringen forklarer vi hvilken informasjon vi samler inn fra deg, hvorfor vi samler den inn og hvordan vi beskytter den.<\/p>\n<p>GDPR (General Data Protection Regulation) tr\u00e5dte i kraft 25. mai 2018 og gir deg som registrert blant annet rett til \u00e5:<br \/>F\u00e5 vite hvilke personopplysninger selskapet lagrer om deg, og hvorfor de lagres. Du har ogs\u00e5 rett til \u00e5 f\u00e5 vite hvor lenge selskaper oppbevarer opplysninger om deg, og til \u00e5 be om at de slettes.<\/p>\n<p>&nbsp;<\/p>\n<h2><strong>Hvem vi er<\/strong><\/h2>\n<p>Tornedalens Textil org.nr 559108-5146 med adresse Stationsgatan 19D, 97337 Haparanda er behandlingsansvarlig for alle personopplysninger som du oppgir\/skapes av v\u00e5re systemer, n\u00e5r du handler i nettbutikken: tornedalens.com.<br \/>Hvis du har et generelt sp\u00f8rsm\u00e5l om nettsiden, behandlingen av dine personopplysninger, \u00f8nsker at vi skal avregistrere dem eller har andre bekymringer, kan du sende oss en e-post til textil.tornedalens@gmail.com.<\/p>\n<p>&nbsp;<\/p>\n<h2><strong>Tilgang til personopplysninger<\/strong><\/h2>\n<p>Dine personopplysninger behandles av oss og de eksterne leverand\u00f8rene, s\u00e5kalte databehandlere, som vi engasjerer for \u00e5 oppfylle v\u00e5re forpliktelser overfor deg, som er:<br \/>1. Logistikkselskaper.<br \/>2. IT-tjenester (selskaper som h\u00e5ndterer n\u00f8dvendig drift, teknisk support og vedlikehold<br \/>av v\u00e5re IT-l\u00f8sninger).<\/p>\n<p>Uavhengige behandlingsansvarlige som vi deler personopplysningene dine med er:<br \/>1. Swedbank Pay og Swedbank som leverand\u00f8r av v\u00e5rt kassasystem.<br \/>2. Offentlige myndigheter hvis vi er p\u00e5lagt \u00e5 gj\u00f8re det i henhold til lov eller ved mistanke<br \/>om en straffbar handling.<\/p>\n<p>&nbsp;<\/p>\n<h2><strong>Slik beskytter vi informasjonen din<\/strong><\/h2>\n<p>Bare de selskapene som faktisk trenger \u00e5 behandle personopplysningene dine for at vi skal kunne oppfylle de form\u00e5lene vi har oppgitt, har f\u00e5tt tilgang til dem.<\/p>\n<h2><\/h2>\n<h2><strong>Personopplysninger<\/strong><\/h2>\n<p>N\u00e5r du legger inn en bestilling p\u00e5 tornedalens.com, samler vi inn f\u00f8lgende personopplysninger:<br \/>* For- og etternavn<br \/>&#8211; Postadresse<br \/>&#8211; E-postadresse<br \/>&#8211; Mobilnummer<br \/>For \u00e5 oppfylle forbrukerkj\u00f8pslovens bestemmelser om angrerett og reklamasjon, lagrer vi ogs\u00e5:<br \/>&#8211; Bestillingsnummer<br \/>&#8211; Pakkenummer<br \/>&#8211; Bestillingsdata (artikkel, farge, st\u00f8rrelse, pris, etc.)<br \/>&#8211; Pris-\/betalingsinformasjon<br \/>&#8211; Kundenummer<\/p>\n<p>&nbsp;<\/p>\n<h2><strong>Lagringsperiode<\/strong><\/h2>\n<p>Personopplysningene dine lagres enten s\u00e5 lenge kontoen din varer, eller s\u00e5 lenge det er n\u00f8dvendig for \u00e5 kunne tilby deg tjenestene v\u00e5re.<br \/>Bruk av informasjonskapsler<br \/>Informasjonskapsler er sm\u00e5 datafiler som ofte lagres p\u00e5 enheten din n\u00e5r du bes\u00f8ker bestemte nettsteder, slik at du ikke trenger \u00e5 oppgi den samme informasjonen hver gang du bes\u00f8ker et nettsted. For at du skal f\u00e5 en best mulig opplevelse n\u00e5r du bes\u00f8ker tornedalens.com, m\u00e5 enheten din godta bruken av informasjonskapsler.<br \/>Du kan nekte bruk av informasjonskapsler via nettleserinnstillingene dine, men da vil enkelte funksjoner p\u00e5 nettstedet ikke fungere.<\/p>\n<p>[\/et_pb_text][\/et_pb_column][et_pb_column type=&raquo;1_3&#8243; _builder_version=&raquo;3.25&#8243; custom_padding=&raquo;|||&raquo; global_colors_info=&raquo;{}&raquo; custom_padding__hover=&raquo;|||&raquo;][\/et_pb_column][\/et_pb_row][\/et_pb_section]<\/p>\n","protected":false},"excerpt":{"rendered":"<p>[et_pb_section fb_built=&raquo;1&#8243; _builder_version=&raquo;3.22&#8243; custom_padding=&raquo;54px|8px|0|0px|false|false&raquo; global_colors_info=&raquo;{}&raquo;][et_pb_row column_structure=&raquo;2_3,1_3&#8243; _builder_version=&raquo;3.25&#8243; background_size=&raquo;initial&raquo; background_position=&raquo;top_left&raquo; background_repeat=&raquo;repeat&raquo; custom_padding=&raquo;27px|0px|0|0px|false|false&raquo; global_colors_info=&raquo;{}&raquo;][et_pb_column type=&raquo;2_3&#8243; _builder_version=&raquo;3.25&#8243; custom_padding=&raquo;|||&raquo; global_colors_info=&raquo;{}&raquo; custom_padding__hover=&raquo;|||&raquo;][et_pb_text admin_label=&raquo;K\u00f6pvillkor&raquo; _builder_version=&raquo;4.10.6&#8243; global_colors_info=&raquo;{}&raquo;] [&hellip;]<\/p>\n","protected":false},"author":1,"featured_media":0,"parent":0,"menu_order":0,"comment_status":"closed","ping_status":"closed","template":"","meta":{"site-sidebar-layout":"default","site-content-layout":"","ast-site-content-layout":"default","site-content-style":"default","site-sidebar-style":"default","ast-global-header-display":"","ast-banner-title-visibility":"","ast-main-header-display":"","ast-hfb-above-header-display":"","ast-hfb-below-header-display":"","ast-hfb-mobile-header-display":"","site-post-title":"","ast-breadcrumbs-content":"","ast-featured-img":"","footer-sml-layout":"","ast-disable-related-posts":"","theme-transparent-header-meta":"","adv-header-id-meta":"","stick-header-meta":"","header-above-stick-meta":"","header-main-stick-meta":"","header-below-stick-meta":"","astra-migrate-meta-layouts":"default","ast-page-background-enabled":"default","ast-page-background-meta":{"desktop":{"background-color":"var(--ast-global-color-5)","background-image":"","background-repeat":"repeat","background-position":"center center","background-size":"auto","background-attachment":"scroll","background-type":"","background-media":"","overlay-type":"","overlay-color":"","overlay-opacity":"","overlay-gradient":""},"tablet":{"background-color":"","background-image":"","background-repeat":"repeat","background-position":"center center","background-size":"auto","background-attachment":"scroll","background-type":"","background-media":"","overlay-type":"","overlay-color":"","overlay-opacity":"","overlay-gradient":""},"mobile":{"background-color":"","background-image":"","background-repeat":"repeat","background-position":"center center","background-size":"auto","background-attachment":"scroll","background-type":"","background-media":"","overlay-type":"","overlay-color":"","overlay-opacity":"","overlay-gradient":""}},"ast-content-background-meta":{"desktop":{"background-color":"var(--ast-global-color-4)","background-image":"","background-repeat":"repeat","background-position":"center center","background-size":"auto","background-attachment":"scroll","background-type":"","background-media":"","overlay-type":"","overlay-color":"","overlay-opacity":"","overlay-gradient":""},"tablet":{"background-color":"var(--ast-global-color-4)","background-image":"","background-repeat":"repeat","background-position":"center center","background-size":"auto","background-attachment":"scroll","background-type":"","background-media":"","overlay-type":"","overlay-color":"","overlay-opacity":"","overlay-gradient":""},"mobile":{"background-color":"var(--ast-global-color-4)","background-image":"","background-repeat":"repeat","background-position":"center center","background-size":"auto","background-attachment":"scroll","background-type":"","background-media":"","overlay-type":"","overlay-color":"","overlay-opacity":"","overlay-gradient":""}},"footnotes":""},"class_list":["post-81545","page","type-page","status-publish","hentry"],"yoast_head":"<!-- This site is optimized with the Yoast SEO plugin v27.2 - https:\/\/yoast.com\/product\/yoast-seo-wordpress\/ -->\n<title>Retningslinjer for personvern - Tornedalens Textil<\/title>\n<meta name=\"robots\" content=\"index, follow, max-snippet:-1, max-image-preview:large, max-video-preview:-1\" \/>\n<link rel=\"canonical\" href=\"https:\/\/tornedalens.com\/no\/retningslinjer-for-personvern\/\" \/>\n<meta property=\"og:locale\" content=\"nb_NO\" \/>\n<meta property=\"og:type\" content=\"article\" \/>\n<meta property=\"og:title\" content=\"Retningslinjer for personvern - Tornedalens Textil\" \/>\n<meta property=\"og:description\" content=\"[et_pb_section fb_built=&raquo;1&#8243; _builder_version=&raquo;3.22&#8243; custom_padding=&raquo;54px|8px|0|0px|false|false&raquo; global_colors_info=&raquo;{}&raquo;][et_pb_row column_structure=&raquo;2_3,1_3&#8243; _builder_version=&raquo;3.25&#8243; background_size=&raquo;initial&raquo; background_position=&raquo;top_left&raquo; background_repeat=&raquo;repeat&raquo; custom_padding=&raquo;27px|0px|0|0px|false|false&raquo; global_colors_info=&raquo;{}&raquo;][et_pb_column type=&raquo;2_3&#8243; _builder_version=&raquo;3.25&#8243; custom_padding=&raquo;|||&raquo; global_colors_info=&raquo;{}&raquo; custom_padding__hover=&raquo;|||&raquo;][et_pb_text admin_label=&raquo;K\u00f6pvillkor&raquo; _builder_version=&raquo;4.10.6&#8243; global_colors_info=&raquo;{}&raquo;] [&hellip;]\" \/>\n<meta property=\"og:url\" content=\"https:\/\/tornedalens.com\/no\/retningslinjer-for-personvern\/\" \/>\n<meta property=\"og:site_name\" content=\"Tornedalens Textil\" \/>\n<meta property=\"article:publisher\" content=\"https:\/\/www.facebook.com\/tornedalenshandskar\" \/>\n<meta name=\"twitter:card\" content=\"summary_large_image\" \/>\n<meta name=\"twitter:label1\" content=\"Ansl. lesetid\" \/>\n\t<meta name=\"twitter:data1\" content=\"3 minutter\" \/>\n<script type=\"application\/ld+json\" class=\"yoast-schema-graph\">{\"@context\":\"https:\/\/schema.org\",\"@graph\":[{\"@type\":\"WebPage\",\"@id\":\"https:\/\/tornedalens.com\/no\/retningslinjer-for-personvern\/\",\"url\":\"https:\/\/tornedalens.com\/no\/retningslinjer-for-personvern\/\",\"name\":\"Retningslinjer for personvern - Tornedalens Textil\",\"isPartOf\":{\"@id\":\"https:\/\/tornedalens.com\/no\/#website\"},\"datePublished\":\"2022-09-06T08:31:25+00:00\",\"breadcrumb\":{\"@id\":\"https:\/\/tornedalens.com\/no\/retningslinjer-for-personvern\/#breadcrumb\"},\"inLanguage\":\"nb-NO\",\"potentialAction\":[{\"@type\":\"ReadAction\",\"target\":[\"https:\/\/tornedalens.com\/no\/retningslinjer-for-personvern\/\"]}]},{\"@type\":\"BreadcrumbList\",\"@id\":\"https:\/\/tornedalens.com\/no\/retningslinjer-for-personvern\/#breadcrumb\",\"itemListElement\":[{\"@type\":\"ListItem\",\"position\":1,\"name\":\"Hem\",\"item\":\"https:\/\/tornedalens.com\/no\/butikk-2\/\"},{\"@type\":\"ListItem\",\"position\":2,\"name\":\"Retningslinjer for personvern\"}]},{\"@type\":\"WebSite\",\"@id\":\"https:\/\/tornedalens.com\/no\/#website\",\"url\":\"https:\/\/tornedalens.com\/no\/\",\"name\":\"Tornedalens Textil\",\"description\":\"Handskar till b\u00e5de barn &amp; vuxna\",\"publisher\":{\"@id\":\"https:\/\/tornedalens.com\/no\/#organization\"},\"potentialAction\":[{\"@type\":\"SearchAction\",\"target\":{\"@type\":\"EntryPoint\",\"urlTemplate\":\"https:\/\/tornedalens.com\/no\/?s={search_term_string}\"},\"query-input\":{\"@type\":\"PropertyValueSpecification\",\"valueRequired\":true,\"valueName\":\"search_term_string\"}}],\"inLanguage\":\"nb-NO\"},{\"@type\":\"Organization\",\"@id\":\"https:\/\/tornedalens.com\/no\/#organization\",\"name\":\"Tornedalens Textil\",\"url\":\"https:\/\/tornedalens.com\/no\/\",\"logo\":{\"@type\":\"ImageObject\",\"inLanguage\":\"nb-NO\",\"@id\":\"https:\/\/tornedalens.com\/no\/#\/schema\/logo\/image\/\",\"url\":\"https:\/\/tornedalens.com\/wp-content\/uploads\/2022\/04\/logo-tornedalens-textil-small.png\",\"contentUrl\":\"https:\/\/tornedalens.com\/wp-content\/uploads\/2022\/04\/logo-tornedalens-textil-small.png\",\"width\":235,\"height\":49,\"caption\":\"Tornedalens Textil\"},\"image\":{\"@id\":\"https:\/\/tornedalens.com\/no\/#\/schema\/logo\/image\/\"},\"sameAs\":[\"https:\/\/www.facebook.com\/tornedalenshandskar\",\"https:\/\/www.instagram.com\/tornedalens.textil\/\"]}]}<\/script>\n<!-- \/ Yoast SEO plugin. -->","yoast_head_json":{"title":"Retningslinjer for personvern - Tornedalens Textil","robots":{"index":"index","follow":"follow","max-snippet":"max-snippet:-1","max-image-preview":"max-image-preview:large","max-video-preview":"max-video-preview:-1"},"canonical":"https:\/\/tornedalens.com\/no\/retningslinjer-for-personvern\/","og_locale":"nb_NO","og_type":"article","og_title":"Retningslinjer for personvern - Tornedalens Textil","og_description":"[et_pb_section fb_built=&raquo;1&#8243; _builder_version=&raquo;3.22&#8243; custom_padding=&raquo;54px|8px|0|0px|false|false&raquo; global_colors_info=&raquo;{}&raquo;][et_pb_row column_structure=&raquo;2_3,1_3&#8243; _builder_version=&raquo;3.25&#8243; background_size=&raquo;initial&raquo; background_position=&raquo;top_left&raquo; background_repeat=&raquo;repeat&raquo; custom_padding=&raquo;27px|0px|0|0px|false|false&raquo; global_colors_info=&raquo;{}&raquo;][et_pb_column type=&raquo;2_3&#8243; _builder_version=&raquo;3.25&#8243; custom_padding=&raquo;|||&raquo; global_colors_info=&raquo;{}&raquo; custom_padding__hover=&raquo;|||&raquo;][et_pb_text admin_label=&raquo;K\u00f6pvillkor&raquo; _builder_version=&raquo;4.10.6&#8243; global_colors_info=&raquo;{}&raquo;] [&hellip;]","og_url":"https:\/\/tornedalens.com\/no\/retningslinjer-for-personvern\/","og_site_name":"Tornedalens Textil","article_publisher":"https:\/\/www.facebook.com\/tornedalenshandskar","twitter_card":"summary_large_image","twitter_misc":{"Ansl. lesetid":"3 minutter"},"schema":{"@context":"https:\/\/schema.org","@graph":[{"@type":"WebPage","@id":"https:\/\/tornedalens.com\/no\/retningslinjer-for-personvern\/","url":"https:\/\/tornedalens.com\/no\/retningslinjer-for-personvern\/","name":"Retningslinjer for personvern - Tornedalens Textil","isPartOf":{"@id":"https:\/\/tornedalens.com\/no\/#website"},"datePublished":"2022-09-06T08:31:25+00:00","breadcrumb":{"@id":"https:\/\/tornedalens.com\/no\/retningslinjer-for-personvern\/#breadcrumb"},"inLanguage":"nb-NO","potentialAction":[{"@type":"ReadAction","target":["https:\/\/tornedalens.com\/no\/retningslinjer-for-personvern\/"]}]},{"@type":"BreadcrumbList","@id":"https:\/\/tornedalens.com\/no\/retningslinjer-for-personvern\/#breadcrumb","itemListElement":[{"@type":"ListItem","position":1,"name":"Hem","item":"https:\/\/tornedalens.com\/no\/butikk-2\/"},{"@type":"ListItem","position":2,"name":"Retningslinjer for personvern"}]},{"@type":"WebSite","@id":"https:\/\/tornedalens.com\/no\/#website","url":"https:\/\/tornedalens.com\/no\/","name":"Tornedalens Textil","description":"Handskar till b\u00e5de barn &amp; vuxna","publisher":{"@id":"https:\/\/tornedalens.com\/no\/#organization"},"potentialAction":[{"@type":"SearchAction","target":{"@type":"EntryPoint","urlTemplate":"https:\/\/tornedalens.com\/no\/?s={search_term_string}"},"query-input":{"@type":"PropertyValueSpecification","valueRequired":true,"valueName":"search_term_string"}}],"inLanguage":"nb-NO"},{"@type":"Organization","@id":"https:\/\/tornedalens.com\/no\/#organization","name":"Tornedalens Textil","url":"https:\/\/tornedalens.com\/no\/","logo":{"@type":"ImageObject","inLanguage":"nb-NO","@id":"https:\/\/tornedalens.com\/no\/#\/schema\/logo\/image\/","url":"https:\/\/tornedalens.com\/wp-content\/uploads\/2022\/04\/logo-tornedalens-textil-small.png","contentUrl":"https:\/\/tornedalens.com\/wp-content\/uploads\/2022\/04\/logo-tornedalens-textil-small.png","width":235,"height":49,"caption":"Tornedalens Textil"},"image":{"@id":"https:\/\/tornedalens.com\/no\/#\/schema\/logo\/image\/"},"sameAs":["https:\/\/www.facebook.com\/tornedalenshandskar","https:\/\/www.instagram.com\/tornedalens.textil\/"]}]}},"_links":{"self":[{"href":"https:\/\/tornedalens.com\/no\/wp-json\/wp\/v2\/pages\/81545","targetHints":{"allow":["GET"]}}],"collection":[{"href":"https:\/\/tornedalens.com\/no\/wp-json\/wp\/v2\/pages"}],"about":[{"href":"https:\/\/tornedalens.com\/no\/wp-json\/wp\/v2\/types\/page"}],"author":[{"embeddable":true,"href":"https:\/\/tornedalens.com\/no\/wp-json\/wp\/v2\/users\/1"}],"replies":[{"embeddable":true,"href":"https:\/\/tornedalens.com\/no\/wp-json\/wp\/v2\/comments?post=81545"}],"version-history":[{"count":0,"href":"https:\/\/tornedalens.com\/no\/wp-json\/wp\/v2\/pages\/81545\/revisions"}],"wp:attachment":[{"href":"https:\/\/tornedalens.com\/no\/wp-json\/wp\/v2\/media?parent=81545"}],"curies":[{"name":"wp","href":"https:\/\/api.w.org\/{rel}","templated":true}]}}