{"id":81256,"date":"2017-10-25T08:27:48","date_gmt":"2017-10-25T06:27:48","guid":{"rendered":"https:\/\/tornedalens.com\/vilkar-for-kjop\/"},"modified":"2017-10-25T08:27:48","modified_gmt":"2017-10-25T06:27:48","slug":"vilkar-for-kjop","status":"publish","type":"page","link":"https:\/\/tornedalens.com\/no\/vilkar-for-kjop\/","title":{"rendered":"Vilk\u00e5r for kj\u00f8p"},"content":{"rendered":"<p><strong>KJ\u00d8PSVILK\u00c5R<\/strong><br \/>\nTORNEDALENS TEXTIL med organisasjonsnummer 559108-5146 f\u00f8lger den svenske forbrukerkj\u00f8psloven og fjernsalgsloven.<br \/>\n&#8211; Ved \u00e5 legge inn en bestilling p\u00e5 TORNEDALENS TEXTIL garanterer du at du er minst 18 \u00e5r gammel eller har foreldrenes tillatelse til \u00e5 handle hos oss.<br \/>\n&#8211; Prisen gjelder for den dato du legger inn din bestilling.<br \/>\n&#8211; Fraktkostnaden er beregnet f\u00f8r du bekrefter kj\u00f8pet.<br \/>\n&#8211; Alle priser er svenske kroner inkludert moms.<br \/>\n&#8211; Vi bruker Swedbank Pay som kasseleverand\u00f8r, og personopplysningene som deles behandles i henhold til https:\/\/www.swedbankpay.se\/dataskydd.<br \/>\n&#8211; V\u00e6r oppmerksom p\u00e5 at vi kun sender innen Sverige og Norge. Sjekk ordrebekreftelsen for \u00e5 forsikre deg om at eventuelle navn er stavet riktig og at st\u00f8rrelsene er korrekte. Vi er ikke ansvarlige for en tapt forsendelse hvis du som kunde har oppgitt feil adresse.<\/p>\n<p>-Tornedalens Textil tar forbehold om at fargegjengivelsen kan variere mellom ulike datamaskiner og skjermer.<\/p>\n<p><strong>Leveringstid<\/strong><br \/>\nLeveringstiden er vanligvis 1-5 virkedager fra bestillingsdato.<\/p>\n<p><strong>Bekreftelse<\/strong><br \/>\nN\u00e5r vi mottar din bestilling, vil TORNEDALENS TEXTIL sende deg en bekreftelse p\u00e5<br \/>\nmed informasjon om din bestilling.<\/p>\n<p><strong>Betalingsalternativer<\/strong><br \/>\nDu kan betale bestillingen din med:<br \/>\n&#8211; Swish &#8211; Kort &#8211; Bankoverf\u00f8ring<\/p>\n<p><strong>Informasjon om angrerett<\/strong><br \/>\nI henhold til fjernsalgs- og d\u00f8rsalgsloven har du som forbruker (dette gjelder ikke for bedrifter) rett til \u00e5 g\u00e5 fra avtalen ved \u00e5 gi oss beskjed om dette innen 14 dager etter at du har mottatt varen. For \u00e5 benytte deg av angreretten m\u00e5 du returnere varen i uskadet stand. For \u00e5 benytte deg av angreretten, vennligst kontakt oss p\u00e5 info@tornedalens.com.<\/p>\n<p><strong>Retur eller bytte<\/strong><\/p>\n<p>Returnerte varer m\u00e5 v\u00e6re helt ubrukte, produktetikettene m\u00e5 sitte p\u00e5 og hanskene m\u00e5 ikke v\u00e6re merket med navn. Hanskene m\u00e5 alltid v\u00e6re salgbare, rene, uvaskede og i samme stand som et nytt produkt.<\/p>\n<p>Send en e-post til <a href=\"mailto:info@tornedalens.com\">info@tornedalens.com<\/a>, s\u00e5 f\u00e5r du en gratis qr-kode for returen som du viser p\u00e5 postkontoret. F\u00f8r en refusjon foretas, vil Tornedalens Textil kontrollere at produktet er i original stand. <strong>Ordrenummeret m\u00e5 alltid oppgis ved bytte eller retur.<\/strong><br \/>\n&#8211; For pakker som ikke er hentet p\u00e5 postkontoret innen 14 dager,<br \/>\nTORNEDALENS TEXTIL forbeholder seg retten til \u00e5 belaste deg et ekspedisjonsgebyr for \u00e5 dekke<br \/>\nreturfrakt og selskapets administrative kostnader.<br \/>\n&#8211; For \u00e5 unng\u00e5 eventuelle skader p\u00e5 produktet, vennligst ta kontakt med oss. tollgebyr hvis du returnerer fra utlandet, b\u00f8r du<br \/>\nmerke pakken tydelig med &laquo;returvarer&raquo;. TORNEDALENS TEXTIL er ikke ansvarlig for eventuelle ekstra returgebyrer<br \/>\nsom m\u00e5tte p\u00e5l\u00f8pe.<\/p>\n<h3>Bytes<\/h3>\n<p>Hvis du \u00f8nsker \u00e5 bytte til et annet produkt, kontakter du TORNEDALENS TEXTIL for \u00e5 f\u00e5 en qr-kode, og deretter legger du inn en ny bestilling p\u00e5 nettsiden for det du \u00f8nsker \u00e5 bytte til.  <strong>Ordrenummeret m\u00e5 alltid oppgis ved bytte eller retur.<\/strong><\/p>\n<p><strong>Frakt<\/strong><br \/>\nFraktkostnaden beregnes i kassen f\u00f8r du bekrefter kj\u00f8pet.<\/p>\n<p><strong>Reklamasjoner<\/strong><br \/>\nEn reklamasjon er en produksjonsfeil eller defekt i produktet. Hvis du \u00f8nsker \u00e5 reklamere, m\u00e5 du kontakte oss s\u00e5 snart som mulig, det er ikke mulig \u00e5 reklamere p\u00e5 normal slitasje eller feil stell\/bruk av hanskene. For \u00e5 kunne reklamere m\u00e5 feilen v\u00e6re opprinnelig, det vil si at den m\u00e5 ha eksistert da du mottok varen. Du kan ikke ha for\u00e5rsaket feilen selv.<\/p>\n<p><strong>Transportskader<\/strong><br \/>\nHvis produktet g\u00e5r tapt, eller du ved mottakelsen oppdager at produktet har blitt skadet under transporten, m\u00e5 du straks melde fra til TORNEDALENS TEXTIL.<br \/>\nHvis pakken har synlige ytre skader, m\u00e5 du straks melde fra om dette til utleveringsfirmaet og f\u00e5 det dokumentert.<\/p>\n<p><strong>Tilleggsinformasjon<\/strong><br \/>\nTORNEDALENS TEXTIL forbeholder seg retten til \u00e5 endre all informasjon, priser,<br \/>\ntekniske spesifikasjoner, kj\u00f8psbetingelser og produkttilbud uten forutg\u00e5ende<br \/>\nvarsel. I tilfelle et produkt er utsolgt, har TORNEDALENS TEXTIL rett til \u00e5 kansellere bestillingen og refundere eventuelle innbetalte bel\u00f8p. TORNEDALENS TEXTIL skal ogs\u00e5 informere kunden dersom et erstatningsprodukt eller tilsvarende produkt er tilgjengelig.<\/p>\n<p>&nbsp;<\/p>\n","protected":false},"excerpt":{"rendered":"<p>KJ\u00d8PSVILK\u00c5R TORNEDALENS TEXTIL med organisasjonsnummer 559108-5146 f\u00f8lger den svenske forbrukerkj\u00f8psloven og fjernsalgsloven. &#8211; Ved \u00e5 legge inn en bestilling p\u00e5 [&hellip;]<\/p>\n","protected":false},"author":1,"featured_media":0,"parent":0,"menu_order":0,"comment_status":"closed","ping_status":"closed","template":"","meta":{"site-sidebar-layout":"default","site-content-layout":"","ast-site-content-layout":"default","site-content-style":"default","site-sidebar-style":"default","ast-global-header-display":"","ast-banner-title-visibility":"","ast-main-header-display":"","ast-hfb-above-header-display":"","ast-hfb-below-header-display":"","ast-hfb-mobile-header-display":"","site-post-title":"","ast-breadcrumbs-content":"","ast-featured-img":"","footer-sml-layout":"","ast-disable-related-posts":"","theme-transparent-header-meta":"default","adv-header-id-meta":"","stick-header-meta":"","header-above-stick-meta":"","header-main-stick-meta":"","header-below-stick-meta":"","astra-migrate-meta-layouts":"default","ast-page-background-enabled":"default","ast-page-background-meta":{"desktop":{"background-color":"var(--ast-global-color-5)","background-image":"","background-repeat":"repeat","background-position":"center center","background-size":"auto","background-attachment":"scroll","background-type":"","background-media":"","overlay-type":"","overlay-color":"","overlay-opacity":"","overlay-gradient":""},"tablet":{"background-color":"","background-image":"","background-repeat":"repeat","background-position":"center center","background-size":"auto","background-attachment":"scroll","background-type":"","background-media":"","overlay-type":"","overlay-color":"","overlay-opacity":"","overlay-gradient":""},"mobile":{"background-color":"","background-image":"","background-repeat":"repeat","background-position":"center center","background-size":"auto","background-attachment":"scroll","background-type":"","background-media":"","overlay-type":"","overlay-color":"","overlay-opacity":"","overlay-gradient":""}},"ast-content-background-meta":{"desktop":{"background-color":"var(--ast-global-color-4)","background-image":"","background-repeat":"repeat","background-position":"center center","background-size":"auto","background-attachment":"scroll","background-type":"","background-media":"","overlay-type":"","overlay-color":"","overlay-opacity":"","overlay-gradient":""},"tablet":{"background-color":"var(--ast-global-color-4)","background-image":"","background-repeat":"repeat","background-position":"center center","background-size":"auto","background-attachment":"scroll","background-type":"","background-media":"","overlay-type":"","overlay-color":"","overlay-opacity":"","overlay-gradient":""},"mobile":{"background-color":"var(--ast-global-color-4)","background-image":"","background-repeat":"repeat","background-position":"center center","background-size":"auto","background-attachment":"scroll","background-type":"","background-media":"","overlay-type":"","overlay-color":"","overlay-opacity":"","overlay-gradient":""}},"footnotes":""},"class_list":["post-81256","page","type-page","status-publish","hentry"],"yoast_head":"<!-- This site is optimized with the Yoast SEO plugin v27.2 - https:\/\/yoast.com\/product\/yoast-seo-wordpress\/ -->\n<title>Vilk\u00e5r for kj\u00f8p - Tornedalens Textil<\/title>\n<meta name=\"robots\" content=\"index, follow, max-snippet:-1, max-image-preview:large, max-video-preview:-1\" \/>\n<link rel=\"canonical\" href=\"https:\/\/tornedalens.com\/no\/vilkar-for-kjop\/\" \/>\n<meta property=\"og:locale\" content=\"nb_NO\" \/>\n<meta property=\"og:type\" content=\"article\" \/>\n<meta property=\"og:title\" content=\"Vilk\u00e5r for kj\u00f8p - Tornedalens Textil\" \/>\n<meta property=\"og:description\" content=\"KJ\u00d8PSVILK\u00c5R TORNEDALENS TEXTIL med organisasjonsnummer 559108-5146 f\u00f8lger den svenske forbrukerkj\u00f8psloven og fjernsalgsloven. &#8211; Ved \u00e5 legge inn en bestilling p\u00e5 [&hellip;]\" \/>\n<meta property=\"og:url\" content=\"https:\/\/tornedalens.com\/no\/vilkar-for-kjop\/\" \/>\n<meta property=\"og:site_name\" content=\"Tornedalens Textil\" \/>\n<meta property=\"article:publisher\" content=\"https:\/\/www.facebook.com\/tornedalenshandskar\" \/>\n<meta name=\"twitter:card\" content=\"summary_large_image\" \/>\n<meta name=\"twitter:label1\" content=\"Ansl. lesetid\" \/>\n\t<meta name=\"twitter:data1\" content=\"3 minutter\" \/>\n<script type=\"application\/ld+json\" class=\"yoast-schema-graph\">{\"@context\":\"https:\/\/schema.org\",\"@graph\":[{\"@type\":\"WebPage\",\"@id\":\"https:\/\/tornedalens.com\/no\/vilkar-for-kjop\/\",\"url\":\"https:\/\/tornedalens.com\/no\/vilkar-for-kjop\/\",\"name\":\"Vilk\u00e5r for kj\u00f8p - Tornedalens Textil\",\"isPartOf\":{\"@id\":\"https:\/\/tornedalens.com\/no\/#website\"},\"datePublished\":\"2017-10-25T06:27:48+00:00\",\"breadcrumb\":{\"@id\":\"https:\/\/tornedalens.com\/no\/vilkar-for-kjop\/#breadcrumb\"},\"inLanguage\":\"nb-NO\",\"potentialAction\":[{\"@type\":\"ReadAction\",\"target\":[\"https:\/\/tornedalens.com\/no\/vilkar-for-kjop\/\"]}]},{\"@type\":\"BreadcrumbList\",\"@id\":\"https:\/\/tornedalens.com\/no\/vilkar-for-kjop\/#breadcrumb\",\"itemListElement\":[{\"@type\":\"ListItem\",\"position\":1,\"name\":\"Hem\",\"item\":\"https:\/\/tornedalens.com\/no\/butikk-2\/\"},{\"@type\":\"ListItem\",\"position\":2,\"name\":\"Vilk\u00e5r for kj\u00f8p\"}]},{\"@type\":\"WebSite\",\"@id\":\"https:\/\/tornedalens.com\/no\/#website\",\"url\":\"https:\/\/tornedalens.com\/no\/\",\"name\":\"Tornedalens Textil\",\"description\":\"Handskar till b\u00e5de barn &amp; vuxna\",\"publisher\":{\"@id\":\"https:\/\/tornedalens.com\/no\/#organization\"},\"potentialAction\":[{\"@type\":\"SearchAction\",\"target\":{\"@type\":\"EntryPoint\",\"urlTemplate\":\"https:\/\/tornedalens.com\/no\/?s={search_term_string}\"},\"query-input\":{\"@type\":\"PropertyValueSpecification\",\"valueRequired\":true,\"valueName\":\"search_term_string\"}}],\"inLanguage\":\"nb-NO\"},{\"@type\":\"Organization\",\"@id\":\"https:\/\/tornedalens.com\/no\/#organization\",\"name\":\"Tornedalens Textil\",\"url\":\"https:\/\/tornedalens.com\/no\/\",\"logo\":{\"@type\":\"ImageObject\",\"inLanguage\":\"nb-NO\",\"@id\":\"https:\/\/tornedalens.com\/no\/#\/schema\/logo\/image\/\",\"url\":\"https:\/\/tornedalens.com\/wp-content\/uploads\/2022\/04\/logo-tornedalens-textil-small.png\",\"contentUrl\":\"https:\/\/tornedalens.com\/wp-content\/uploads\/2022\/04\/logo-tornedalens-textil-small.png\",\"width\":235,\"height\":49,\"caption\":\"Tornedalens Textil\"},\"image\":{\"@id\":\"https:\/\/tornedalens.com\/no\/#\/schema\/logo\/image\/\"},\"sameAs\":[\"https:\/\/www.facebook.com\/tornedalenshandskar\",\"https:\/\/www.instagram.com\/tornedalens.textil\/\"]}]}<\/script>\n<!-- \/ Yoast SEO plugin. -->","yoast_head_json":{"title":"Vilk\u00e5r for kj\u00f8p - Tornedalens Textil","robots":{"index":"index","follow":"follow","max-snippet":"max-snippet:-1","max-image-preview":"max-image-preview:large","max-video-preview":"max-video-preview:-1"},"canonical":"https:\/\/tornedalens.com\/no\/vilkar-for-kjop\/","og_locale":"nb_NO","og_type":"article","og_title":"Vilk\u00e5r for kj\u00f8p - Tornedalens Textil","og_description":"KJ\u00d8PSVILK\u00c5R TORNEDALENS TEXTIL med organisasjonsnummer 559108-5146 f\u00f8lger den svenske forbrukerkj\u00f8psloven og fjernsalgsloven. &#8211; Ved \u00e5 legge inn en bestilling p\u00e5 [&hellip;]","og_url":"https:\/\/tornedalens.com\/no\/vilkar-for-kjop\/","og_site_name":"Tornedalens Textil","article_publisher":"https:\/\/www.facebook.com\/tornedalenshandskar","twitter_card":"summary_large_image","twitter_misc":{"Ansl. lesetid":"3 minutter"},"schema":{"@context":"https:\/\/schema.org","@graph":[{"@type":"WebPage","@id":"https:\/\/tornedalens.com\/no\/vilkar-for-kjop\/","url":"https:\/\/tornedalens.com\/no\/vilkar-for-kjop\/","name":"Vilk\u00e5r for kj\u00f8p - Tornedalens Textil","isPartOf":{"@id":"https:\/\/tornedalens.com\/no\/#website"},"datePublished":"2017-10-25T06:27:48+00:00","breadcrumb":{"@id":"https:\/\/tornedalens.com\/no\/vilkar-for-kjop\/#breadcrumb"},"inLanguage":"nb-NO","potentialAction":[{"@type":"ReadAction","target":["https:\/\/tornedalens.com\/no\/vilkar-for-kjop\/"]}]},{"@type":"BreadcrumbList","@id":"https:\/\/tornedalens.com\/no\/vilkar-for-kjop\/#breadcrumb","itemListElement":[{"@type":"ListItem","position":1,"name":"Hem","item":"https:\/\/tornedalens.com\/no\/butikk-2\/"},{"@type":"ListItem","position":2,"name":"Vilk\u00e5r for kj\u00f8p"}]},{"@type":"WebSite","@id":"https:\/\/tornedalens.com\/no\/#website","url":"https:\/\/tornedalens.com\/no\/","name":"Tornedalens Textil","description":"Handskar till b\u00e5de barn &amp; vuxna","publisher":{"@id":"https:\/\/tornedalens.com\/no\/#organization"},"potentialAction":[{"@type":"SearchAction","target":{"@type":"EntryPoint","urlTemplate":"https:\/\/tornedalens.com\/no\/?s={search_term_string}"},"query-input":{"@type":"PropertyValueSpecification","valueRequired":true,"valueName":"search_term_string"}}],"inLanguage":"nb-NO"},{"@type":"Organization","@id":"https:\/\/tornedalens.com\/no\/#organization","name":"Tornedalens Textil","url":"https:\/\/tornedalens.com\/no\/","logo":{"@type":"ImageObject","inLanguage":"nb-NO","@id":"https:\/\/tornedalens.com\/no\/#\/schema\/logo\/image\/","url":"https:\/\/tornedalens.com\/wp-content\/uploads\/2022\/04\/logo-tornedalens-textil-small.png","contentUrl":"https:\/\/tornedalens.com\/wp-content\/uploads\/2022\/04\/logo-tornedalens-textil-small.png","width":235,"height":49,"caption":"Tornedalens Textil"},"image":{"@id":"https:\/\/tornedalens.com\/no\/#\/schema\/logo\/image\/"},"sameAs":["https:\/\/www.facebook.com\/tornedalenshandskar","https:\/\/www.instagram.com\/tornedalens.textil\/"]}]}},"_links":{"self":[{"href":"https:\/\/tornedalens.com\/no\/wp-json\/wp\/v2\/pages\/81256","targetHints":{"allow":["GET"]}}],"collection":[{"href":"https:\/\/tornedalens.com\/no\/wp-json\/wp\/v2\/pages"}],"about":[{"href":"https:\/\/tornedalens.com\/no\/wp-json\/wp\/v2\/types\/page"}],"author":[{"embeddable":true,"href":"https:\/\/tornedalens.com\/no\/wp-json\/wp\/v2\/users\/1"}],"replies":[{"embeddable":true,"href":"https:\/\/tornedalens.com\/no\/wp-json\/wp\/v2\/comments?post=81256"}],"version-history":[{"count":0,"href":"https:\/\/tornedalens.com\/no\/wp-json\/wp\/v2\/pages\/81256\/revisions"}],"wp:attachment":[{"href":"https:\/\/tornedalens.com\/no\/wp-json\/wp\/v2\/media?parent=81256"}],"curies":[{"name":"wp","href":"https:\/\/api.w.org\/{rel}","templated":true}]}}